{"id":33461,"date":"2021-12-31T10:09:38","date_gmt":"2021-12-31T09:09:38","guid":{"rendered":"https:\/\/www.raquelwellness.es\/contacta-amb-nosaltres\/"},"modified":"2021-12-31T10:09:39","modified_gmt":"2021-12-31T09:09:39","slug":"contacta-amb-nosaltres","status":"publish","type":"page","link":"https:\/\/www.raquelwellness.es\/ca\/contacta-amb-nosaltres\/","title":{"rendered":"Contacta amb nosaltres"},"content":{"rendered":"<p>[et_pb_section fb_built=&#8221;1&#8243; _builder_version=&#8221;4.0.2&#8243; background_image=&#8221;https:\/\/www.raquelwellness.es\/wp-content\/uploads\/2019\/10\/fondo.jpg&#8221; animation_style=&#8221;fade&#8221;][et_pb_row column_structure=&#8221;3_5,2_5&#8243; _builder_version=&#8221;4.0.2&#8243; background_color=&#8221;rgba(255,255,255,0.81)&#8221; custom_padding=&#8221;|10px||10px|false|true&#8221;][et_pb_column type=&#8221;3_5&#8243; _builder_version=&#8221;4.0.2&#8243;][et_pb_text _builder_version=&#8221;4.0.2&#8243;]<\/p>\n<h1><strong>CONTACTA AMB NOSALTRES<\/strong><\/h1>\n<p>[\/et_pb_text][et_pb_text _builder_version=&#8221;4.5.1&#8243; text_text_color=&#8221;#000000&#8243; hover_enabled=&#8221;0&#8243;]<\/p>\n<p>Estem treballant en un nou sal\u00f3 de bellesa al centre de Cubelles, atents a novetats. Ara com ara, i a causa de la situaci\u00f3 de COVID-19, et seguirem atenent a Cubelles per\u00f2 amb cita pr\u00e8via.<\/p>\n<p>&nbsp;<\/p>\n<p>[\/et_pb_text][et_pb_text _builder_version=&#8221;4.5.1&#8243; text_text_color=&#8221;#000000&#8243; hover_enabled=&#8221;0&#8243;]<\/p>\n<p>Tamb\u00e9 oferim serveis de <strong>Depilaci\u00f3 L\u00e0ser Diode<\/strong> en col\u00b7laboraci\u00f3 amb altres centres, a altres localitats: <strong>Torredembarra, El Vendrell, Cunit (Tarragona) i Gav\u00e0 (Barcelona)<\/strong><\/p>\n<p>&nbsp;<\/p>\n<p>[\/et_pb_text][et_pb_button button_url=&#8221;https:\/\/goo.gl\/maps\/pAQtiRqvwMmcCNf98&#8243; url_new_window=&#8221;on&#8221; button_text=&#8221;Veure mapa&#8221; _builder_version=&#8221;4.5.1&#8243; custom_button=&#8221;on&#8221; hover_enabled=&#8221;0&#8243;][\/et_pb_button][\/et_pb_column][et_pb_column type=&#8221;2_5&#8243; _builder_version=&#8221;4.0.2&#8243;][et_pb_image src=&#8221;https:\/\/www.raquelwellness.es\/wp-content\/uploads\/2020\/01\/Header-image5.jpg&#8221; align=&#8221;center&#8221; _builder_version=&#8221;4.5.1&#8243; hover_enabled=&#8221;0&#8243; border_radii=&#8221;on|10px|10px|10px|10px&#8221; title_text=&#8221;Header-image5&#8243;][\/et_pb_image][\/et_pb_column][\/et_pb_row][et_pb_row column_structure=&#8221;3_5,2_5&#8243; _builder_version=&#8221;4.0.2&#8243;][et_pb_column type=&#8221;3_5&#8243; _builder_version=&#8221;4.0.2&#8243;][et_pb_text _builder_version=&#8221;4.0.2&#8243;]<\/p>\n<h2><strong>DEIXA&#8217;NS UN MISSATGE<\/strong><\/h2>\n<p>[\/et_pb_text][et_pb_contact_form admin_label=&#8221;Formulario de contacto&#8221; _builder_version=&#8221;4.0.1&#8243; custom_button=&#8221;on&#8221; button_text_color=&#8221;#000000&#8243; button_border_color=&#8221;#000000&#8243; button_text_size_tablet=&#8221;&#8221; button_text_size_phone=&#8221;15px&#8221; button_text_size_last_edited=&#8221;on|phone&#8221;][et_pb_contact_field field_id=&#8221;Name&#8221; field_title=&#8221;Nom&#8221; fullwidth_field=&#8221;on&#8221; _builder_version=&#8221;3.29.3&#8243; button_text_size__hover_enabled=&#8221;off&#8221; button_one_text_size__hover_enabled=&#8221;off&#8221; button_two_text_size__hover_enabled=&#8221;off&#8221; button_text_color__hover_enabled=&#8221;off&#8221; button_one_text_color__hover_enabled=&#8221;off&#8221; button_two_text_color__hover_enabled=&#8221;off&#8221; button_border_width__hover_enabled=&#8221;off&#8221; button_one_border_width__hover_enabled=&#8221;off&#8221; button_two_border_width__hover_enabled=&#8221;off&#8221; button_border_color__hover_enabled=&#8221;off&#8221; button_one_border_color__hover_enabled=&#8221;off&#8221; button_two_border_color__hover_enabled=&#8221;off&#8221; button_border_radius__hover_enabled=&#8221;off&#8221; button_one_border_radius__hover_enabled=&#8221;off&#8221; button_two_border_radius__hover_enabled=&#8221;off&#8221; button_letter_spacing__hover_enabled=&#8221;off&#8221; button_one_letter_spacing__hover_enabled=&#8221;off&#8221; button_two_letter_spacing__hover_enabled=&#8221;off&#8221; button_bg_color__hover_enabled=&#8221;off&#8221; button_one_bg_color__hover_enabled=&#8221;off&#8221; button_two_bg_color__hover_enabled=&#8221;off&#8221;][\/et_pb_contact_field][et_pb_contact_field field_id=&#8221;Email&#8221; field_title=&#8221;Adre\u00e7a Electr\u00f2nica&#8221; field_type=&#8221;email&#8221; _builder_version=&#8221;3.16&#8243; button_text_size__hover_enabled=&#8221;off&#8221; button_one_text_size__hover_enabled=&#8221;off&#8221; button_two_text_size__hover_enabled=&#8221;off&#8221; button_text_color__hover_enabled=&#8221;off&#8221; button_one_text_color__hover_enabled=&#8221;off&#8221; button_two_text_color__hover_enabled=&#8221;off&#8221; button_border_width__hover_enabled=&#8221;off&#8221; button_one_border_width__hover_enabled=&#8221;off&#8221; button_two_border_width__hover_enabled=&#8221;off&#8221; button_border_color__hover_enabled=&#8221;off&#8221; button_one_border_color__hover_enabled=&#8221;off&#8221; button_two_border_color__hover_enabled=&#8221;off&#8221; button_border_radius__hover_enabled=&#8221;off&#8221; button_one_border_radius__hover_enabled=&#8221;off&#8221; button_two_border_radius__hover_enabled=&#8221;off&#8221; button_letter_spacing__hover_enabled=&#8221;off&#8221; button_one_letter_spacing__hover_enabled=&#8221;off&#8221; button_two_letter_spacing__hover_enabled=&#8221;off&#8221; button_bg_color__hover_enabled=&#8221;off&#8221; button_one_bg_color__hover_enabled=&#8221;off&#8221; button_two_bg_color__hover_enabled=&#8221;off&#8221;][\/et_pb_contact_field][et_pb_contact_field field_id=&#8221;Telefono&#8221; field_title=&#8221;Tel\u00e8fon&#8221; _builder_version=&#8221;3.29.3&#8243;][\/et_pb_contact_field][et_pb_contact_field field_id=&#8221;Message&#8221; field_title=&#8221;Missatge&#8221; field_type=&#8221;text&#8221; fullwidth_field=&#8221;on&#8221; _builder_version=&#8221;3.16&#8243; button_text_size__hover_enabled=&#8221;off&#8221; button_one_text_size__hover_enabled=&#8221;off&#8221; button_two_text_size__hover_enabled=&#8221;off&#8221; button_text_color__hover_enabled=&#8221;off&#8221; button_one_text_color__hover_enabled=&#8221;off&#8221; button_two_text_color__hover_enabled=&#8221;off&#8221; button_border_width__hover_enabled=&#8221;off&#8221; button_one_border_width__hover_enabled=&#8221;off&#8221; button_two_border_width__hover_enabled=&#8221;off&#8221; button_border_color__hover_enabled=&#8221;off&#8221; button_one_border_color__hover_enabled=&#8221;off&#8221; button_two_border_color__hover_enabled=&#8221;off&#8221; button_border_radius__hover_enabled=&#8221;off&#8221; button_one_border_radius__hover_enabled=&#8221;off&#8221; button_two_border_radius__hover_enabled=&#8221;off&#8221; button_letter_spacing__hover_enabled=&#8221;off&#8221; button_one_letter_spacing__hover_enabled=&#8221;off&#8221; button_two_letter_spacing__hover_enabled=&#8221;off&#8221; button_bg_color__hover_enabled=&#8221;off&#8221; button_one_bg_color__hover_enabled=&#8221;off&#8221; button_two_bg_color__hover_enabled=&#8221;off&#8221;][\/et_pb_contact_field][\/et_pb_contact_form][\/et_pb_column][et_pb_column type=&#8221;2_5&#8243; _builder_version=&#8221;4.0.2&#8243;][et_pb_text _builder_version=&#8221;4.0.2&#8243;]<\/p>\n<h2 style=\"text-align: right;\"><b>ALTRES FORMES DE CONTACTE<\/b><\/h2>\n<p>[\/et_pb_text][et_pb_text _builder_version=&#8221;4.0.11&#8243; text_orientation=&#8221;right&#8221;]<\/p>\n<h3><span class=\"fas fa-phone\"><\/span>&nbsp;TEL\u00c8FON<\/h3>\n<p><a href=\"tel:+34658858508\">+34 658 858 508<\/a><\/p>\n<h3><span class=\"fab fa-whatsapp\"><\/span>&nbsp;WHATSAPP<\/h3>\n<p><a href=\"https:\/\/api.whatsapp.com\/send?phone=34658858508\" target=\"_blank\" rel=\"noopener noreferrer\">+34 658 858 508<\/a><\/p>\n<h3><span class=\"fas fa-envelope\"><\/span>&nbsp;EMAIL<\/h3>\n<p><a href=\"mailto:hola@raquelwellness.es\">hola@raquelwellness.es<\/a><\/p>\n<h3><span class=\"fab fa-facebook\"><\/span>&nbsp;FACEBOOK<\/h3>\n<p><a href=\"https:\/\/www.facebook.com\/raquelwellness.es\" target=\"_blank\" rel=\"noopener noreferrer\">@raquelwellness.es<\/a><\/p>\n<h3><span class=\"fab fa-instagram\"><\/span>&nbsp;INSTAGRAM<\/h3>\n<p><a href=\"https:\/\/www.instagram.com\/raquelwellness.es\" target=\"_blank\" rel=\"noopener noreferrer\">@raquelwellness.es<\/a><\/p>\n<h3><span class=\"fab fa-google\"><\/span>&nbsp;GOOGLE<\/h3>\n<p><a href=\"https:\/\/g.page\/raquelwellness\/review?mp\" target=\"_blank\" rel=\"noopener noreferrer\">Wellness by Raquel Romero<\/a><\/p>\n<p>[\/et_pb_text][\/et_pb_column][\/et_pb_row][et_pb_row module_id=&#8221;contactoHome&#8221; _builder_version=&#8221;4.0.1&#8243; custom_padding=&#8221;37px|||||&#8221;][et_pb_column type=&#8221;4_4&#8243; _builder_version=&#8221;3.29.3&#8243;][et_pb_image src=&#8221;https:\/\/www.raquelwellness.es\/wp-content\/uploads\/2019\/10\/logo_generico-01.png&#8221; align=&#8221;center&#8221; _builder_version=&#8221;4.0.2&#8243; max_height=&#8221;100px&#8221;][\/et_pb_image][\/et_pb_column][\/et_pb_row][\/et_pb_section]<\/p>\n","protected":false},"excerpt":{"rendered":"<p>CONTACTA AMB NOSALTRESEstem treballant en un nou sal\u00f3 de bellesa al centre de Cubelles, atents a novetats. Ara com ara, i a causa de la situaci\u00f3 de COVID-19, et seguirem atenent a Cubelles per\u00f2 amb cita pr\u00e8via. &nbsp; Tamb\u00e9 oferim serveis de Depilaci\u00f3 L\u00e0ser Diode en col\u00b7laboraci\u00f3 amb altres centres, a altres localitats: Torredembarra, El [&hellip;]<\/p>\n","protected":false},"author":1,"featured_media":0,"parent":0,"menu_order":0,"comment_status":"closed","ping_status":"closed","template":"","meta":{"_et_pb_use_builder":"on","_et_pb_old_content":"","_et_gb_content_width":"","footnotes":""},"class_list":["post-33461","page","type-page","status-publish","hentry"],"_links":{"self":[{"href":"https:\/\/www.raquelwellness.es\/ca\/wp-json\/wp\/v2\/pages\/33461","targetHints":{"allow":["GET"]}}],"collection":[{"href":"https:\/\/www.raquelwellness.es\/ca\/wp-json\/wp\/v2\/pages"}],"about":[{"href":"https:\/\/www.raquelwellness.es\/ca\/wp-json\/wp\/v2\/types\/page"}],"author":[{"embeddable":true,"href":"https:\/\/www.raquelwellness.es\/ca\/wp-json\/wp\/v2\/users\/1"}],"replies":[{"embeddable":true,"href":"https:\/\/www.raquelwellness.es\/ca\/wp-json\/wp\/v2\/comments?post=33461"}],"version-history":[{"count":2,"href":"https:\/\/www.raquelwellness.es\/ca\/wp-json\/wp\/v2\/pages\/33461\/revisions"}],"predecessor-version":[{"id":33463,"href":"https:\/\/www.raquelwellness.es\/ca\/wp-json\/wp\/v2\/pages\/33461\/revisions\/33463"}],"wp:attachment":[{"href":"https:\/\/www.raquelwellness.es\/ca\/wp-json\/wp\/v2\/media?parent=33461"}],"curies":[{"name":"wp","href":"https:\/\/api.w.org\/{rel}","templated":true}]}}