{"id":33478,"date":"2021-12-31T10:28:15","date_gmt":"2021-12-31T09:28:15","guid":{"rendered":"https:\/\/www.raquelwellness.es\/depilacio-laser-cera-cubelles\/"},"modified":"2021-12-31T10:28:17","modified_gmt":"2021-12-31T09:28:17","slug":"depilacio-laser-cera-cubelles","status":"publish","type":"page","link":"https:\/\/www.raquelwellness.es\/ca\/depilacio-laser-cera-cubelles\/","title":{"rendered":"Depilaci\u00f3 L\u00e0ser i Cera a Cubelles"},"content":{"rendered":"\n[et_pb_section fb_built=&#8221;1&#8243; _builder_version=&#8221;4.2.2&#8243; background_color=&#8221;rgba(0,0,0,0)&#8221; background_image=&#8221;https:\/\/www.raquelwellness.es\/wp-content\/uploads\/2019\/10\/fondo_depi1-01.png&#8221; animation_style=&#8221;fade&#8221; animation_duration=&#8221;250ms&#8221;][et_pb_row column_structure=&#8221;2_5,3_5&#8243; _builder_version=&#8221;4.0.1&#8243;][et_pb_column type=&#8221;2_5&#8243; _builder_version=&#8221;4.0.1&#8243;][et_pb_image src=&#8221;https:\/\/www.raquelwellness.es\/wp-content\/uploads\/2019\/10\/DEPILACION.jpg&#8221; _builder_version=&#8221;4.0.1&#8243; max_height=&#8221;500px&#8221; border_radii=&#8221;on|25px|25px|25px|25px&#8221;][\/et_pb_image][\/et_pb_column][et_pb_column type=&#8221;3_5&#8243; _builder_version=&#8221;4.0.1&#8243;][et_pb_image src=&#8221;https:\/\/www.raquelwellness.es\/wp-content\/uploads\/2019\/10\/logo_depilacion-01.png&#8221; align=&#8221;right&#8221; _builder_version=&#8221;4.0.1&#8243; max_height=&#8221;105px&#8221;][\/et_pb_image][et_pb_text _builder_version=&#8221;4.6.1&#8243; text_font=&#8221;Montserrat||||||||&#8221; text_text_color=&#8221;#000000&#8243; text_letter_spacing=&#8221;4px&#8221; header_font=&#8221;||||||||&#8221; header_text_align=&#8221;right&#8221; hover_enabled=&#8221;0&#8243; sticky_enabled=&#8221;0&#8243;]<h1><strong>DEPILACI\u00d3 L\u00c0SER A CUBELLES<strong><\/strong><\/strong><\/h1>\n[\/et_pb_text][et_pb_text _builder_version=&#8221;4.0.1&#8243; text_text_color=&#8221;#000000&#8243; text_font_size=&#8221;18px&#8221; text_orientation=&#8221;right&#8221;]<p>ACOMIADA&#8217;T DELS TEUS P\u00c8LS I GAUDEIX D&#8217;UNA PELL TAN SUAU COM LA SEDA<\/p>[\/et_pb_text][et_pb_text _builder_version=&#8221;4.6.1&#8243; text_text_color=&#8221;#000000&#8243; text_orientation=&#8221;right&#8221; hover_enabled=&#8221;0&#8243; sticky_enabled=&#8221;0&#8243;]<p>Llueix una pell sedosa amb la nostra depilaci\u00f3 l\u00e0ser i cera, al nostre centre a Cubelles disposem d&#8217;un l\u00e0ser d\u00edode d&#8217;\u00faltima tecnologia d&#8217;Asirox.<\/p>\n[\/et_pb_text][\/et_pb_column][\/et_pb_row][et_pb_row column_structure=&#8221;3_5,2_5&#8243; _builder_version=&#8221;4.2.2&#8243; animation_style=&#8221;fade&#8221;][et_pb_column type=&#8221;3_5&#8243; _builder_version=&#8221;4.0.1&#8243;][et_pb_text _builder_version=&#8221;4.6.1&#8243; text_font=&#8221;Montserrat||||||||&#8221; text_text_color=&#8221;#000000&#8243; text_letter_spacing=&#8221;4px&#8221; header_font=&#8221;||||||||&#8221; header_text_align=&#8221;right&#8221; hover_enabled=&#8221;0&#8243; sticky_enabled=&#8221;0&#8243;]<h2><strong>DEPILACI\u00d3 L\u00c0SER DIODE<strong><\/strong><\/strong><\/h2>\n[\/et_pb_text][et_pb_text _builder_version=&#8221;4.0.1&#8243; text_text_color=&#8221;#000000&#8243;]<p>Prova la depilaci\u00f3 definitiva, de la m\u00e0 de <strong>Wellness by Raquel Romero<\/strong> i amb la <strong>garantia, tranquilitat<\/strong> i la <strong>seguretat<\/strong> de ser tractat\/da por una formadora autoritzada de <strong>Asirox<\/strong>, que coneix la millor manera de treballar per a cada tipus de pell, ens adaptem a tu. Som professionals.<\/p>[\/et_pb_text][et_pb_text _builder_version=&#8221;4.6.1&#8243; text_text_color=&#8221;#000000&#8243; hover_enabled=&#8221;0&#8243; sticky_enabled=&#8221;0&#8243;]<p>Les nostres tarifes s\u00f3n clares, cada zona t\u00e9 un preu, tu tries la zona i pagues cada sessi\u00f3 que et fem. Tenim <strong>descomptes<\/strong>combinant zones o depilant el cos sencer.<\/p>\n[\/et_pb_text][\/et_pb_column][et_pb_column type=&#8221;2_5&#8243; _builder_version=&#8221;4.0.1&#8243;][et_pb_image src=&#8221;https:\/\/www.raquelwellness.es\/wp-content\/uploads\/2019\/10\/B2B.jpg&#8221; align=&#8221;right&#8221; _builder_version=&#8221;4.0.1&#8243; max_height=&#8221;250px&#8221; border_radii=&#8221;on|20px|20px|20px|20px&#8221;][\/et_pb_image][\/et_pb_column][\/et_pb_row][et_pb_row column_structure=&#8221;1_2,1_2&#8243; _builder_version=&#8221;4.2.2&#8243; custom_margin=&#8221;0px||||false|false&#8221; custom_padding=&#8221;0px||||false|false&#8221;][et_pb_column type=&#8221;1_2&#8243; _builder_version=&#8221;4.2.2&#8243; background_color=&#8221;rgba(255,255,255,0.09)&#8221; custom_padding=&#8221;10px|10px|10px|10px|true|true&#8221; animation_style=&#8221;slide&#8221; border_radii=&#8221;on|10px|10px|10px|10px&#8221;][et_pb_text _builder_version=&#8221;4.0.1&#8243; text_orientation=&#8221;center&#8221; custom_margin=&#8221;13px|||||&#8221;]<h3><strong>ZONA PETITA<\/strong><\/h3>[\/et_pb_text][et_pb_text _builder_version=&#8221;4.0.1&#8243; text_text_color=&#8221;#000000&#8243; text_orientation=&#8221;center&#8221; min_height=&#8221;90px&#8221;]<p>Llavi Superior, Ment\u00f3, Patilles, Peus, Mans, Areola, Perianal<\/p>[\/et_pb_text][\/et_pb_column][et_pb_column type=&#8221;1_2&#8243; _builder_version=&#8221;4.2.2&#8243; background_color=&#8221;rgba(255,255,255,0.09)&#8221; custom_padding=&#8221;10px|10px|10px|10px|true|true&#8221; animation_style=&#8221;slide&#8221; border_radii=&#8221;on|10px|10px|10px|10px&#8221;][et_pb_text _builder_version=&#8221;4.0.1&#8243; text_orientation=&#8221;center&#8221; custom_margin=&#8221;13px|||||&#8221;]<h3><strong>ZONA MITJANA<\/strong><\/h3>[\/et_pb_text][et_pb_text _builder_version=&#8221;4.6.1&#8243; text_text_color=&#8221;#000000&#8243; text_orientation=&#8221;center&#8221; min_height=&#8221;90px&#8221; hover_enabled=&#8221;0&#8243; sticky_enabled=&#8221;0&#8243;]<p>Mitges cames, Engonals, Aixelles, Abdomen, T\u00f2rax, Esquena, Lumbar, Glutis, Facial, Bra\u00e7os<\/p>\n[\/et_pb_text][\/et_pb_column][\/et_pb_row][et_pb_row _builder_version=&#8221;4.0.1&#8243;][et_pb_column type=&#8221;4_4&#8243; _builder_version=&#8221;4.0.1&#8243;][et_pb_cta title=&#8221;AGRUPA ZONES I ESTALVIA&#8221; button_text=&#8221;Clics&#8221; _builder_version=&#8221;4.2.2&#8243; header_text_color=&#8221;#000000&#8243; body_text_color=&#8221;#000000&#8243; use_background_color=&#8221;off&#8221; background_layout=&#8221;light&#8221; custom_padding=&#8221;30px||||false|false&#8221; animation_style=&#8221;bounce&#8221; border_width_all=&#8221;4px&#8221; border_color_all=&#8221;#000000&#8243; border_style_all=&#8221;double&#8221;]<p>T&#8217;oferim un preu redu\u00eft si combines 4 zones mitjanes, o si per contra decideixes depilar-te el cos sencer<\/p>[\/et_pb_cta][et_pb_button button_url=&#8221;@ET-DC@eyJkeW5hbWljIjp0cnVlLCJjb250ZW50IjoicG9zdF9saW5rX3VybF9wYWdlIiwic2V0dGluZ3MiOnsicG9zdF9pZCI6IjI4NTE1In19@&#8221; button_text=&#8221;Vull m\u00e9s informaci\u00f3&#8221; button_alignment=&#8221;right&#8221; _builder_version=&#8221;4.2.2&#8243; _dynamic_attributes=&#8221;button_url&#8221;][\/et_pb_button][\/et_pb_column][\/et_pb_row][et_pb_row column_structure=&#8221;3_5,2_5&#8243; _builder_version=&#8221;4.0.1&#8243;][et_pb_column type=&#8221;3_5&#8243; _builder_version=&#8221;4.0.1&#8243;][et_pb_text _builder_version=&#8221;4.0.1&#8243; text_font=&#8221;Montserrat||||||||&#8221; text_text_color=&#8221;#000000&#8243; text_letter_spacing=&#8221;4px&#8221; header_font=&#8221;||||||||&#8221; header_text_align=&#8221;right&#8221;]<h2><strong>DEPILACI\u00d3 CERA<strong><\/h2>[\/et_pb_text][et_pb_text _builder_version=&#8221;4.6.1&#8243; text_text_color=&#8221;#000000&#8243; hover_enabled=&#8221;0&#8243; sticky_enabled=&#8221;0&#8243;]<p>A <strong>Wellness By Raquel Romero, el teu centre d&#8217;est\u00e8tica a Cubelles<\/strong> tenim una gran experi\u00e8ncia en depilaci\u00f3 tradicional amb ceres calentes i\/o t\u00e8bies, depenent de cada cas.<\/p>\n<p>Utilitzem productes naturals i d&#8217;alta qualitat, els aplicarem amb cura per aconseguir una experi\u00e8ncia agradable i no fer malb\u00e9 la teva pell.<\/p>\n[\/et_pb_text][et_pb_text _builder_version=&#8221;4.6.1&#8243; text_text_color=&#8221;#000000&#8243; hover_enabled=&#8221;0&#8243; sticky_enabled=&#8221;0&#8243;]<p>Tarifes clares, tria la teva zona, o combina per aconseguir un millor preu.<\/p>\n[\/et_pb_text][\/et_pb_column][et_pb_column type=&#8221;2_5&#8243; _builder_version=&#8221;4.0.1&#8243;][et_pb_image src=&#8221;https:\/\/www.raquelwellness.es\/wp-content\/uploads\/2019\/10\/B2C2-01.jpg&#8221; align=&#8221;right&#8221; _builder_version=&#8221;4.0.1&#8243; max_height=&#8221;278px&#8221; border_radii=&#8221;on|20px|20px|20px|20px&#8221;][\/et_pb_image][\/et_pb_column][\/et_pb_row][et_pb_row column_structure=&#8221;1_3,1_3,1_3&#8243; _builder_version=&#8221;4.2.2&#8243; custom_margin=&#8221;0px||||false|false&#8221; custom_padding=&#8221;0px||||false|false&#8221;][et_pb_column type=&#8221;1_3&#8243; _builder_version=&#8221;4.2.2&#8243; background_color=&#8221;rgba(255,255,255,0.09)&#8221; custom_padding=&#8221;10px|10px|10px|10px|true|true&#8221; animation_style=&#8221;slide&#8221; border_radii=&#8221;on|10px|10px|10px|10px&#8221;][et_pb_text _builder_version=&#8221;4.0.1&#8243; text_orientation=&#8221;center&#8221; custom_margin=&#8221;13px|||||&#8221;]<h3><strong>ZONA PETITA<\/strong><\/h3>[\/et_pb_text][et_pb_text _builder_version=&#8221;4.0.1&#8243; text_text_color=&#8221;#000000&#8243; text_orientation=&#8221;center&#8221; min_height=&#8221;100px&#8221;]<p>Rep\u00e0s de celles, Llavi Superior, Engonals Bikini, Perianal<\/p>[\/et_pb_text][\/et_pb_column][et_pb_column type=&#8221;1_3&#8243; _builder_version=&#8221;4.2.2&#8243; background_color=&#8221;rgba(255,255,255,0.09)&#8221; custom_padding=&#8221;10px|10px|10px|10px|true|true&#8221; animation_style=&#8221;slide&#8221; border_radii=&#8221;on|10px|10px|10px|10px&#8221;][et_pb_text _builder_version=&#8221;4.0.1&#8243; text_orientation=&#8221;center&#8221; custom_margin=&#8221;13px|||||&#8221;]<h3><strong>ZONA MITJANA<\/strong><\/h3>[\/et_pb_text][et_pb_text _builder_version=&#8221;4.0.1&#8243; text_text_color=&#8221;#000000&#8243; text_orientation=&#8221;center&#8221; min_height=&#8221;100px&#8221;]<p>Disseny de celles, Facial, Mitges Cames, Engonals Brasileres, Glutis, Axil\u00b7les, T\u00f2rax, Abdomen, Esquena, Lumbar, Mitjans Bra\u00e7os<\/p>[\/et_pb_text][\/et_pb_column][et_pb_column type=&#8221;1_3&#8243; _builder_version=&#8221;4.2.2&#8243; background_color=&#8221;rgba(255,255,255,0.09)&#8221; custom_padding=&#8221;10px|10px|10px|10px|true|true&#8221; animation_style=&#8221;slide&#8221; border_radii=&#8221;on|10px|10px|10px|10px&#8221;][et_pb_text _builder_version=&#8221;4.0.1&#8243; text_orientation=&#8221;center&#8221; custom_margin=&#8221;13px|||||&#8221;]<h3><strong>ZONA GRAN<\/strong><\/h3>[\/et_pb_text][et_pb_text _builder_version=&#8221;4.0.1&#8243; text_text_color=&#8221;#000000&#8243; text_orientation=&#8221;center&#8221; min_height=&#8221;100px&#8221;]<p>Bra\u00e7os Completes, Cames Completes, Engonals Completes<\/p>[\/et_pb_text][\/et_pb_column][\/et_pb_row][et_pb_row _builder_version=&#8221;4.0.1&#8243;][et_pb_column type=&#8221;4_4&#8243; _builder_version=&#8221;4.0.1&#8243;][et_pb_cta title=&#8221;AGRUPA ZONES I ESTALVIA&#8221; button_text=&#8221;Clics&#8221; _builder_version=&#8221;4.2.2&#8243; header_text_color=&#8221;#000000&#8243; body_text_color=&#8221;#000000&#8243; use_background_color=&#8221;off&#8221; background_layout=&#8221;light&#8221; custom_padding=&#8221;30px||||false|false&#8221; animation_style=&#8221;bounce&#8221; border_width_all=&#8221;4px&#8221; border_color_all=&#8221;#000000&#8243; border_style_all=&#8221;double&#8221;]<p>T&#8217;oferim un preu redu\u00eft si combines 2, 3, o 4 zones mitjanes<\/p>[\/et_pb_cta][et_pb_image src=&#8221;https:\/\/www.raquelwellness.es\/wp-content\/uploads\/2019\/10\/logo_depilacion-01.png&#8221; align=&#8221;center&#8221; _builder_version=&#8221;4.0.1&#8243; max_height=&#8221;105px&#8221;][\/et_pb_image][\/et_pb_column][\/et_pb_row][et_pb_row module_id=&#8221;contactoHome&#8221; _builder_version=&#8221;4.2.2&#8243; animation_style=&#8221;bounce&#8221;][et_pb_column type=&#8221;4_4&#8243; _builder_version=&#8221;3.29.3&#8243;][et_pb_text _builder_version=&#8221;3.29.3&#8243;]<h2><strong>DEIXA&#8217;NS UN MISSATGE<\/strong><\/h2>[\/et_pb_text][et_pb_contact_form _builder_version=&#8221;4.0.1&#8243; custom_button=&#8221;on&#8221; button_text_color=&#8221;#000000&#8243; button_border_color=&#8221;#000000&#8243; button_text_size_tablet=&#8221;&#8221; button_text_size_phone=&#8221;15px&#8221; button_text_size_last_edited=&#8221;on|phone&#8221;][et_pb_contact_field field_id=&#8221;Name&#8221; field_title=&#8221;Nom&#8221; fullwidth_field=&#8221;on&#8221; _builder_version=&#8221;3.29.3&#8243; button_text_size__hover_enabled=&#8221;off&#8221; button_one_text_size__hover_enabled=&#8221;off&#8221; button_two_text_size__hover_enabled=&#8221;off&#8221; button_text_color__hover_enabled=&#8221;off&#8221; button_one_text_color__hover_enabled=&#8221;off&#8221; button_two_text_color__hover_enabled=&#8221;off&#8221; button_border_width__hover_enabled=&#8221;off&#8221; button_one_border_width__hover_enabled=&#8221;off&#8221; button_two_border_width__hover_enabled=&#8221;off&#8221; button_border_color__hover_enabled=&#8221;off&#8221; button_one_border_color__hover_enabled=&#8221;off&#8221; button_two_border_color__hover_enabled=&#8221;off&#8221; button_border_radius__hover_enabled=&#8221;off&#8221; button_one_border_radius__hover_enabled=&#8221;off&#8221; button_two_border_radius__hover_enabled=&#8221;off&#8221; button_letter_spacing__hover_enabled=&#8221;off&#8221; button_one_letter_spacing__hover_enabled=&#8221;off&#8221; button_two_letter_spacing__hover_enabled=&#8221;off&#8221; button_bg_color__hover_enabled=&#8221;off&#8221; button_one_bg_color__hover_enabled=&#8221;off&#8221; button_two_bg_color__hover_enabled=&#8221;off&#8221;][\/et_pb_contact_field][et_pb_contact_field field_id=&#8221;Email&#8221; field_title=&#8221;Adre\u00e7a Electr\u00f2nica&#8221; field_type=&#8221;email&#8221; _builder_version=&#8221;3.16&#8243; button_text_size__hover_enabled=&#8221;off&#8221; button_one_text_size__hover_enabled=&#8221;off&#8221; button_two_text_size__hover_enabled=&#8221;off&#8221; button_text_color__hover_enabled=&#8221;off&#8221; button_one_text_color__hover_enabled=&#8221;off&#8221; button_two_text_color__hover_enabled=&#8221;off&#8221; button_border_width__hover_enabled=&#8221;off&#8221; button_one_border_width__hover_enabled=&#8221;off&#8221; button_two_border_width__hover_enabled=&#8221;off&#8221; button_border_color__hover_enabled=&#8221;off&#8221; button_one_border_color__hover_enabled=&#8221;off&#8221; button_two_border_color__hover_enabled=&#8221;off&#8221; button_border_radius__hover_enabled=&#8221;off&#8221; button_one_border_radius__hover_enabled=&#8221;off&#8221; button_two_border_radius__hover_enabled=&#8221;off&#8221; button_letter_spacing__hover_enabled=&#8221;off&#8221; button_one_letter_spacing__hover_enabled=&#8221;off&#8221; button_two_letter_spacing__hover_enabled=&#8221;off&#8221; button_bg_color__hover_enabled=&#8221;off&#8221; button_one_bg_color__hover_enabled=&#8221;off&#8221; button_two_bg_color__hover_enabled=&#8221;off&#8221;][\/et_pb_contact_field][et_pb_contact_field field_id=&#8221;Telefono&#8221; field_title=&#8221;Tel\u00e8fon&#8221; _builder_version=&#8221;3.29.3&#8243;][\/et_pb_contact_field][et_pb_contact_field field_id=&#8221;Message&#8221; field_title=&#8221;Missatge&#8221; field_type=&#8221;text&#8221; fullwidth_field=&#8221;on&#8221; _builder_version=&#8221;3.16&#8243; button_text_size__hover_enabled=&#8221;off&#8221; button_one_text_size__hover_enabled=&#8221;off&#8221; button_two_text_size__hover_enabled=&#8221;off&#8221; button_text_color__hover_enabled=&#8221;off&#8221; button_one_text_color__hover_enabled=&#8221;off&#8221; button_two_text_color__hover_enabled=&#8221;off&#8221; button_border_width__hover_enabled=&#8221;off&#8221; button_one_border_width__hover_enabled=&#8221;off&#8221; button_two_border_width__hover_enabled=&#8221;off&#8221; button_border_color__hover_enabled=&#8221;off&#8221; button_one_border_color__hover_enabled=&#8221;off&#8221; button_two_border_color__hover_enabled=&#8221;off&#8221; button_border_radius__hover_enabled=&#8221;off&#8221; button_one_border_radius__hover_enabled=&#8221;off&#8221; button_two_border_radius__hover_enabled=&#8221;off&#8221; button_letter_spacing__hover_enabled=&#8221;off&#8221; button_one_letter_spacing__hover_enabled=&#8221;off&#8221; button_two_letter_spacing__hover_enabled=&#8221;off&#8221; button_bg_color__hover_enabled=&#8221;off&#8221; button_one_bg_color__hover_enabled=&#8221;off&#8221; button_two_bg_color__hover_enabled=&#8221;off&#8221;][\/et_pb_contact_field][\/et_pb_contact_form][\/et_pb_column][\/et_pb_row][\/et_pb_section]\n","protected":false},"excerpt":{"rendered":"<p>DEPILACI\u00d3 L\u00c0SER A CUBELLES ACOMIADA&#8217;T DELS TEUS P\u00c8LS I GAUDEIX D&#8217;UNA PELL TAN SUAU COM LA SEDALlueix una pell sedosa amb la nostra depilaci\u00f3 l\u00e0ser i cera, al nostre centre a Cubelles disposem d&#8217;un l\u00e0ser d\u00edode d&#8217;\u00faltima tecnologia d&#8217;Asirox. DEPILACI\u00d3 L\u00c0SER DIODE Prova la depilaci\u00f3 definitiva, de la m\u00e0 de Wellness by Raquel Romero i [&hellip;]<\/p>\n","protected":false},"author":1,"featured_media":0,"parent":0,"menu_order":0,"comment_status":"closed","ping_status":"closed","template":"","meta":{"_et_pb_use_builder":"on","_et_pb_old_content":"","_et_gb_content_width":"","footnotes":""},"class_list":["post-33478","page","type-page","status-publish","hentry"],"_links":{"self":[{"href":"https:\/\/www.raquelwellness.es\/ca\/wp-json\/wp\/v2\/pages\/33478","targetHints":{"allow":["GET"]}}],"collection":[{"href":"https:\/\/www.raquelwellness.es\/ca\/wp-json\/wp\/v2\/pages"}],"about":[{"href":"https:\/\/www.raquelwellness.es\/ca\/wp-json\/wp\/v2\/types\/page"}],"author":[{"embeddable":true,"href":"https:\/\/www.raquelwellness.es\/ca\/wp-json\/wp\/v2\/users\/1"}],"replies":[{"embeddable":true,"href":"https:\/\/www.raquelwellness.es\/ca\/wp-json\/wp\/v2\/comments?post=33478"}],"version-history":[{"count":3,"href":"https:\/\/www.raquelwellness.es\/ca\/wp-json\/wp\/v2\/pages\/33478\/revisions"}],"predecessor-version":[{"id":33481,"href":"https:\/\/www.raquelwellness.es\/ca\/wp-json\/wp\/v2\/pages\/33478\/revisions\/33481"}],"wp:attachment":[{"href":"https:\/\/www.raquelwellness.es\/ca\/wp-json\/wp\/v2\/media?parent=33478"}],"curies":[{"name":"wp","href":"https:\/\/api.w.org\/{rel}","templated":true}]}}