{"id":33510,"date":"2021-12-31T14:56:07","date_gmt":"2021-12-31T13:56:07","guid":{"rendered":"https:\/\/www.raquelwellness.es\/rituals-wellness\/"},"modified":"2021-12-31T14:56:07","modified_gmt":"2021-12-31T13:56:07","slug":"rituals-wellness","status":"publish","type":"page","link":"https:\/\/www.raquelwellness.es\/ca\/rituals-wellness\/","title":{"rendered":"Rituals Wellness"},"content":{"rendered":"\n[et_pb_section fb_built=&#8221;1&#8243; _builder_version=&#8221;4.9.10&#8243; background_color=&#8221;rgba(0,0,0,0)&#8221; background_image=&#8221;https:\/\/www.raquelwellness.es\/wp-content\/uploads\/2019\/10\/fondo_b2b-01.png&#8221; animation_style=&#8221;fade&#8221;][et_pb_row column_structure=&#8221;2_5,3_5&#8243; _builder_version=&#8221;4.0.1&#8243;][et_pb_column type=&#8221;2_5&#8243; _builder_version=&#8221;4.0.1&#8243;][et_pb_image src=&#8221;https:\/\/www.raquelwellness.es\/wp-content\/uploads\/2019\/10\/CORPORAL.jpg&#8221; _builder_version=&#8221;4.0.1&#8243; max_height=&#8221;500px&#8221; border_radii=&#8221;on|25px|25px|25px|25px&#8221;][\/et_pb_image][\/et_pb_column][et_pb_column type=&#8221;3_5&#8243; _builder_version=&#8221;4.0.1&#8243;][et_pb_image src=&#8221;https:\/\/www.raquelwellness.es\/wp-content\/uploads\/2019\/10\/logo_corporal-01.png&#8221; align=&#8221;right&#8221; _builder_version=&#8221;4.0.1&#8243; max_height=&#8221;105px&#8221;][\/et_pb_image][et_pb_text _builder_version=&#8221;4.9.10&#8243; text_font=&#8221;Montserrat||||||||&#8221; text_text_color=&#8221;#000000&#8243; text_letter_spacing=&#8221;4px&#8221; header_font=&#8221;||||||||&#8221; header_text_align=&#8221;right&#8221; hover_enabled=&#8221;0&#8243; sticky_enabled=&#8221;0&#8243;]<h1><strong>RITUALS<strong><\/strong><\/strong><\/h1>[\/et_pb_text][et_pb_text _builder_version=&#8221;4.9.10&#8243; text_text_color=&#8221;#000000&#8243; text_font_size=&#8221;18px&#8221; text_orientation=&#8221;right&#8221; hover_enabled=&#8221;0&#8243; sticky_enabled=&#8221;0&#8243;]<p>TRACTAMENTS PEL BENESTAR DE COS I MENT<\/p>[\/et_pb_text][et_pb_text _builder_version=&#8221;4.9.10&#8243; text_text_color=&#8221;#000000&#8243; text_orientation=&#8221;right&#8221; hover_enabled=&#8221;0&#8243; sticky_enabled=&#8221;0&#8243;]<p>Els nostres rituals s&#8217;adapten a les caracter\u00edstiques de la pell, i s\u00f3n 100% fets a mida. Estudiarem el teu cas i et proposarem el millor tractament.<\/p>\n<p>Combina&#8217;n m\u00e9s d&#8217;un per obtenir el m\u00e0xim exponent de Bellesa i Benestar.<\/p>[\/et_pb_text][\/et_pb_column][\/et_pb_row][et_pb_row _builder_version=&#8221;4.0.1&#8243;][et_pb_column type=&#8221;4_4&#8243; _builder_version=&#8221;4.0.1&#8243;][et_pb_text _builder_version=&#8221;4.9.10&#8243; text_font=&#8221;Montserrat||||||||&#8221; text_text_color=&#8221;#000000&#8243; text_letter_spacing=&#8221;4px&#8221; header_font=&#8221;||||||||&#8221; header_text_align=&#8221;right&#8221; hover_enabled=&#8221;0&#8243; sticky_enabled=&#8221;0&#8243;]<h2><strong>RITUAL WELLNESS<strong><\/strong><\/strong><\/h2>[\/et_pb_text][et_pb_text _builder_version=&#8221;4.9.10&#8243; text_text_color=&#8221;#000000&#8243; hover_enabled=&#8221;0&#8243; sticky_enabled=&#8221;0&#8243;]<p>Un <strong>Ritual Wellness<\/strong> \u00e9s l&#8217;experi\u00e8ncia de benestar definitiva, el producte estrella de Wellness By Raquel Romero. Amb durades que van entre 1h 30m i 2h, treballarem la relaxaci\u00f3 de cos i ment des dels tractaments manuals, combinant-los amb oli de massatge i ess\u00e8ncies i cosm\u00e8tics professionals i respectuosos amb el medi ambient.<\/p>\n<p>A m\u00e9s, alguns rituals estan pensats per gaudir d\u00b4un <strong>bany relaxant<\/strong> abans o despr\u00e9s del massatge, de manera que completarem l\u00b4experi\u00e8ncia de relaxaci\u00f3.<\/p>\n<p>A <strong>Wellness by Raquel Romero<\/strong> treballem amb marques de cosm\u00e8tic d&#8217;alta gamma com <strong>Massada<\/strong>i <strong>Gern\u00e9tic<\/strong>, referents a cosm\u00e8tics a nivell nacional i internacional.<\/p>[\/et_pb_text][\/et_pb_column][\/et_pb_row][et_pb_row _builder_version=&#8221;4.0.1&#8243;][et_pb_column type=&#8221;4_4&#8243; _builder_version=&#8221;4.0.1&#8243;][et_pb_text _builder_version=&#8221;4.9.10&#8243; text_font=&#8221;Montserrat||||||||&#8221; text_text_color=&#8221;#000000&#8243; text_letter_spacing=&#8221;4px&#8221; header_font=&#8221;||||||||&#8221; header_text_align=&#8221;right&#8221; min_height=&#8221;13.6px&#8221; hover_enabled=&#8221;0&#8243; sticky_enabled=&#8221;0&#8243;]<h3><strong>ELS RITUALS<strong><\/strong><\/strong><\/h3>[\/et_pb_text][et_pb_shop type=&#8221;product_category&#8221; posts_number=&#8221;20&#8243; include_categories=&#8221;164&#8243; _builder_version=&#8221;4.9.10&#8243; _module_preset=&#8221;default&#8221; hover_enabled=&#8221;0&#8243; sticky_enabled=&#8221;0&#8243;][\/et_pb_shop][\/et_pb_column][\/et_pb_row][et_pb_row _builder_version=&#8221;4.0.1&#8243;][et_pb_column type=&#8221;4_4&#8243; _builder_version=&#8221;4.0.1&#8243;][et_pb_image src=&#8221;https:\/\/www.raquelwellness.es\/wp-content\/uploads\/2019\/10\/logo_corporal-01.png&#8221; align=&#8221;center&#8221; _builder_version=&#8221;4.0.1&#8243; max_height=&#8221;105px&#8221;][\/et_pb_image][\/et_pb_column][\/et_pb_row][et_pb_row module_id=&#8221;contactoHome&#8221; _builder_version=&#8221;4.0.1&#8243;][et_pb_column type=&#8221;4_4&#8243; _builder_version=&#8221;3.29.3&#8243;][et_pb_text _builder_version=&#8221;3.29.3&#8243;]<h2><strong>DEIXA&#8217;NS UN MISSATGE<\/strong><\/h2>[\/et_pb_text][et_pb_contact_form _builder_version=&#8221;4.0.1&#8243; custom_button=&#8221;on&#8221; button_text_color=&#8221;#000000&#8243; button_border_color=&#8221;#000000&#8243; button_text_size_tablet=&#8221;&#8221; button_text_size_phone=&#8221;15px&#8221; button_text_size_last_edited=&#8221;on|phone&#8221;][et_pb_contact_field field_id=&#8221;Name&#8221; field_title=&#8221;Nom&#8221; fullwidth_field=&#8221;on&#8221; _builder_version=&#8221;3.29.3&#8243; button_text_size__hover_enabled=&#8221;off&#8221; button_one_text_size__hover_enabled=&#8221;off&#8221; button_two_text_size__hover_enabled=&#8221;off&#8221; button_text_color__hover_enabled=&#8221;off&#8221; button_one_text_color__hover_enabled=&#8221;off&#8221; button_two_text_color__hover_enabled=&#8221;off&#8221; button_border_width__hover_enabled=&#8221;off&#8221; button_one_border_width__hover_enabled=&#8221;off&#8221; button_two_border_width__hover_enabled=&#8221;off&#8221; button_border_color__hover_enabled=&#8221;off&#8221; button_one_border_color__hover_enabled=&#8221;off&#8221; button_two_border_color__hover_enabled=&#8221;off&#8221; button_border_radius__hover_enabled=&#8221;off&#8221; button_one_border_radius__hover_enabled=&#8221;off&#8221; button_two_border_radius__hover_enabled=&#8221;off&#8221; button_letter_spacing__hover_enabled=&#8221;off&#8221; button_one_letter_spacing__hover_enabled=&#8221;off&#8221; button_two_letter_spacing__hover_enabled=&#8221;off&#8221; button_bg_color__hover_enabled=&#8221;off&#8221; button_one_bg_color__hover_enabled=&#8221;off&#8221; button_two_bg_color__hover_enabled=&#8221;off&#8221;][\/et_pb_contact_field][et_pb_contact_field field_id=&#8221;Email&#8221; field_title=&#8221;Adre\u00e7a Electr\u00f2nica&#8221; field_type=&#8221;email&#8221; _builder_version=&#8221;3.16&#8243; button_text_size__hover_enabled=&#8221;off&#8221; button_one_text_size__hover_enabled=&#8221;off&#8221; button_two_text_size__hover_enabled=&#8221;off&#8221; button_text_color__hover_enabled=&#8221;off&#8221; button_one_text_color__hover_enabled=&#8221;off&#8221; button_two_text_color__hover_enabled=&#8221;off&#8221; button_border_width__hover_enabled=&#8221;off&#8221; button_one_border_width__hover_enabled=&#8221;off&#8221; button_two_border_width__hover_enabled=&#8221;off&#8221; button_border_color__hover_enabled=&#8221;off&#8221; button_one_border_color__hover_enabled=&#8221;off&#8221; button_two_border_color__hover_enabled=&#8221;off&#8221; button_border_radius__hover_enabled=&#8221;off&#8221; button_one_border_radius__hover_enabled=&#8221;off&#8221; button_two_border_radius__hover_enabled=&#8221;off&#8221; button_letter_spacing__hover_enabled=&#8221;off&#8221; button_one_letter_spacing__hover_enabled=&#8221;off&#8221; button_two_letter_spacing__hover_enabled=&#8221;off&#8221; button_bg_color__hover_enabled=&#8221;off&#8221; button_one_bg_color__hover_enabled=&#8221;off&#8221; button_two_bg_color__hover_enabled=&#8221;off&#8221;][\/et_pb_contact_field][et_pb_contact_field field_id=&#8221;Telefono&#8221; field_title=&#8221;Tel\u00e8fon&#8221; _builder_version=&#8221;3.29.3&#8243;][\/et_pb_contact_field][et_pb_contact_field field_id=&#8221;Message&#8221; field_title=&#8221;Missatge&#8221; field_type=&#8221;text&#8221; fullwidth_field=&#8221;on&#8221; _builder_version=&#8221;3.16&#8243; button_text_size__hover_enabled=&#8221;off&#8221; button_one_text_size__hover_enabled=&#8221;off&#8221; button_two_text_size__hover_enabled=&#8221;off&#8221; button_text_color__hover_enabled=&#8221;off&#8221; button_one_text_color__hover_enabled=&#8221;off&#8221; button_two_text_color__hover_enabled=&#8221;off&#8221; button_border_width__hover_enabled=&#8221;off&#8221; button_one_border_width__hover_enabled=&#8221;off&#8221; button_two_border_width__hover_enabled=&#8221;off&#8221; button_border_color__hover_enabled=&#8221;off&#8221; button_one_border_color__hover_enabled=&#8221;off&#8221; button_two_border_color__hover_enabled=&#8221;off&#8221; button_border_radius__hover_enabled=&#8221;off&#8221; button_one_border_radius__hover_enabled=&#8221;off&#8221; button_two_border_radius__hover_enabled=&#8221;off&#8221; button_letter_spacing__hover_enabled=&#8221;off&#8221; button_one_letter_spacing__hover_enabled=&#8221;off&#8221; button_two_letter_spacing__hover_enabled=&#8221;off&#8221; button_bg_color__hover_enabled=&#8221;off&#8221; button_one_bg_color__hover_enabled=&#8221;off&#8221; button_two_bg_color__hover_enabled=&#8221;off&#8221;][\/et_pb_contact_field][\/et_pb_contact_form][\/et_pb_column][\/et_pb_row][\/et_pb_section]\n","protected":false},"excerpt":{"rendered":"<p>RITUALSTRACTAMENTS PEL BENESTAR DE COS I MENTEls nostres rituals s&#8217;adapten a les caracter\u00edstiques de la pell, i s\u00f3n 100% fets a mida. Estudiarem el teu cas i et proposarem el millor tractament. Combina&#8217;n m\u00e9s d&#8217;un per obtenir el m\u00e0xim exponent de Bellesa i Benestar.RITUAL WELLNESSUn Ritual Wellness \u00e9s l&#8217;experi\u00e8ncia de benestar definitiva, el producte estrella [&hellip;]<\/p>\n","protected":false},"author":1,"featured_media":0,"parent":0,"menu_order":0,"comment_status":"closed","ping_status":"closed","template":"","meta":{"_et_pb_use_builder":"on","_et_pb_old_content":"","_et_gb_content_width":"","footnotes":""},"class_list":["post-33510","page","type-page","status-publish","hentry"],"_links":{"self":[{"href":"https:\/\/www.raquelwellness.es\/ca\/wp-json\/wp\/v2\/pages\/33510","targetHints":{"allow":["GET"]}}],"collection":[{"href":"https:\/\/www.raquelwellness.es\/ca\/wp-json\/wp\/v2\/pages"}],"about":[{"href":"https:\/\/www.raquelwellness.es\/ca\/wp-json\/wp\/v2\/types\/page"}],"author":[{"embeddable":true,"href":"https:\/\/www.raquelwellness.es\/ca\/wp-json\/wp\/v2\/users\/1"}],"replies":[{"embeddable":true,"href":"https:\/\/www.raquelwellness.es\/ca\/wp-json\/wp\/v2\/comments?post=33510"}],"version-history":[{"count":1,"href":"https:\/\/www.raquelwellness.es\/ca\/wp-json\/wp\/v2\/pages\/33510\/revisions"}],"predecessor-version":[{"id":33511,"href":"https:\/\/www.raquelwellness.es\/ca\/wp-json\/wp\/v2\/pages\/33510\/revisions\/33511"}],"wp:attachment":[{"href":"https:\/\/www.raquelwellness.es\/ca\/wp-json\/wp\/v2\/media?parent=33510"}],"curies":[{"name":"wp","href":"https:\/\/api.w.org\/{rel}","templated":true}]}}