{"id":31110,"date":"2020-04-26T21:14:12","date_gmt":"2020-04-26T19:14:12","guid":{"rendered":"https:\/\/www.raquelwellness.es\/?post_type=product&#038;p=31110"},"modified":"2024-01-11T13:24:58","modified_gmt":"2024-01-11T12:24:58","slug":"bono-regalo-100e","status":"publish","type":"product","link":"https:\/\/www.raquelwellness.es\/ca\/tienda-online\/bono-regalo-100e\/","title":{"rendered":"Bono Regalo 100\u20ac"},"content":{"rendered":"<p>Este bono de 100\u20ac podr\u00e1 ser utilizado tanto en el centro de est\u00e9tica c\u00f3mo en la tienda online, y tanto en productos c\u00f3mo servicios de est\u00e9tica. Si tiene dudas le podemos recomendar cu\u00e1l es el tratamiento que se adapta a sus necesidades.<\/p>\n<p>Una vez realizada la compra y validado el pedido, te enviaremos por email el bono digitalizado.<\/p>\n","protected":false},"excerpt":{"rendered":"<p>Sorprende a tus seres queridos con este bono regalo valorado en 100\u20ac.<\/p>\n","protected":false},"featured_media":31118,"template":"","meta":{"_et_pb_use_builder":"","_et_pb_old_content":"","_et_gb_content_width":""},"product_brand":[],"product_cat":[61],"product_tag":[],"class_list":{"0":"post-31110","1":"product","2":"type-product","3":"status-publish","4":"has-post-thumbnail","6":"product_cat-bonos-regalo","8":"first","9":"instock","10":"virtual","11":"taxable","12":"purchasable","13":"product-type-simple"},"_links":{"self":[{"href":"https:\/\/www.raquelwellness.es\/ca\/wp-json\/wp\/v2\/product\/31110","targetHints":{"allow":["GET"]}}],"collection":[{"href":"https:\/\/www.raquelwellness.es\/ca\/wp-json\/wp\/v2\/product"}],"about":[{"href":"https:\/\/www.raquelwellness.es\/ca\/wp-json\/wp\/v2\/types\/product"}],"wp:featuredmedia":[{"embeddable":true,"href":"https:\/\/www.raquelwellness.es\/ca\/wp-json\/wp\/v2\/media\/31118"}],"wp:attachment":[{"href":"https:\/\/www.raquelwellness.es\/ca\/wp-json\/wp\/v2\/media?parent=31110"}],"wp:term":[{"taxonomy":"product_brand","embeddable":true,"href":"https:\/\/www.raquelwellness.es\/ca\/wp-json\/wp\/v2\/product_brand?post=31110"},{"taxonomy":"product_cat","embeddable":true,"href":"https:\/\/www.raquelwellness.es\/ca\/wp-json\/wp\/v2\/product_cat?post=31110"},{"taxonomy":"product_tag","embeddable":true,"href":"https:\/\/www.raquelwellness.es\/ca\/wp-json\/wp\/v2\/product_tag?post=31110"}],"curies":[{"name":"wp","href":"https:\/\/api.w.org\/{rel}","templated":true}]}}