{"id":32248,"date":"2021-07-14T18:44:02","date_gmt":"2021-07-14T16:44:02","guid":{"rendered":"https:\/\/www.raquelwellness.es\/?post_type=product&#038;p=32248"},"modified":"2025-08-27T23:30:30","modified_gmt":"2025-08-27T21:30:30","slug":"tratamiento-exfoliante","status":"publish","type":"product","link":"https:\/\/www.raquelwellness.es\/ca\/tienda-online\/tratamiento-exfoliante\/","title":{"rendered":"Tratamiento Exfoliante (50m)"},"content":{"rendered":"<p>En nuestro tratamiento exfoliante, utilizamos diferentes tipos de sales y aceites esenciales para deshacernos de todas las c\u00e9lulas muertas que obstaculizan la penetraci\u00f3n de productos cosm\u00e9ticos y as\u00ed recuperar elasticidad e hidrataci\u00f3n de la piel.<\/p>\n<p>La piel es un \u00f3rgano que nos protege de agentes externos, es nuestra protecci\u00f3n y por ello la hemos cuidar e hidratar.<\/p>\n<p>En nuestro tratamiento en cabina mimaremos tu piel, ofreci\u00e9ndole la nutrici\u00f3n, cuidados y vitalidad que necesita.<\/p>\n<p>Por \u00faltimo, y no menos importante, recomendamos h\u00e1bitos de vida saludable, por ejemplo, beber agua, y sobre todo proteger nuestra piel del sol.<\/p>\n","protected":false},"excerpt":{"rendered":"<p>Est\u00e1 indicado para todo tipo de pieles. Recomendamos exfoliar la piel una vez cada cambio de estaci\u00f3n para obtener una piel m\u00e1s suave y sedosa y as\u00ed facilitar la penetraci\u00f3n de productos cosm\u00e9ticos.<br \/>\nLa exfoliaci\u00f3n est\u00e1 indicada para ser realizada antes de cualquier tratamiento corporal.<\/p>\n<p>Recuerda que en Wellness by Raquel Romero te realizamos un diagnostico gratuito para conocer el tratamiento m\u00e1s adecuado para tu piel.<\/p>\n","protected":false},"featured_media":32219,"template":"","meta":{"_et_pb_use_builder":"","_et_pb_old_content":"","_et_gb_content_width":""},"product_brand":[],"product_cat":[151,159],"product_tag":[],"class_list":{"0":"post-32248","1":"product","2":"type-product","3":"status-publish","4":"has-post-thumbnail","6":"product_cat-tratamientos","7":"product_cat-tratamientos-corporales","9":"first","10":"instock","11":"taxable","12":"shipping-taxable","13":"purchasable","14":"product-type-simple"},"_links":{"self":[{"href":"https:\/\/www.raquelwellness.es\/ca\/wp-json\/wp\/v2\/product\/32248","targetHints":{"allow":["GET"]}}],"collection":[{"href":"https:\/\/www.raquelwellness.es\/ca\/wp-json\/wp\/v2\/product"}],"about":[{"href":"https:\/\/www.raquelwellness.es\/ca\/wp-json\/wp\/v2\/types\/product"}],"wp:featuredmedia":[{"embeddable":true,"href":"https:\/\/www.raquelwellness.es\/ca\/wp-json\/wp\/v2\/media\/32219"}],"wp:attachment":[{"href":"https:\/\/www.raquelwellness.es\/ca\/wp-json\/wp\/v2\/media?parent=32248"}],"wp:term":[{"taxonomy":"product_brand","embeddable":true,"href":"https:\/\/www.raquelwellness.es\/ca\/wp-json\/wp\/v2\/product_brand?post=32248"},{"taxonomy":"product_cat","embeddable":true,"href":"https:\/\/www.raquelwellness.es\/ca\/wp-json\/wp\/v2\/product_cat?post=32248"},{"taxonomy":"product_tag","embeddable":true,"href":"https:\/\/www.raquelwellness.es\/ca\/wp-json\/wp\/v2\/product_tag?post=32248"}],"curies":[{"name":"wp","href":"https:\/\/api.w.org\/{rel}","templated":true}]}}