{"id":32324,"date":"2021-07-16T19:06:41","date_gmt":"2021-07-16T17:06:41","guid":{"rendered":"https:\/\/www.raquelwellness.es\/?post_type=product&#038;p=32324"},"modified":"2025-08-27T23:33:09","modified_gmt":"2025-08-27T21:33:09","slug":"tratamiento-reafirmante","status":"publish","type":"product","link":"https:\/\/www.raquelwellness.es\/ca\/tienda-online\/tratamiento-reafirmante\/","title":{"rendered":"Tratamiento Reafirmante (50m)"},"content":{"rendered":"<p>En nuestro tratamiento en cabina en primer lugar realizaremos una exfoliaci\u00f3n para preparar la piel para el tratamiento. A continuaci\u00f3n aplicaremos envolturas reafirmantes con principios activos como naranja, zanahoria y jengibre que nos ayudar\u00e1n a disimular y mejorar el aspecto de la piel.<\/p>\n<p>Para finalizar el tratamiento aplicaremos la crema\u00a0<strong>Somito de Gern\u00e9tic\u00a0<\/strong>que es nuestra crema reafirmante, o la crema\u00a0<strong>Anti-Estrias de Gern\u00e9tic<\/strong>\u00a0en el caso de la prevenci\u00f3n o la aparici\u00f3n de las estrias.<\/p>\n<p>La crema\u00a0<strong>Anti-Estrias de Gern\u00e9tic<\/strong>\u00a0tambi\u00e9n es indicada durante y despu\u00e9s del embarazo.<\/p>\n<p>Nuestro tratamiento reafirmante est\u00e1 especialmente indicado para ser combinado en d\u00edas alternos con sesiones\u00a0<strong>INDIBA\u00ae<\/strong>.<\/p>\n<p>Por \u00faltimo, y no menos importante, recomendamos aplicar ma\u00f1ana y noche Lympho y Somito en el caso de flacidez o Lympho y Antiestrias.<\/p>\n<p>Recomendamos la aplicaci\u00f3n de Ger-Peel una o dos veces por semana, dependiendo de las necesidades cut\u00e1neas.<\/p>\n","protected":false},"excerpt":{"rendered":"<p>Est\u00e1 indicado en para mejorar el aspecto de una piel con estr\u00edas o flacidez tisular. Adem\u00e1s tambi\u00e9n se recomienda si est\u00e1s pensando realizar una dieta que te lleve a una gran perdida de peso para evitar la aparici\u00f3n de las temibles estr\u00edas y mejorar la elasticidad del tejido. Tambi\u00e9n est\u00e1 indicado si vas a realizar una cirug\u00eda en la cual se vea alterado tu tejido en este caso est\u00e1 indicado a modo preventivo para evitar la aparici\u00f3n de estr\u00edas.<\/p>\n<p><strong>Recuerda que en Wellness by Raquel Romero te realizamos un diagnostico gratuito para conocer el tratamiento m\u00e1s adecuado para tu piel.<\/strong><\/p>\n","protected":false},"featured_media":32219,"template":"","meta":{"_et_pb_use_builder":"","_et_pb_old_content":"","_et_gb_content_width":""},"product_brand":[],"product_cat":[151,159],"product_tag":[],"class_list":{"0":"post-32324","1":"product","2":"type-product","3":"status-publish","4":"has-post-thumbnail","6":"product_cat-tratamientos","7":"product_cat-tratamientos-corporales","9":"first","10":"instock","11":"virtual","12":"taxable","13":"purchasable","14":"product-type-simple"},"_links":{"self":[{"href":"https:\/\/www.raquelwellness.es\/ca\/wp-json\/wp\/v2\/product\/32324","targetHints":{"allow":["GET"]}}],"collection":[{"href":"https:\/\/www.raquelwellness.es\/ca\/wp-json\/wp\/v2\/product"}],"about":[{"href":"https:\/\/www.raquelwellness.es\/ca\/wp-json\/wp\/v2\/types\/product"}],"wp:featuredmedia":[{"embeddable":true,"href":"https:\/\/www.raquelwellness.es\/ca\/wp-json\/wp\/v2\/media\/32219"}],"wp:attachment":[{"href":"https:\/\/www.raquelwellness.es\/ca\/wp-json\/wp\/v2\/media?parent=32324"}],"wp:term":[{"taxonomy":"product_brand","embeddable":true,"href":"https:\/\/www.raquelwellness.es\/ca\/wp-json\/wp\/v2\/product_brand?post=32324"},{"taxonomy":"product_cat","embeddable":true,"href":"https:\/\/www.raquelwellness.es\/ca\/wp-json\/wp\/v2\/product_cat?post=32324"},{"taxonomy":"product_tag","embeddable":true,"href":"https:\/\/www.raquelwellness.es\/ca\/wp-json\/wp\/v2\/product_tag?post=32324"}],"curies":[{"name":"wp","href":"https:\/\/api.w.org\/{rel}","templated":true}]}}