{"id":32325,"date":"2021-07-16T19:11:28","date_gmt":"2021-07-16T17:11:28","guid":{"rendered":"https:\/\/www.raquelwellness.es\/?post_type=product&#038;p=32325"},"modified":"2025-08-27T23:30:09","modified_gmt":"2025-08-27T21:30:09","slug":"tratamiento-drenante","status":"publish","type":"product","link":"https:\/\/www.raquelwellness.es\/ca\/tienda-online\/tratamiento-drenante\/","title":{"rendered":"Tratamiento Drenante (50m)"},"content":{"rendered":"<p>En nuestro tratamiento en cabina podemos realizar un drenaje linf\u00e1tico manual el cual ser\u00e1 clave para reducir el edema.<\/p>\n<p>Adem\u00e1s del drenaje linf\u00e1tico manual, en algunas sesiones, cuando el edema es muy importante realizaremos envolturas de algas marinas que nos ayudar\u00e1n a mejorar la circulaci\u00f3n.<\/p>\n<p>Adem\u00e1s aplicaremos aceites esenciales que nos ayudar\u00e1n a reforzar los capilares y la eliminaci\u00f3n del liquido.<\/p>\n<p>Nuestro tratamiento drenante est\u00e1 especialmente indicado para ser combinado en d\u00edas alternos con sesiones\u00a0<strong>INDIBA\u00ae<\/strong>.<\/p>\n","protected":false},"excerpt":{"rendered":"<p>Est\u00e1 indicado en para reducir edemas y mejorar la coloraci\u00f3n de la piel producida por un d\u00e9ficit circulatorio ya sea venoso o arterial.<\/p>\n<p><strong>Recuerda que en Wellness by Raquel Romero te realizamos un diagnostico gratuito para conocer el tratamiento m\u00e1s adecuado para tu piel.<\/strong><\/p>\n","protected":false},"featured_media":32219,"template":"","meta":{"_et_pb_use_builder":"","_et_pb_old_content":"","_et_gb_content_width":""},"product_brand":[],"product_cat":[151,159],"product_tag":[],"class_list":{"0":"post-32325","1":"product","2":"type-product","3":"status-publish","4":"has-post-thumbnail","6":"product_cat-tratamientos","7":"product_cat-tratamientos-corporales","9":"first","10":"instock","11":"taxable","12":"shipping-taxable","13":"purchasable","14":"product-type-simple"},"_links":{"self":[{"href":"https:\/\/www.raquelwellness.es\/ca\/wp-json\/wp\/v2\/product\/32325","targetHints":{"allow":["GET"]}}],"collection":[{"href":"https:\/\/www.raquelwellness.es\/ca\/wp-json\/wp\/v2\/product"}],"about":[{"href":"https:\/\/www.raquelwellness.es\/ca\/wp-json\/wp\/v2\/types\/product"}],"wp:featuredmedia":[{"embeddable":true,"href":"https:\/\/www.raquelwellness.es\/ca\/wp-json\/wp\/v2\/media\/32219"}],"wp:attachment":[{"href":"https:\/\/www.raquelwellness.es\/ca\/wp-json\/wp\/v2\/media?parent=32325"}],"wp:term":[{"taxonomy":"product_brand","embeddable":true,"href":"https:\/\/www.raquelwellness.es\/ca\/wp-json\/wp\/v2\/product_brand?post=32325"},{"taxonomy":"product_cat","embeddable":true,"href":"https:\/\/www.raquelwellness.es\/ca\/wp-json\/wp\/v2\/product_cat?post=32325"},{"taxonomy":"product_tag","embeddable":true,"href":"https:\/\/www.raquelwellness.es\/ca\/wp-json\/wp\/v2\/product_tag?post=32325"}],"curies":[{"name":"wp","href":"https:\/\/api.w.org\/{rel}","templated":true}]}}