{"id":32332,"date":"2021-07-16T19:18:48","date_gmt":"2021-07-16T17:18:48","guid":{"rendered":"https:\/\/www.raquelwellness.es\/?post_type=product&#038;p=32332"},"modified":"2025-08-27T23:28:24","modified_gmt":"2025-08-27T21:28:24","slug":"tratamiento-descontracturante-indiba","status":"publish","type":"product","link":"https:\/\/www.raquelwellness.es\/ca\/tienda-online\/tratamiento-descontracturante-indiba\/","title":{"rendered":"Tratamiento Descontracturante (50m)"},"content":{"rendered":"<p>En nuestro tratamiento realizaremos un\u00a0<strong>quiromasaje<\/strong>\u00a0con\u00a0<strong>aceite a base de canabis, \u00e1rnica, s\u00e9samo y aceite esencial de clavo<\/strong>, con ello conseguiremos\u00a0<strong>oxigenar<\/strong>\u00a0la musculatura, obteniendo as\u00ed un efecto\u00a0<strong>calmante<\/strong>, y por tanto nos aseguramos una\u00a0<strong>relajaci\u00f3n<\/strong>\u00a0f\u00edsica y emocional.<\/p>\n<p>En algunos casos nos podemos ayudar de aparatolog\u00eda\u00a0<strong>INDIBA\u00ae\u00a0Deep Beauty<\/strong>\u00a0con la finalidad de mejorar la\u00a0<strong>oxigenaci\u00f3n<\/strong>, el\u00a0<strong>drenaje<\/strong>, y el\u00a0<strong>bienestar<\/strong>\u00a0del cliente, consiguiendo as\u00ed potenciar el tratamiento manual realizado.<\/p>\n<p>Por \u00faltimo, y no menos importante, recomendamos aplicar aceite descontracturante a demanda.<\/p>\n","protected":false},"excerpt":{"rendered":"<p>Nuestros tratamientos descontracturantes incluyen la aplicaci\u00f3n de radiofrecuencia INDIBA indispensable para bajar la inflamaci\u00f3n que pueda haber en la zona a tratar. Adem\u00e1s de oxigenar la musculatura para una mejora m\u00e1s r\u00e1pida de la recuperaci\u00f3n muscular.<\/p>\n<p>Recuerda que en Wellness by Raquel Romero te realizamos un diagnostico gratuito para conocer el tratamiento m\u00e1s adecuado para tu piel.<\/p>\n","protected":false},"featured_media":32219,"template":"","meta":{"_et_pb_use_builder":"","_et_pb_old_content":"","_et_gb_content_width":""},"product_brand":[],"product_cat":[151,159],"product_tag":[],"class_list":{"0":"post-32332","1":"product","2":"type-product","3":"status-publish","4":"has-post-thumbnail","6":"product_cat-tratamientos","7":"product_cat-tratamientos-corporales","9":"first","10":"instock","11":"virtual","12":"taxable","13":"purchasable","14":"product-type-simple"},"_links":{"self":[{"href":"https:\/\/www.raquelwellness.es\/ca\/wp-json\/wp\/v2\/product\/32332","targetHints":{"allow":["GET"]}}],"collection":[{"href":"https:\/\/www.raquelwellness.es\/ca\/wp-json\/wp\/v2\/product"}],"about":[{"href":"https:\/\/www.raquelwellness.es\/ca\/wp-json\/wp\/v2\/types\/product"}],"wp:featuredmedia":[{"embeddable":true,"href":"https:\/\/www.raquelwellness.es\/ca\/wp-json\/wp\/v2\/media\/32219"}],"wp:attachment":[{"href":"https:\/\/www.raquelwellness.es\/ca\/wp-json\/wp\/v2\/media?parent=32332"}],"wp:term":[{"taxonomy":"product_brand","embeddable":true,"href":"https:\/\/www.raquelwellness.es\/ca\/wp-json\/wp\/v2\/product_brand?post=32332"},{"taxonomy":"product_cat","embeddable":true,"href":"https:\/\/www.raquelwellness.es\/ca\/wp-json\/wp\/v2\/product_cat?post=32332"},{"taxonomy":"product_tag","embeddable":true,"href":"https:\/\/www.raquelwellness.es\/ca\/wp-json\/wp\/v2\/product_tag?post=32332"}],"curies":[{"name":"wp","href":"https:\/\/api.w.org\/{rel}","templated":true}]}}