{"id":32404,"date":"2021-07-31T20:08:58","date_gmt":"2021-07-31T18:08:58","guid":{"rendered":"https:\/\/www.raquelwellness.es\/?post_type=product&#038;p=32404"},"modified":"2025-08-27T23:27:10","modified_gmt":"2025-08-27T21:27:10","slug":"tratamiento-anticelulitico-indiba","status":"publish","type":"product","link":"https:\/\/www.raquelwellness.es\/ca\/tienda-online\/tratamiento-anticelulitico-indiba\/","title":{"rendered":"Tratamiento Anticelul\u00edtico INDIBA (50m)"},"content":{"rendered":"<h2>INDICACIONES<\/h2>\n<p>La mayor\u00eda de las mujeres sufren de celulitis, y sienten al tacto y a la vista esa anti est\u00e9tica piel de naranja.<\/p>\n<p>En Wellness by Raquel Romero siempre realizamos un diagnostico gratuito para poder realizar el tratamiento m\u00e1s adecuado y obtener el mejor resultado.<\/p>\n<h2>EL TRATAMIENTO EN CABINA<\/h2>\n<p>Una vez realizado el diagn\u00f3stico de tu tipo de celulitis, que puede ser blanda, dura o edematosa, realizaremos el protocolo espec\u00edfico para ti obteniendo as\u00ed un resultado \u00f3ptimo y ajustado a tus necesidades.<\/p>\n<p>Puesto que el grado de celulitis depende de cada caso, determinaremos el numero de sesiones recomendado seg\u00fan el diagn\u00f3stico.<\/p>\n<p>Para obtener resultados \u00f3ptimos recomendamos realizar las primeras sesiones del tratamiento de forma frecuente, as\u00ed como realizar sesiones de mantenimiento una vez acabado el mismo.<\/p>\n<p>Hemos creado BONOS de tratamiento de 5 , 10 o 15 sesiones, de esta forma estar\u00e1s ahorrando (hasta un 30% comparado con el precio por sesi\u00f3n) desde la primera sesi\u00f3n.<\/p>\n","protected":false},"excerpt":{"rendered":"<p>La mayor\u00eda de las mujeres sufren de celulitis, y sienten al tacto y a la vista esa anti est\u00e9tica piel de naranja.<\/p>\n<p>En Wellness by Raquel Romero siempre realizamos un diagnostico gratuito para poder realizar el tratamiento m\u00e1s adecuado y obtener el mejor resultado.<\/p>\n","protected":false},"featured_media":29366,"template":"","meta":{"_et_pb_use_builder":"","_et_pb_old_content":"","_et_gb_content_width":""},"product_brand":[],"product_cat":[48,151,161],"product_tag":[],"class_list":{"0":"post-32404","1":"product","2":"type-product","3":"status-publish","4":"has-post-thumbnail","6":"product_cat-indiba","7":"product_cat-tratamientos","8":"product_cat-tratamientos-corporales-indiba","10":"first","11":"instock","12":"virtual","13":"taxable","14":"purchasable","15":"product-type-simple"},"_links":{"self":[{"href":"https:\/\/www.raquelwellness.es\/ca\/wp-json\/wp\/v2\/product\/32404","targetHints":{"allow":["GET"]}}],"collection":[{"href":"https:\/\/www.raquelwellness.es\/ca\/wp-json\/wp\/v2\/product"}],"about":[{"href":"https:\/\/www.raquelwellness.es\/ca\/wp-json\/wp\/v2\/types\/product"}],"wp:featuredmedia":[{"embeddable":true,"href":"https:\/\/www.raquelwellness.es\/ca\/wp-json\/wp\/v2\/media\/29366"}],"wp:attachment":[{"href":"https:\/\/www.raquelwellness.es\/ca\/wp-json\/wp\/v2\/media?parent=32404"}],"wp:term":[{"taxonomy":"product_brand","embeddable":true,"href":"https:\/\/www.raquelwellness.es\/ca\/wp-json\/wp\/v2\/product_brand?post=32404"},{"taxonomy":"product_cat","embeddable":true,"href":"https:\/\/www.raquelwellness.es\/ca\/wp-json\/wp\/v2\/product_cat?post=32404"},{"taxonomy":"product_tag","embeddable":true,"href":"https:\/\/www.raquelwellness.es\/ca\/wp-json\/wp\/v2\/product_tag?post=32404"}],"curies":[{"name":"wp","href":"https:\/\/api.w.org\/{rel}","templated":true}]}}