{"id":32407,"date":"2021-07-31T20:17:29","date_gmt":"2021-07-31T18:17:29","guid":{"rendered":"https:\/\/www.raquelwellness.es\/?post_type=product&#038;p=32407"},"modified":"2025-08-27T23:32:25","modified_gmt":"2025-08-27T21:32:25","slug":"tratamiento-menopausia-indiba","status":"publish","type":"product","link":"https:\/\/www.raquelwellness.es\/ca\/tienda-online\/tratamiento-menopausia-indiba\/","title":{"rendered":"Tratamiento Menopausia INDIBA (80m)"},"content":{"rendered":"<h2>INDICACIONES<\/h2>\n<p>Este tratamiento tiene diferentes indicaciones, puesto que como su nombre dice, est\u00e1 muy indicado en caso de menopausia para ayudarnos a disminuir los diferentes s\u00edntomas que aparecen, como s\u00f3n los sofocos, irritabilidad, alteraci\u00f3n del sue\u00f1o, sequedad generalizada, y acumulaci\u00f3n irregular de grasa, sin olvidarnos de la retenci\u00f3n de l\u00edquidos.<\/p>\n<p>En Wellness by Raquel Romero siempre realizamos un diagnostico gratuito para poder realizar el tratamiento m\u00e1s adecuado y obtener el mejor resultado.<\/p>\n<h2>EL TRATAMIENTO EN CABINA<\/h2>\n<p>Los objetivos del tratamiento son remodelar la figura, eliminar el exceso de l\u00edquidos, mejorar la hidrataci\u00f3n, recuperar el equilibrio an\u00edmico y como todos los tratamientos INDIBA nos garantiza la sensaci\u00f3n de relajaci\u00f3n y bienestar.<\/p>\n<p>Este tratamiento INDIBA dura 80 minutos y trabajaremos abdomen, espalda y brazos.<\/p>\n<p>Se recomienda realizar varias sesiones, estas depender\u00e1n del diagn\u00f3stico previamente realizado.<\/p>\n<p>Para obtener resultados \u00f3ptimos recomendamos realizar las primeras sesiones del tratamiento de forma frecuente, as\u00ed como realizar sesiones de mantenimiento una vez acabado el mismo.<\/p>\n<p>Hemos creado BONOS de tratamiento de 5 , 10 o 15 sesiones, de esta forma estar\u00e1s ahorrando (hasta un 30% comparado con el precio por sesi\u00f3n) desde la primera sesi\u00f3n.<\/p>\n","protected":false},"excerpt":{"rendered":"<p>La mayor\u00eda de las mujeres sufren de celulitis, y sienten al tacto y a la vista esa anti est\u00e9tica piel de naranja.<\/p>\n<p>En Wellness by Raquel Romero siempre realizamos un diagnostico gratuito para poder realizar el tratamiento m\u00e1s adecuado y obtener el mejor resultado.<\/p>\n","protected":false},"featured_media":29324,"template":"","meta":{"_et_pb_use_builder":"","_et_pb_old_content":"","_et_gb_content_width":""},"product_brand":[],"product_cat":[48,151,161],"product_tag":[],"class_list":{"0":"post-32407","1":"product","2":"type-product","3":"status-publish","4":"has-post-thumbnail","6":"product_cat-indiba","7":"product_cat-tratamientos","8":"product_cat-tratamientos-corporales-indiba","10":"first","11":"instock","12":"virtual","13":"taxable","14":"purchasable","15":"product-type-simple"},"_links":{"self":[{"href":"https:\/\/www.raquelwellness.es\/ca\/wp-json\/wp\/v2\/product\/32407","targetHints":{"allow":["GET"]}}],"collection":[{"href":"https:\/\/www.raquelwellness.es\/ca\/wp-json\/wp\/v2\/product"}],"about":[{"href":"https:\/\/www.raquelwellness.es\/ca\/wp-json\/wp\/v2\/types\/product"}],"wp:featuredmedia":[{"embeddable":true,"href":"https:\/\/www.raquelwellness.es\/ca\/wp-json\/wp\/v2\/media\/29324"}],"wp:attachment":[{"href":"https:\/\/www.raquelwellness.es\/ca\/wp-json\/wp\/v2\/media?parent=32407"}],"wp:term":[{"taxonomy":"product_brand","embeddable":true,"href":"https:\/\/www.raquelwellness.es\/ca\/wp-json\/wp\/v2\/product_brand?post=32407"},{"taxonomy":"product_cat","embeddable":true,"href":"https:\/\/www.raquelwellness.es\/ca\/wp-json\/wp\/v2\/product_cat?post=32407"},{"taxonomy":"product_tag","embeddable":true,"href":"https:\/\/www.raquelwellness.es\/ca\/wp-json\/wp\/v2\/product_tag?post=32407"}],"curies":[{"name":"wp","href":"https:\/\/api.w.org\/{rel}","templated":true}]}}