{"id":32408,"date":"2021-07-31T20:19:34","date_gmt":"2021-07-31T18:19:34","guid":{"rendered":"https:\/\/www.raquelwellness.es\/?post_type=product&#038;p=32408"},"modified":"2025-08-27T23:29:33","modified_gmt":"2025-08-27T21:29:33","slug":"tratamiento-detox-indiba","status":"publish","type":"product","link":"https:\/\/www.raquelwellness.es\/ca\/tienda-online\/tratamiento-detox-indiba\/","title":{"rendered":"Tratamiento Detox INDIBA (80m)"},"content":{"rendered":"<h2>INDICACIONES<\/h2>\n<p>Indicado para aquellas personas que quieran eliminar toxinas. Que sientan fatiga y cansancio. Muy indicado si est\u00e1s realizando alguna dieta depurativa, alg\u00fan tratamiento remodelador, reductor o bien si tienes retenci\u00f3n de l\u00edquidos y pesadez de piernas.<\/p>\n<p>En Wellness by Raquel Romero siempre realizamos un diagnostico gratuito para poder realizar el tratamiento m\u00e1s adecuado y obtener el mejor resultado.<\/p>\n<h2>EL TRATAMIENTO EN CABINA<\/h2>\n<p>El objetivo del tratamiento es aportar energ\u00eda, drenar, mejorar la circulaci\u00f3n e hidratar y oxigenar los tejidos, ofreciendo una sensaci\u00f3n de bienestar.<\/p>\n<p>El tratamiento dura 80 minutos y se realiza sobre abdomen, piernas, gl\u00fateo y espalda.<\/p>\n<p>Se recomienda realizar desde una \u00fanica sesi\u00f3n a un bono de tratamiento seg\u00fan tu diagn\u00f3stico.<\/p>\n<p>Para obtener resultados \u00f3ptimos recomendamos realizar las primeras sesiones del tratamiento de forma frecuente, as\u00ed como realizar sesiones de mantenimiento una vez acabado el mismo.<\/p>\n<p>Hemos creado BONOS de tratamiento de 5 , 10 o 15 sesiones, de esta forma estar\u00e1s ahorrando (hasta un 30% comparado con el precio por sesi\u00f3n) desde la primera sesi\u00f3n.<\/p>\n","protected":false},"excerpt":{"rendered":"<p>La mayor\u00eda de las mujeres sufren de celulitis, y sienten al tacto y a la vista esa anti est\u00e9tica piel de naranja.<\/p>\n<p>En Wellness by Raquel Romero siempre realizamos un diagnostico gratuito para poder realizar el tratamiento m\u00e1s adecuado y obtener el mejor resultado.<\/p>\n","protected":false},"featured_media":26,"template":"","meta":{"_et_pb_use_builder":"","_et_pb_old_content":"","_et_gb_content_width":""},"product_brand":[],"product_cat":[48,151,161],"product_tag":[],"class_list":{"0":"post-32408","1":"product","2":"type-product","3":"status-publish","4":"has-post-thumbnail","6":"product_cat-indiba","7":"product_cat-tratamientos","8":"product_cat-tratamientos-corporales-indiba","10":"first","11":"instock","12":"virtual","13":"taxable","14":"purchasable","15":"product-type-simple"},"_links":{"self":[{"href":"https:\/\/www.raquelwellness.es\/ca\/wp-json\/wp\/v2\/product\/32408","targetHints":{"allow":["GET"]}}],"collection":[{"href":"https:\/\/www.raquelwellness.es\/ca\/wp-json\/wp\/v2\/product"}],"about":[{"href":"https:\/\/www.raquelwellness.es\/ca\/wp-json\/wp\/v2\/types\/product"}],"wp:featuredmedia":[{"embeddable":true,"href":"https:\/\/www.raquelwellness.es\/ca\/wp-json\/wp\/v2\/media\/26"}],"wp:attachment":[{"href":"https:\/\/www.raquelwellness.es\/ca\/wp-json\/wp\/v2\/media?parent=32408"}],"wp:term":[{"taxonomy":"product_brand","embeddable":true,"href":"https:\/\/www.raquelwellness.es\/ca\/wp-json\/wp\/v2\/product_brand?post=32408"},{"taxonomy":"product_cat","embeddable":true,"href":"https:\/\/www.raquelwellness.es\/ca\/wp-json\/wp\/v2\/product_cat?post=32408"},{"taxonomy":"product_tag","embeddable":true,"href":"https:\/\/www.raquelwellness.es\/ca\/wp-json\/wp\/v2\/product_tag?post=32408"}],"curies":[{"name":"wp","href":"https:\/\/api.w.org\/{rel}","templated":true}]}}