{"id":32410,"date":"2021-07-31T20:21:44","date_gmt":"2021-07-31T18:21:44","guid":{"rendered":"https:\/\/www.raquelwellness.es\/?post_type=product&#038;p=32410"},"modified":"2025-08-27T23:32:57","modified_gmt":"2025-08-27T21:32:57","slug":"reafirmacion-pecho-indiba","status":"publish","type":"product","link":"https:\/\/www.raquelwellness.es\/ca\/tienda-online\/reafirmacion-pecho-indiba\/","title":{"rendered":"Tratamiento Reafirmaci\u00f3n de Pecho con INDIBA (50m)"},"content":{"rendered":"<h2>INDICACIONES<\/h2>\n<p>El pecho es una zona corporal con la cual toda mujer ha de sentirse c\u00f3moda.<br \/>\nSi no te sientes c\u00f3moda con tu pecho, o ha perdido el tono, la elasticidad y\/o est\u00e1 ca\u00eddo, este es tu tratamiento.<\/p>\n<p>Es un tratamiento compatible e indicado para personas que tienen pr\u00f3tesis (tambi\u00e9n llamados implantes mamarios) mejorando el aspecto, consiguiendo m\u00e1s naturalidad.<\/p>\n<p>En Wellness by Raquel Romero siempre realizamos un diagnostico gratuito para poder realizar el tratamiento m\u00e1s adecuado y obtener el mejor resultado.<\/p>\n<h2>EL TRATAMIENTO EN CABINA<\/h2>\n<p>El objetivo de este tratamiento es elevar, reafirmar, tensar el escote y disminuir la fibrosis. <\/p>\n<p>Una vez realizado el diagn\u00f3stico determinaremos si tu pecho puede ser tratado con INDIBA. En caso afirmativo, te propondremos un plan de tratamiento ajustado a tu caso.<\/p>\n<p>Todos los tratamientos de pecho se trabajan en sinergia con la l\u00ednea de pecho de Gern\u00e9tic.<\/p>\n<p>Para obtener resultados \u00f3ptimos recomendamos realizar las primeras sesiones del tratamiento de forma frecuente, as\u00ed como realizar sesiones de mantenimiento una vez acabado el mismo.<\/p>\n<p>Hemos creado BONOS de tratamiento de 5 , 10 o 15 sesiones, de esta forma estar\u00e1s ahorrando (hasta un 30% comparado con el precio por sesi\u00f3n) desde la primera sesi\u00f3n.<\/p>\n","protected":false},"excerpt":{"rendered":"<p>La mayor\u00eda de las mujeres sufren de celulitis, y sienten al tacto y a la vista esa anti est\u00e9tica piel de naranja.<\/p>\n<p>En Wellness by Raquel Romero siempre realizamos un diagnostico gratuito para poder realizar el tratamiento m\u00e1s adecuado y obtener el mejor resultado.<\/p>\n","protected":false},"featured_media":29333,"template":"","meta":{"_et_pb_use_builder":"","_et_pb_old_content":"","_et_gb_content_width":""},"product_brand":[],"product_cat":[48,151,161],"product_tag":[],"class_list":{"0":"post-32410","1":"product","2":"type-product","3":"status-publish","4":"has-post-thumbnail","6":"product_cat-indiba","7":"product_cat-tratamientos","8":"product_cat-tratamientos-corporales-indiba","10":"first","11":"instock","12":"virtual","13":"taxable","14":"purchasable","15":"product-type-simple"},"_links":{"self":[{"href":"https:\/\/www.raquelwellness.es\/ca\/wp-json\/wp\/v2\/product\/32410","targetHints":{"allow":["GET"]}}],"collection":[{"href":"https:\/\/www.raquelwellness.es\/ca\/wp-json\/wp\/v2\/product"}],"about":[{"href":"https:\/\/www.raquelwellness.es\/ca\/wp-json\/wp\/v2\/types\/product"}],"wp:featuredmedia":[{"embeddable":true,"href":"https:\/\/www.raquelwellness.es\/ca\/wp-json\/wp\/v2\/media\/29333"}],"wp:attachment":[{"href":"https:\/\/www.raquelwellness.es\/ca\/wp-json\/wp\/v2\/media?parent=32410"}],"wp:term":[{"taxonomy":"product_brand","embeddable":true,"href":"https:\/\/www.raquelwellness.es\/ca\/wp-json\/wp\/v2\/product_brand?post=32410"},{"taxonomy":"product_cat","embeddable":true,"href":"https:\/\/www.raquelwellness.es\/ca\/wp-json\/wp\/v2\/product_cat?post=32410"},{"taxonomy":"product_tag","embeddable":true,"href":"https:\/\/www.raquelwellness.es\/ca\/wp-json\/wp\/v2\/product_tag?post=32410"}],"curies":[{"name":"wp","href":"https:\/\/api.w.org\/{rel}","templated":true}]}}