{"id":32411,"date":"2021-07-31T20:25:57","date_gmt":"2021-07-31T18:25:57","guid":{"rendered":"https:\/\/www.raquelwellness.es\/?post_type=product&#038;p=32411"},"modified":"2025-08-27T23:29:13","modified_gmt":"2025-08-27T21:29:13","slug":"tratamiento-belleza-espalda-indiba","status":"publish","type":"product","link":"https:\/\/www.raquelwellness.es\/ca\/tienda-online\/tratamiento-belleza-espalda-indiba\/","title":{"rendered":"Tratamiento Descontracturante Localizado con INDIBA (50m)"},"content":{"rendered":"<p>En el tratamiento de espalda trabajaremos con INDIBA toda la espalda, y zona cervical.<br \/>\nEs un tratamiento que recorre la espalda longitudinalmente desde el sacro, pasando por la lumbar, dorsal, y cervical, liberando tensiones musculares de toda la zona.<br \/>\nSiempre mediante movimientos lentos y envolventes aportaremos oxigenaci\u00f3n a los tejidos y mejoraremos el drenaje de la zona, lo que nos ofrecer\u00e1 una sensaci\u00f3n agradable.<\/p>\n<p>Para obtener resultados \u00f3ptimos recomendamos realizar las primeras sesiones del tratamiento de forma frecuente, as\u00ed como realizar sesiones de mantenimiento una vez acabado el mismo.<\/p>\n<p>Hemos creado BONOS de tratamiento de 5 , 10 o 15 sesiones, de esta forma estar\u00e1s ahorrando (hasta un 30% comparado con el precio por sesi\u00f3n) desde la primera sesi\u00f3n.<\/p>\n","protected":false},"excerpt":{"rendered":"<p>La espalda es una zona corporal que soporta la tensi\u00f3n diaria. El d\u00eda a d\u00eda nos produce cansancio, con INDIBA trabajaremos toda tu espalda oxigenando los tejidos y as\u00ed obtendr\u00e1s una relajaci\u00f3n en tu musculatura, lo que nos proporcionar\u00e1 una sensaci\u00f3n de bienestar.<\/p>\n<p>En Wellness by Raquel Romero siempre realizamos un diagnostico gratuito para poder realizar el tratamiento m\u00e1s adecuado y obtener el mejor resultado.<\/p>\n","protected":false},"featured_media":29326,"template":"","meta":{"_et_pb_use_builder":"","_et_pb_old_content":"","_et_gb_content_width":""},"product_brand":[],"product_cat":[48,151,161],"product_tag":[],"class_list":{"0":"post-32411","1":"product","2":"type-product","3":"status-publish","4":"has-post-thumbnail","6":"product_cat-indiba","7":"product_cat-tratamientos","8":"product_cat-tratamientos-corporales-indiba","10":"first","11":"instock","12":"virtual","13":"taxable","14":"purchasable","15":"product-type-simple"},"_links":{"self":[{"href":"https:\/\/www.raquelwellness.es\/ca\/wp-json\/wp\/v2\/product\/32411","targetHints":{"allow":["GET"]}}],"collection":[{"href":"https:\/\/www.raquelwellness.es\/ca\/wp-json\/wp\/v2\/product"}],"about":[{"href":"https:\/\/www.raquelwellness.es\/ca\/wp-json\/wp\/v2\/types\/product"}],"wp:featuredmedia":[{"embeddable":true,"href":"https:\/\/www.raquelwellness.es\/ca\/wp-json\/wp\/v2\/media\/29326"}],"wp:attachment":[{"href":"https:\/\/www.raquelwellness.es\/ca\/wp-json\/wp\/v2\/media?parent=32411"}],"wp:term":[{"taxonomy":"product_brand","embeddable":true,"href":"https:\/\/www.raquelwellness.es\/ca\/wp-json\/wp\/v2\/product_brand?post=32411"},{"taxonomy":"product_cat","embeddable":true,"href":"https:\/\/www.raquelwellness.es\/ca\/wp-json\/wp\/v2\/product_cat?post=32411"},{"taxonomy":"product_tag","embeddable":true,"href":"https:\/\/www.raquelwellness.es\/ca\/wp-json\/wp\/v2\/product_tag?post=32411"}],"curies":[{"name":"wp","href":"https:\/\/api.w.org\/{rel}","templated":true}]}}