{"id":32412,"date":"2021-07-31T20:28:47","date_gmt":"2021-07-31T18:28:47","guid":{"rendered":"https:\/\/www.raquelwellness.es\/?post_type=product&#038;p=32412"},"modified":"2025-08-27T23:33:33","modified_gmt":"2025-08-27T21:33:33","slug":"tratamiento-reductor-grasa-indiba","status":"publish","type":"product","link":"https:\/\/www.raquelwellness.es\/ca\/tienda-online\/tratamiento-reductor-grasa-indiba\/","title":{"rendered":"Tratamiento Reductor de Grasa con INDIBA (50m)"},"content":{"rendered":"<p>Con el tratamiento INDIBA para la reducci\u00f3n de grasa, drenaremos la zona consiguiendo as\u00ed reducir el exceso de grasa acumulada. Adem\u00e1s mejoraremos la elasticidad cut\u00e1nea y reafirmaremos el tejido.<\/p>\n<p>Podemos encontrar grasa localizada en brazos, espalda, abdomen, gl\u00fateos, cartuchera o muslos, por ello cada tratamiento ser\u00e1 \u00fanico y adaptado a tus necesidades, despu\u00e9s de realizar un diagn\u00f3stico determinaremos la duraci\u00f3n de las sesiones, pudiendo ser 30 o 60 minutos por sesi\u00f3n.<\/p>\n<p>Para obtener resultados \u00f3ptimos recomendamos realizar las primeras sesiones del tratamiento de forma frecuente, as\u00ed como realizar sesiones de mantenimiento una vez acabado el mismo.<\/p>\n<p>Hemos creado BONOS de tratamiento de 5 , 10 o 15 sesiones, de esta forma estar\u00e1s ahorrando (hasta un 30% comparado con el precio por sesi\u00f3n) desde la primera sesi\u00f3n.<\/p>\n","protected":false},"excerpt":{"rendered":"<p>Algunas personas est\u00e1n inc\u00f3modas con los excesos de grasa en alguna parte de su cuerpo, siendo dif\u00edcil eliminar incluso con las dietas m\u00e1s estrictas.<\/p>\n<p>Es un tratamiento indicado en casos de grasa visceral, grasa localizada, piel fl\u00e1cida o los antiest\u00e9ticos \u201cmichelines\u201d.<\/p>\n<p>En Wellness by Raquel Romero siempre realizamos un diagnostico gratuito para poder realizar el tratamiento m\u00e1s adecuado y obtener el mejor resultado.<\/p>\n","protected":false},"featured_media":29330,"template":"","meta":{"_et_pb_use_builder":"","_et_pb_old_content":"","_et_gb_content_width":""},"product_brand":[],"product_cat":[48,151,161],"product_tag":[],"class_list":{"0":"post-32412","1":"product","2":"type-product","3":"status-publish","4":"has-post-thumbnail","6":"product_cat-indiba","7":"product_cat-tratamientos","8":"product_cat-tratamientos-corporales-indiba","10":"first","11":"instock","12":"virtual","13":"taxable","14":"purchasable","15":"product-type-simple"},"_links":{"self":[{"href":"https:\/\/www.raquelwellness.es\/ca\/wp-json\/wp\/v2\/product\/32412","targetHints":{"allow":["GET"]}}],"collection":[{"href":"https:\/\/www.raquelwellness.es\/ca\/wp-json\/wp\/v2\/product"}],"about":[{"href":"https:\/\/www.raquelwellness.es\/ca\/wp-json\/wp\/v2\/types\/product"}],"wp:featuredmedia":[{"embeddable":true,"href":"https:\/\/www.raquelwellness.es\/ca\/wp-json\/wp\/v2\/media\/29330"}],"wp:attachment":[{"href":"https:\/\/www.raquelwellness.es\/ca\/wp-json\/wp\/v2\/media?parent=32412"}],"wp:term":[{"taxonomy":"product_brand","embeddable":true,"href":"https:\/\/www.raquelwellness.es\/ca\/wp-json\/wp\/v2\/product_brand?post=32412"},{"taxonomy":"product_cat","embeddable":true,"href":"https:\/\/www.raquelwellness.es\/ca\/wp-json\/wp\/v2\/product_cat?post=32412"},{"taxonomy":"product_tag","embeddable":true,"href":"https:\/\/www.raquelwellness.es\/ca\/wp-json\/wp\/v2\/product_tag?post=32412"}],"curies":[{"name":"wp","href":"https:\/\/api.w.org\/{rel}","templated":true}]}}