{"id":32413,"date":"2021-07-31T21:15:46","date_gmt":"2021-07-31T19:15:46","guid":{"rendered":"https:\/\/www.raquelwellness.es\/?post_type=product&#038;p=32413"},"modified":"2025-08-27T23:32:38","modified_gmt":"2025-08-27T21:32:38","slug":"tratamiento-piernas-cansadas-indiba","status":"publish","type":"product","link":"https:\/\/www.raquelwellness.es\/ca\/tienda-online\/tratamiento-piernas-cansadas-indiba\/","title":{"rendered":"Tratamiento Piernas Cansadas INDIBA (50m)"},"content":{"rendered":"<p>El objetivo del tratamiento es obtener unas piernas m\u00e1s ligeras, unificar la coloraci\u00f3n y fortalecer los capilares.<\/p>\n<p>En este tratamiento insistiremos en mejorar tu sistema linf\u00e1tico, ayudando a eliminar el exceso de l\u00edquido que pueda estar provocando esa congesti\u00f3n en tus piernas. Trabajaremos sobre todo en la cara interna para ayudarnos a mejorar el retorno venoso y como consecuencia mejorar tu pesadez de piernas.<\/p>\n<p>Para obtener resultados \u00f3ptimos recomendamos realizar las primeras sesiones del tratamiento de forma frecuente, as\u00ed como realizar sesiones de mantenimiento una vez acabado el mismo.<\/p>\n<p>Hemos creado BONOS de tratamiento de 5 , 10 o 15 sesiones, de esta forma estar\u00e1s ahorrando (hasta un 30% comparado con el precio por sesi\u00f3n) desde la primera sesi\u00f3n.<\/p>\n","protected":false},"excerpt":{"rendered":"<p>Si tienes un trabajo en el cual est\u00e1s muchas horas de pie o muchas horas sentado\/a es probable que sientas alguno o varios de los siguientes s\u00edntomas: pesadez de piernas, coloraci\u00f3n es anormal (pudiendo ser amoratada), fragilidad capilar, piernas hinchadas o congestionadas, este es el tratamiento INDIBA indicado para mejorar su aspecto y sentir una sensaci\u00f3n de alivio y bienestar.<\/p>\n<p>En Wellness by Raquel Romero siempre realizamos un diagnostico gratuito para poder realizar el tratamiento m\u00e1s adecuado y obtener el mejor resultado.<\/p>\n","protected":false},"featured_media":29367,"template":"","meta":{"_et_pb_use_builder":"","_et_pb_old_content":"","_et_gb_content_width":""},"product_brand":[],"product_cat":[48,151,161],"product_tag":[],"class_list":{"0":"post-32413","1":"product","2":"type-product","3":"status-publish","4":"has-post-thumbnail","6":"product_cat-indiba","7":"product_cat-tratamientos","8":"product_cat-tratamientos-corporales-indiba","10":"first","11":"instock","12":"virtual","13":"taxable","14":"purchasable","15":"product-type-simple"},"_links":{"self":[{"href":"https:\/\/www.raquelwellness.es\/ca\/wp-json\/wp\/v2\/product\/32413","targetHints":{"allow":["GET"]}}],"collection":[{"href":"https:\/\/www.raquelwellness.es\/ca\/wp-json\/wp\/v2\/product"}],"about":[{"href":"https:\/\/www.raquelwellness.es\/ca\/wp-json\/wp\/v2\/types\/product"}],"wp:featuredmedia":[{"embeddable":true,"href":"https:\/\/www.raquelwellness.es\/ca\/wp-json\/wp\/v2\/media\/29367"}],"wp:attachment":[{"href":"https:\/\/www.raquelwellness.es\/ca\/wp-json\/wp\/v2\/media?parent=32413"}],"wp:term":[{"taxonomy":"product_brand","embeddable":true,"href":"https:\/\/www.raquelwellness.es\/ca\/wp-json\/wp\/v2\/product_brand?post=32413"},{"taxonomy":"product_cat","embeddable":true,"href":"https:\/\/www.raquelwellness.es\/ca\/wp-json\/wp\/v2\/product_cat?post=32413"},{"taxonomy":"product_tag","embeddable":true,"href":"https:\/\/www.raquelwellness.es\/ca\/wp-json\/wp\/v2\/product_tag?post=32413"}],"curies":[{"name":"wp","href":"https:\/\/api.w.org\/{rel}","templated":true}]}}