{"id":32414,"date":"2021-07-31T21:18:37","date_gmt":"2021-07-31T19:18:37","guid":{"rendered":"https:\/\/www.raquelwellness.es\/?post_type=product&#038;p=32414"},"modified":"2025-08-27T23:30:53","modified_gmt":"2025-08-27T21:30:53","slug":"tratamiento-indiba-facial-antienvejecimiento","status":"publish","type":"product","link":"https:\/\/www.raquelwellness.es\/ca\/tienda-online\/tratamiento-indiba-facial-antienvejecimiento\/","title":{"rendered":"Tratamiento Facial Antienvejecimiento INDIBA (50m)"},"content":{"rendered":"<p>En cabina realizaremos una higiene y un exfoliante si fuera necesario, una vez preparada la piel procederemos a realizar la sesi\u00f3n de radiofrecuencia con la crema de conductora de INDIBA, seg\u00fan la problem\u00e1tica el tiempo variar\u00e1, en 30 minutos trabajaremos cuello y rostro, en 60 minutos escote, cuello y rostro, en 90 minutos cervicales, trapecios, escote, cuello y rostro.<\/p>\n<p>Con la frecuencia INDIBA conseguiremos el equilibrio celular, al aportar temperatura a los tejidos oxigenaremos los mismos mejorando el aporte circulatorio y sangu\u00edneo. Activando las c\u00e9lulas encargadas de producir col\u00e1geno y elastina. Por ello los resultados son visibles desde la primera sesi\u00f3n y acumulativos con el curso de las sesiones.<\/p>\n<p>Recomendamos realizar sesiones de mantenimiento para mantener los resultados alcanzados. Para ello, hemos creado BONOS de tratamiento de 5 , 10 o 15 sesiones, de esta forma estar\u00e1s ahorrando (hasta un 30% comparado con el precio por sesi\u00f3n) desde la primera sesi\u00f3n.<\/p>\n<p>Nuestras cremas de uso diario prescritas son parte del tratamiento ya que act\u00faan sobre el origen del problema y nos proporcionar\u00e1n resultados visibles.<\/p>\n<p>Recomendamos h\u00e1bitos de higiene diaria para una mejor oxigenaci\u00f3n de la piel.  Adem\u00e1s es importante utilizar un peeling una vez por semana para ayudarnos a eliminar el grosor de capa c\u00f3rnea que se produce con el paso de los a\u00f1os.<\/p>\n","protected":false},"excerpt":{"rendered":"<p>Indicado a pieles con signos de envejecimiento tales como deshidrataci\u00f3n, arrugas, flacidez.<\/p>\n<p>Recuerda que en Wellness by Raquel Romero te realizamos un diagnostico gratuito para conocer el tratamiento m\u00e1s adecuado para tu piel.<\/p>\n","protected":false},"featured_media":32,"template":"","meta":{"_et_pb_use_builder":"","_et_pb_old_content":"","_et_gb_content_width":""},"product_brand":[],"product_cat":[48,151,166],"product_tag":[],"class_list":{"0":"post-32414","1":"product","2":"type-product","3":"status-publish","4":"has-post-thumbnail","6":"product_cat-indiba","7":"product_cat-tratamientos","8":"product_cat-tratamientos-faciales-indiba","10":"first","11":"instock","12":"virtual","13":"taxable","14":"purchasable","15":"product-type-simple"},"_links":{"self":[{"href":"https:\/\/www.raquelwellness.es\/ca\/wp-json\/wp\/v2\/product\/32414","targetHints":{"allow":["GET"]}}],"collection":[{"href":"https:\/\/www.raquelwellness.es\/ca\/wp-json\/wp\/v2\/product"}],"about":[{"href":"https:\/\/www.raquelwellness.es\/ca\/wp-json\/wp\/v2\/types\/product"}],"wp:featuredmedia":[{"embeddable":true,"href":"https:\/\/www.raquelwellness.es\/ca\/wp-json\/wp\/v2\/media\/32"}],"wp:attachment":[{"href":"https:\/\/www.raquelwellness.es\/ca\/wp-json\/wp\/v2\/media?parent=32414"}],"wp:term":[{"taxonomy":"product_brand","embeddable":true,"href":"https:\/\/www.raquelwellness.es\/ca\/wp-json\/wp\/v2\/product_brand?post=32414"},{"taxonomy":"product_cat","embeddable":true,"href":"https:\/\/www.raquelwellness.es\/ca\/wp-json\/wp\/v2\/product_cat?post=32414"},{"taxonomy":"product_tag","embeddable":true,"href":"https:\/\/www.raquelwellness.es\/ca\/wp-json\/wp\/v2\/product_tag?post=32414"}],"curies":[{"name":"wp","href":"https:\/\/api.w.org\/{rel}","templated":true}]}}