{"id":32416,"date":"2021-08-01T11:23:04","date_gmt":"2021-08-01T09:23:04","guid":{"rendered":"https:\/\/www.raquelwellness.es\/?post_type=product&#038;p=32416"},"modified":"2025-08-27T23:32:12","modified_gmt":"2025-08-27T21:32:12","slug":"tratamiento-facial-elasticidad-indiba","status":"publish","type":"product","link":"https:\/\/www.raquelwellness.es\/ca\/tienda-online\/tratamiento-facial-elasticidad-indiba\/","title":{"rendered":"Tratamiento Facial Recupera Elasticidad INDIBA (50m)"},"content":{"rendered":"<p>En cabina realizaremos una higiene y un exfoliante si fuera necesario, una vez preparada la piel procederemos a realizar la sesi\u00f3n de radiofrecuencia con la crema de conductora de INDIBA, seg\u00fan la problem\u00e1tica el tiempo variar\u00e1, en 30 minutos trabajaremos cuello y rostro, en 60 minutos escote, cuello y rostro, en 90 minutos cervicales, trapecios, escote, cuello y rostro.<\/p>\n<p>Con este tratamiento conseguiremos una piel m\u00e1s firme y compacta, con el trabajo manual que realizar\u00e1 la t\u00e9cnico operadora remodelaremos el ovalo, p\u00f3mulos, contorno de ojos devolviendo a los tejidos la flacidez producida por el paso de los a\u00f1os.<\/p>\n<p>Recomendamos realizar sesiones de mantenimiento para mantener los resultados alcanzados. Para ello, hemos creado BONOS de tratamiento de 5 , 10 o 15 sesiones, de esta forma estar\u00e1s ahorrando (hasta un 30% comparado con el precio por sesi\u00f3n) desde la primera sesi\u00f3n.<\/p>\n","protected":false},"excerpt":{"rendered":"<p>Para aquellas pieles con signos de flacidez.<br \/>\nCon este tratamiento conseguiremos una piel m\u00e1s firme y compacta, con el trabajo manual que realizar\u00e1 la t\u00e9cnico operadora remodelaremos el ovalo, p\u00f3mulos, contorno de ojos devolviendo a los tejidos la flacidez producida por el paso de los a\u00f1os.<\/p>\n<p>Recuerda que en Wellness by Raquel Romero te realizamos un diagnostico gratuito para conocer el tratamiento m\u00e1s adecuado para tu piel.<\/p>\n","protected":false},"featured_media":29022,"template":"","meta":{"_et_pb_use_builder":"","_et_pb_old_content":"","_et_gb_content_width":""},"product_brand":[],"product_cat":[48,151,166],"product_tag":[],"class_list":{"0":"post-32416","1":"product","2":"type-product","3":"status-publish","4":"has-post-thumbnail","6":"product_cat-indiba","7":"product_cat-tratamientos","8":"product_cat-tratamientos-faciales-indiba","10":"first","11":"instock","12":"virtual","13":"taxable","14":"purchasable","15":"product-type-simple"},"_links":{"self":[{"href":"https:\/\/www.raquelwellness.es\/ca\/wp-json\/wp\/v2\/product\/32416","targetHints":{"allow":["GET"]}}],"collection":[{"href":"https:\/\/www.raquelwellness.es\/ca\/wp-json\/wp\/v2\/product"}],"about":[{"href":"https:\/\/www.raquelwellness.es\/ca\/wp-json\/wp\/v2\/types\/product"}],"wp:featuredmedia":[{"embeddable":true,"href":"https:\/\/www.raquelwellness.es\/ca\/wp-json\/wp\/v2\/media\/29022"}],"wp:attachment":[{"href":"https:\/\/www.raquelwellness.es\/ca\/wp-json\/wp\/v2\/media?parent=32416"}],"wp:term":[{"taxonomy":"product_brand","embeddable":true,"href":"https:\/\/www.raquelwellness.es\/ca\/wp-json\/wp\/v2\/product_brand?post=32416"},{"taxonomy":"product_cat","embeddable":true,"href":"https:\/\/www.raquelwellness.es\/ca\/wp-json\/wp\/v2\/product_cat?post=32416"},{"taxonomy":"product_tag","embeddable":true,"href":"https:\/\/www.raquelwellness.es\/ca\/wp-json\/wp\/v2\/product_tag?post=32416"}],"curies":[{"name":"wp","href":"https:\/\/api.w.org\/{rel}","templated":true}]}}