{"id":32417,"date":"2021-08-01T11:26:06","date_gmt":"2021-08-01T09:26:06","guid":{"rendered":"https:\/\/www.raquelwellness.es\/?post_type=product&#038;p=32417"},"modified":"2025-08-27T23:31:24","modified_gmt":"2025-08-27T21:31:24","slug":"tratamiento-facial-hidratante-indiba","status":"publish","type":"product","link":"https:\/\/www.raquelwellness.es\/ca\/tienda-online\/tratamiento-facial-hidratante-indiba\/","title":{"rendered":"Tratamiento Facial Hidratante INDIBA (50m)"},"content":{"rendered":"<p>En cabina realizaremos una higiene y un exfoliante si fuera necesario, una vez preparada la piel procederemos a realizar la sesi\u00f3n de radiofrecuencia con la crema de conductora de INDIBA, seg\u00fan la problem\u00e1tica el tiempo variar\u00e1, en 30 minutos trabajaremos cuello y rostro, en 60 minutos escote, cuello y rostro, en 90 minutos cervicales, trapecios, escote, cuello y rostro.<\/p>\n<p>Con este tratamiento conseguiremos una piel suave y luminosa gracias a la oxigenaci\u00f3n producida por la frecuencia especifica INDIBA que realiza un equilibrio celular.<\/p>\n<p>Recomendamos realizar sesiones de mantenimiento para mantener los resultados alcanzados. Para ello, hemos creado BONOS de tratamiento de 5 , 10 o 15 sesiones, de esta forma estar\u00e1s ahorrando (hasta un 30% comparado con el precio por sesi\u00f3n) desde la primera sesi\u00f3n.<\/p>\n","protected":false},"excerpt":{"rendered":"<p>Indicados a aquellas pieles rugosas con falta de agua y por ello deben su tacto rugoso y coloraci\u00f3n apagada con falta de luminosidad.<\/p>\n<p>Recuerda que en Wellness by Raquel Romero te realizamos un diagnostico gratuito para conocer el tratamiento m\u00e1s adecuado para tu piel.<\/p>\n","protected":false},"featured_media":25,"template":"","meta":{"_et_pb_use_builder":"","_et_pb_old_content":"","_et_gb_content_width":""},"product_brand":[],"product_cat":[48,151,166],"product_tag":[],"class_list":{"0":"post-32417","1":"product","2":"type-product","3":"status-publish","4":"has-post-thumbnail","6":"product_cat-indiba","7":"product_cat-tratamientos","8":"product_cat-tratamientos-faciales-indiba","10":"first","11":"instock","12":"virtual","13":"taxable","14":"purchasable","15":"product-type-simple"},"_links":{"self":[{"href":"https:\/\/www.raquelwellness.es\/ca\/wp-json\/wp\/v2\/product\/32417","targetHints":{"allow":["GET"]}}],"collection":[{"href":"https:\/\/www.raquelwellness.es\/ca\/wp-json\/wp\/v2\/product"}],"about":[{"href":"https:\/\/www.raquelwellness.es\/ca\/wp-json\/wp\/v2\/types\/product"}],"wp:featuredmedia":[{"embeddable":true,"href":"https:\/\/www.raquelwellness.es\/ca\/wp-json\/wp\/v2\/media\/25"}],"wp:attachment":[{"href":"https:\/\/www.raquelwellness.es\/ca\/wp-json\/wp\/v2\/media?parent=32417"}],"wp:term":[{"taxonomy":"product_brand","embeddable":true,"href":"https:\/\/www.raquelwellness.es\/ca\/wp-json\/wp\/v2\/product_brand?post=32417"},{"taxonomy":"product_cat","embeddable":true,"href":"https:\/\/www.raquelwellness.es\/ca\/wp-json\/wp\/v2\/product_cat?post=32417"},{"taxonomy":"product_tag","embeddable":true,"href":"https:\/\/www.raquelwellness.es\/ca\/wp-json\/wp\/v2\/product_tag?post=32417"}],"curies":[{"name":"wp","href":"https:\/\/api.w.org\/{rel}","templated":true}]}}