{"id":32422,"date":"2021-08-01T12:00:12","date_gmt":"2021-08-01T10:00:12","guid":{"rendered":"https:\/\/www.raquelwellness.es\/?post_type=product&#038;p=32422"},"modified":"2025-08-27T23:31:11","modified_gmt":"2025-08-27T21:31:11","slug":"tratamiento-facial-hidratante","status":"publish","type":"product","link":"https:\/\/www.raquelwellness.es\/ca\/tienda-online\/tratamiento-facial-hidratante\/","title":{"rendered":"Tratamiento Facial Hidratante (50m)"},"content":{"rendered":"<p>Nuestro tratamiento utiliza cosm\u00e9ticos de la l\u00ednea Hidratante para cubrir las necesidades de tu piel, estos cosm\u00e9ticos cubrir\u00e1n tus necesidades cut\u00e1neas ofreciendo siempre excelentes resultados.<\/p>\n<p>La piel evoluciona y nosotros nos adaptamos a ella, por lo que iremos variando los cosm\u00e9ticos para conseguir el mejor resultado d\u00eda a d\u00eda, por eso nos interesa tu feedback en cada sesi\u00f3n antes y despu\u00e9s del tratamiento, de esa forma podremos ofrecerte la mejor recomendaci\u00f3n.<\/p>\n<p>En nuestro tratamiento Hidratante realizaremos una aplicaci\u00f3n de producto constante y nos ayudaremos de t\u00e9cnicas de lisaje y amasamientos para ayudar su penetraci\u00f3n. Todos nuestros tratamientos se trabajan cara, cuello y escote incidiendo en aquellas zonas que m\u00e1s te preocupan.<\/p>\n<p>Nuestras cremas de uso diario prescritas son parte del tratamiento ya que act\u00faan sobre el origen del problema y nos proporcionar\u00e1n resultados visibles.<br \/>\nRecomendamos h\u00e1bitos de higiene diaria para una mejor oxigenaci\u00f3n de la piel. Adem\u00e1s es importante utilizar un peeling una vez por semana para ayudarnos a eliminar el grosor de capa c\u00f3rnea producido por la deshidrataci\u00f3n cut\u00e1nea.<\/p>\n<p>Una vez que tenemos la piel limpia y preparada, aplicaremos la crema de uso diario que te aportar\u00e1 los nutrientes que necesita tu piel.<\/p>\n<p>Crema de uso diario. Las opciones var\u00edan seg\u00fan las necesidades de tu piel.<br \/>\nEn la mayor\u00eda de los casos las iremos intercalando en funci\u00f3n de la mejora del aspecto de tu piel.<br \/>\nEstimulador celular: Mito Special +<\/p>\n","protected":false},"excerpt":{"rendered":"<p>Est\u00e1 indicado para pieles secas, deshidratadas, mates y rugosas.<\/p>\n<p>Recuerda que en Wellness by Raquel Romero te realizamos un diagnostico gratuito para conocer el tratamiento m\u00e1s adecuado para tu piel.<\/p>\n","protected":false},"featured_media":32546,"template":"","meta":{"_et_pb_use_builder":"","_et_pb_old_content":"","_et_gb_content_width":""},"product_brand":[],"product_cat":[151,51],"product_tag":[],"class_list":{"0":"post-32422","1":"product","2":"type-product","3":"status-publish","4":"has-post-thumbnail","6":"product_cat-tratamientos","7":"product_cat-tratamientos-faciales","9":"first","10":"instock","11":"virtual","12":"taxable","13":"purchasable","14":"product-type-simple"},"_links":{"self":[{"href":"https:\/\/www.raquelwellness.es\/ca\/wp-json\/wp\/v2\/product\/32422","targetHints":{"allow":["GET"]}}],"collection":[{"href":"https:\/\/www.raquelwellness.es\/ca\/wp-json\/wp\/v2\/product"}],"about":[{"href":"https:\/\/www.raquelwellness.es\/ca\/wp-json\/wp\/v2\/types\/product"}],"wp:featuredmedia":[{"embeddable":true,"href":"https:\/\/www.raquelwellness.es\/ca\/wp-json\/wp\/v2\/media\/32546"}],"wp:attachment":[{"href":"https:\/\/www.raquelwellness.es\/ca\/wp-json\/wp\/v2\/media?parent=32422"}],"wp:term":[{"taxonomy":"product_brand","embeddable":true,"href":"https:\/\/www.raquelwellness.es\/ca\/wp-json\/wp\/v2\/product_brand?post=32422"},{"taxonomy":"product_cat","embeddable":true,"href":"https:\/\/www.raquelwellness.es\/ca\/wp-json\/wp\/v2\/product_cat?post=32422"},{"taxonomy":"product_tag","embeddable":true,"href":"https:\/\/www.raquelwellness.es\/ca\/wp-json\/wp\/v2\/product_tag?post=32422"}],"curies":[{"name":"wp","href":"https:\/\/api.w.org\/{rel}","templated":true}]}}