{"id":32424,"date":"2021-08-01T12:05:24","date_gmt":"2021-08-01T10:05:24","guid":{"rendered":"https:\/\/www.raquelwellness.es\/?post_type=product&#038;p=32424"},"modified":"2025-08-27T23:23:13","modified_gmt":"2025-08-27T21:23:13","slug":"higiene-facial","status":"publish","type":"product","link":"https:\/\/www.raquelwellness.es\/ca\/tienda-online\/higiene-facial\/","title":{"rendered":"Higiene Facial Manual"},"content":{"rendered":"<p>Los cosm\u00e9ticos utilizados en una higiene facial ser\u00e1n adaptados seg\u00fan tu tipo de piel, de esta forma cubrir\u00e1n tus necesidades cut\u00e1neas ofreciendo siempre excelentes resultados. Estos pueden ser calmantes, hidratantes, anti-aging, etc.<\/p>\n<p>La piel evoluciona y nosotros nos adaptamos a ella, por lo que iremos variando los cosm\u00e9ticos para conseguir el mejor resultado d\u00eda a d\u00eda, por eso nos interesa tu feedback en cada sesi\u00f3n antes y despu\u00e9s del tratamiento, de esa forma podremos ofrecerte la mejor recomendaci\u00f3n.<\/p>\n<p>Para comenzar, limpiaremos la piel, para ello utilizaremos un cosm\u00e9tico limpiador adaptado a tus necesidades, un punto importante al realizar la higiene facial es elegir y aplicar un buen exfoliante, pudiendo ser este manual o mec\u00e1nico con la aplicaci\u00f3n de una punta de diamante, que nos ayudar\u00e1 a eliminar piel muerta y facilitar\u00e1 la extracci\u00f3n de impurezas y puntos negros. A continuaci\u00f3n, en caso de ser necesario, con la ayuda de una esp\u00e1tula ultras\u00f3nica finalizaremos la limpieza de la piel.<\/p>\n<p>Seg\u00fan tu tipo de piel realizaremos masaje o drenaje, aplicaremos una mascarilla y finalizaremos con la crema de tratamiento.<\/p>\n<p>Nuestras cremas de uso diario prescritas son parte del tratamiento ya que act\u00faan sobre el origen del problema y nos proporcionar\u00e1n resultados visibles.<\/p>\n<p>Recomendamos h\u00e1bitos de higiene diaria para una mejor oxigenaci\u00f3n de la piel. Adem\u00e1s es importante utilizar un peeling una vez por semana para ayudarnos a eliminar el grosor de capa c\u00f3rnea producido por la deshidrataci\u00f3n cut\u00e1nea.<\/p>\n<p>Una vez que tenemos la piel limpia y preparada, aplicaremos la crema de uso diario que te aportar\u00e1 los nutrientes que necesita tu piel.<\/p>\n<p>En el caso de la higiene facial, siendo un tratamiento para todo tipo de pieles, los limpiadores, mascarillas, cremas de uso diario recomendadas cambian en funci\u00f3n de las necesidades de tu piel. Te realizaremos un diagn\u00f3stico totalmente gratuito para recomendarte la m\u00e1s adecuada a tus necesidades.<\/p>\n","protected":false},"excerpt":{"rendered":"<p>Est\u00e1 indicado para todo tipo de pieles. Dependiendo de tu tipo de piel puedes necesitar realizar las higienes mensualmente o una vez cada 3 \u2013 4 meses.<\/p>\n<p>Cuando tu piel presenta puntos negros, e irregularidades es se\u00f1al de necesidad de una higiene facial para obtener una piel sana y suave con un aspecto cuidado.<\/p>\n<p>La higiene facial es un preparativo que se recomienda realizar antes de iniciar cualquier tratamiento.<\/p>\n<p>Recuerda que en Wellness by Raquel Romero te realizamos un diagnostico gratuito para conocer el tratamiento m\u00e1s adecuado para tu piel.<\/p>\n","protected":false},"featured_media":32546,"template":"","meta":{"_et_pb_use_builder":"","_et_pb_old_content":"","_et_gb_content_width":""},"product_brand":[],"product_cat":[151,51],"product_tag":[],"class_list":{"0":"post-32424","1":"product","2":"type-product","3":"status-publish","4":"has-post-thumbnail","6":"product_cat-tratamientos","7":"product_cat-tratamientos-faciales","9":"first","10":"instock","11":"virtual","12":"taxable","13":"purchasable","14":"product-type-simple"},"_links":{"self":[{"href":"https:\/\/www.raquelwellness.es\/ca\/wp-json\/wp\/v2\/product\/32424","targetHints":{"allow":["GET"]}}],"collection":[{"href":"https:\/\/www.raquelwellness.es\/ca\/wp-json\/wp\/v2\/product"}],"about":[{"href":"https:\/\/www.raquelwellness.es\/ca\/wp-json\/wp\/v2\/types\/product"}],"wp:featuredmedia":[{"embeddable":true,"href":"https:\/\/www.raquelwellness.es\/ca\/wp-json\/wp\/v2\/media\/32546"}],"wp:attachment":[{"href":"https:\/\/www.raquelwellness.es\/ca\/wp-json\/wp\/v2\/media?parent=32424"}],"wp:term":[{"taxonomy":"product_brand","embeddable":true,"href":"https:\/\/www.raquelwellness.es\/ca\/wp-json\/wp\/v2\/product_brand?post=32424"},{"taxonomy":"product_cat","embeddable":true,"href":"https:\/\/www.raquelwellness.es\/ca\/wp-json\/wp\/v2\/product_cat?post=32424"},{"taxonomy":"product_tag","embeddable":true,"href":"https:\/\/www.raquelwellness.es\/ca\/wp-json\/wp\/v2\/product_tag?post=32424"}],"curies":[{"name":"wp","href":"https:\/\/api.w.org\/{rel}","templated":true}]}}