{"id":32426,"date":"2021-08-01T12:14:12","date_gmt":"2021-08-01T10:14:12","guid":{"rendered":"https:\/\/www.raquelwellness.es\/?post_type=product&#038;p=32426"},"modified":"2024-12-02T22:32:28","modified_gmt":"2024-12-02T21:32:28","slug":"mesolaser","status":"publish","type":"product","link":"https:\/\/www.raquelwellness.es\/ca\/tienda-online\/mesolaser\/","title":{"rendered":"Meso L\u00e1ser"},"content":{"rendered":"<p>El l\u00e1ser genera una bio-estimulaci\u00f3n importante para la principal mol\u00e9cula energ\u00e9tica de la c\u00e9lula, (ATP), de esta manera se mejoran los procesos regeneradores naturales. Adem\u00e1s este tratamiento combina principios activos &#8220;Anti-Age&#8221;, Hialur\u00f3nico o Vitaminas para aportar nutrientes a tu piel.<\/p>\n<p>Con este tratamiento conseguiremos mejorar la s\u00edntesis de col\u00e1geno y elastina, atenuar arrugas y l\u00edneas de expresi\u00f3n, aumentar la luminosidad, mejorar la hidrataci\u00f3n y un efecto tensor inmediato.<\/p>\n<p>Recomendamos h\u00e1bitos de higiene diaria para una mejor oxigenaci\u00f3n de la piel.<\/p>\n","protected":false},"excerpt":{"rendered":"<p>Mesol\u00e1ser es un novedoso tratamiento que combina fototerapia l\u00e1ser con viales de principios activos que te permite obtener una piel m\u00e1s saludable y de aspecto m\u00e1s joven.<\/p>\n<p>Recuerda que en Wellness by Raquel Romero te realizamos un diagnostico gratuito para conocer el tratamiento m\u00e1s adecuado para tu piel.<\/p>\n","protected":false},"featured_media":32547,"template":"","meta":{"_et_pb_use_builder":"","_et_pb_old_content":"","_et_gb_content_width":""},"product_brand":[],"product_cat":[151,51],"product_tag":[],"class_list":{"0":"post-32426","1":"product","2":"type-product","3":"status-publish","4":"has-post-thumbnail","6":"product_cat-tratamientos","7":"product_cat-tratamientos-faciales","9":"first","10":"instock","11":"virtual","12":"taxable","13":"purchasable","14":"product-type-simple"},"_links":{"self":[{"href":"https:\/\/www.raquelwellness.es\/ca\/wp-json\/wp\/v2\/product\/32426","targetHints":{"allow":["GET"]}}],"collection":[{"href":"https:\/\/www.raquelwellness.es\/ca\/wp-json\/wp\/v2\/product"}],"about":[{"href":"https:\/\/www.raquelwellness.es\/ca\/wp-json\/wp\/v2\/types\/product"}],"wp:featuredmedia":[{"embeddable":true,"href":"https:\/\/www.raquelwellness.es\/ca\/wp-json\/wp\/v2\/media\/32547"}],"wp:attachment":[{"href":"https:\/\/www.raquelwellness.es\/ca\/wp-json\/wp\/v2\/media?parent=32426"}],"wp:term":[{"taxonomy":"product_brand","embeddable":true,"href":"https:\/\/www.raquelwellness.es\/ca\/wp-json\/wp\/v2\/product_brand?post=32426"},{"taxonomy":"product_cat","embeddable":true,"href":"https:\/\/www.raquelwellness.es\/ca\/wp-json\/wp\/v2\/product_cat?post=32426"},{"taxonomy":"product_tag","embeddable":true,"href":"https:\/\/www.raquelwellness.es\/ca\/wp-json\/wp\/v2\/product_tag?post=32426"}],"curies":[{"name":"wp","href":"https:\/\/api.w.org\/{rel}","templated":true}]}}