{"id":32429,"date":"2021-08-01T12:24:06","date_gmt":"2021-08-01T10:24:06","guid":{"rendered":"https:\/\/www.raquelwellness.es\/?post_type=product&#038;p=32429"},"modified":"2024-01-11T13:24:53","modified_gmt":"2024-01-11T12:24:53","slug":"presoterapia","status":"publish","type":"product","link":"https:\/\/www.raquelwellness.es\/ca\/tienda-online\/presoterapia\/","title":{"rendered":"Presoterapia"},"content":{"rendered":"<p>La presoterapia consiste en aplicar presiones de aire sobre diferentes partes del cuerpo para favorecer el drenaje linf\u00e1tico. Esta t\u00e9cnica promueve, adem\u00e1s, la oxigenaci\u00f3n de los tejidos y recupera la elasticidad cut\u00e1nea facilitando la regeneraci\u00f3n tisular.<\/p>\n<p>Los equipos de presoterapia constan de un par de botas y faj\u00edn con diferentes c\u00e1maras de aire que permiten el llenado y vaciado de los diferentes compartimentos y se consigue un efecto llamado oleaje. Esto, logra un vaciado de los vasos linf\u00e1ticos mucho m\u00e1s eficaz que cualquier masaje manual. De esta forma estimulamos el sistema circulatorio contribuyendo as\u00ed a la eliminaci\u00f3n de l\u00edquidos, grasas y toxinas que generan la celulitis, edemas, linfoedemas y trastornos venosos como las varices.<\/p>\n","protected":false},"excerpt":{"rendered":"<p>Tratamiento corporal que estimula el sistema circulatorio a trav\u00e9s de aparatolog\u00eda con c\u00e1maras de aire, para contribuir a la eliminaci\u00f3n de l\u00edquidos, grasas y toxinas que generan la celulitis, edemas, linfoedemas y trastornos venosos como las varices.<br \/>\nMuy indicado en pesadez de piernas, tambi\u00e9n llamadas piernas cansadas.<br \/>\nPrevio al tratamiento se realiza una aplicaci\u00f3n de gel linfodrenante que nos aportar\u00e1 una sensaci\u00f3n de frescor durante la sesi\u00f3n de tratamiento.<br \/>\nUna vez finalizada la sesi\u00f3n de presoterapia continuaremos con la sensaci\u00f3n de frescor que nos aport\u00f3 el gel linfodrenante, adem\u00e1s de haber conseguido la sensaci\u00f3n de piernas m\u00e1s ligeras.<\/p>\n","protected":false},"featured_media":32219,"template":"","meta":{"_et_pb_use_builder":"","_et_pb_old_content":"","_et_gb_content_width":""},"product_brand":[],"product_cat":[151,159],"product_tag":[],"class_list":{"0":"post-32429","1":"product","2":"type-product","3":"status-publish","4":"has-post-thumbnail","6":"product_cat-tratamientos","7":"product_cat-tratamientos-corporales","9":"first","10":"instock","11":"virtual","12":"taxable","13":"purchasable","14":"product-type-simple"},"_links":{"self":[{"href":"https:\/\/www.raquelwellness.es\/ca\/wp-json\/wp\/v2\/product\/32429","targetHints":{"allow":["GET"]}}],"collection":[{"href":"https:\/\/www.raquelwellness.es\/ca\/wp-json\/wp\/v2\/product"}],"about":[{"href":"https:\/\/www.raquelwellness.es\/ca\/wp-json\/wp\/v2\/types\/product"}],"wp:featuredmedia":[{"embeddable":true,"href":"https:\/\/www.raquelwellness.es\/ca\/wp-json\/wp\/v2\/media\/32219"}],"wp:attachment":[{"href":"https:\/\/www.raquelwellness.es\/ca\/wp-json\/wp\/v2\/media?parent=32429"}],"wp:term":[{"taxonomy":"product_brand","embeddable":true,"href":"https:\/\/www.raquelwellness.es\/ca\/wp-json\/wp\/v2\/product_brand?post=32429"},{"taxonomy":"product_cat","embeddable":true,"href":"https:\/\/www.raquelwellness.es\/ca\/wp-json\/wp\/v2\/product_cat?post=32429"},{"taxonomy":"product_tag","embeddable":true,"href":"https:\/\/www.raquelwellness.es\/ca\/wp-json\/wp\/v2\/product_tag?post=32429"}],"curies":[{"name":"wp","href":"https:\/\/api.w.org\/{rel}","templated":true}]}}