{"id":32441,"date":"2021-08-01T13:21:25","date_gmt":"2021-08-01T11:21:25","guid":{"rendered":"https:\/\/www.raquelwellness.es\/?post_type=product&#038;p=32441"},"modified":"2025-08-27T23:26:11","modified_gmt":"2025-08-27T21:26:11","slug":"ritual-citrico","status":"publish","type":"product","link":"https:\/\/www.raquelwellness.es\/ca\/tienda-online\/ritual-citrico\/","title":{"rendered":"Ritual C\u00edtrico (110m)"},"content":{"rendered":"<p>Exfoliaci\u00f3n facial y corporal que aparte de facilitar la eliminaci\u00f3n de toxinas y pieles muertas, tambi\u00e9n nos da suavidad a la piel.<br \/>\nBa\u00f1o de c\u00edtricos c\u00f3mo el pomelo, naranja y\/o lim\u00f3n que nos aportar\u00e1n vitalidad y bienestar.<br \/>\nMasaje facial y corporal con aceites c\u00edtrico que mejorar\u00e1 la elasticidad, luminosidad y suavidad de la piel.<br \/>\nEl pomelo, el lim\u00f3n y la naranja son unos de los c\u00edtricos con un alto contenido en vitamina c, por ello es un tratamiento que te aportar\u00e1 un efecto desintoxicante y purificante.<\/p>\n","protected":false},"excerpt":{"rendered":"<p>Descubre y disfruta nuestros Rituales Wellness.<br \/>\nEl ritual C\u00edtrico combina un masaje facial y corporal con aceites c\u00edtricos que mejorar\u00e1n la elasticidad, luminosidad y suavidad de la piel.<br \/>\nAdem\u00e1s, disfruta de un ba\u00f1o de c\u00edtricos c\u00f3mo el pomelo, naranja y\/o lim\u00f3n que nos aporta vitalidad y bienestar.<\/p>\n","protected":false},"featured_media":27,"template":"","meta":{"_et_pb_use_builder":"","_et_pb_old_content":"","_et_gb_content_width":""},"product_brand":[],"product_cat":[164,151],"product_tag":[],"class_list":{"0":"post-32441","1":"product","2":"type-product","3":"status-publish","4":"has-post-thumbnail","6":"product_cat-rituales","7":"product_cat-tratamientos","9":"first","10":"instock","11":"virtual","12":"taxable","13":"purchasable","14":"product-type-simple"},"_links":{"self":[{"href":"https:\/\/www.raquelwellness.es\/ca\/wp-json\/wp\/v2\/product\/32441","targetHints":{"allow":["GET"]}}],"collection":[{"href":"https:\/\/www.raquelwellness.es\/ca\/wp-json\/wp\/v2\/product"}],"about":[{"href":"https:\/\/www.raquelwellness.es\/ca\/wp-json\/wp\/v2\/types\/product"}],"wp:featuredmedia":[{"embeddable":true,"href":"https:\/\/www.raquelwellness.es\/ca\/wp-json\/wp\/v2\/media\/27"}],"wp:attachment":[{"href":"https:\/\/www.raquelwellness.es\/ca\/wp-json\/wp\/v2\/media?parent=32441"}],"wp:term":[{"taxonomy":"product_brand","embeddable":true,"href":"https:\/\/www.raquelwellness.es\/ca\/wp-json\/wp\/v2\/product_brand?post=32441"},{"taxonomy":"product_cat","embeddable":true,"href":"https:\/\/www.raquelwellness.es\/ca\/wp-json\/wp\/v2\/product_cat?post=32441"},{"taxonomy":"product_tag","embeddable":true,"href":"https:\/\/www.raquelwellness.es\/ca\/wp-json\/wp\/v2\/product_tag?post=32441"}],"curies":[{"name":"wp","href":"https:\/\/api.w.org\/{rel}","templated":true}]}}