{"id":32442,"date":"2021-08-01T13:22:26","date_gmt":"2021-08-01T11:22:26","guid":{"rendered":"https:\/\/www.raquelwellness.es\/?post_type=product&#038;p=32442"},"modified":"2025-08-27T23:27:20","modified_gmt":"2025-08-27T21:27:20","slug":"ritual-sensorial","status":"publish","type":"product","link":"https:\/\/www.raquelwellness.es\/ca\/tienda-online\/ritual-sensorial\/","title":{"rendered":"Ritual Sensorial (110m)"},"content":{"rendered":"<p>Tratamiento facial completo hidratante &#8211; nutritivo con masaje relajante reafirmante con cuarzo rosa y jade para mejorar la aplicaci\u00f3n y penetraci\u00f3n de principios activos + mascarilla adaptada a cada tipo de piel.<br \/>\nMasaje corporal relajante con aceite relax, compuesto por esencias que har\u00e1n de este tratamiento toda una experiencia sensorial totalmente relajante, adem\u00e1s el masaje es basado en pases neurosedantes ideal para dejar atr\u00e1s el estr\u00e9s.<\/p>\n","protected":false},"excerpt":{"rendered":"<p>Descubre y disfruta nuestros Rituales Wellness.<br \/>\nEl ritual C\u00edtrico combina un tratamiento facial y corporal hidratante &#8211; nutritivo con masaje relajante reafirmante con cuarzo rosa y jade para mejorar la aplicaci\u00f3n y penetraci\u00f3n de principios activos + mascarilla adaptada a cada tipo de piel.<\/p>\n","protected":false},"featured_media":24,"template":"","meta":{"_et_pb_use_builder":"","_et_pb_old_content":"","_et_gb_content_width":""},"product_brand":[],"product_cat":[164,151],"product_tag":[],"class_list":{"0":"post-32442","1":"product","2":"type-product","3":"status-publish","4":"has-post-thumbnail","6":"product_cat-rituales","7":"product_cat-tratamientos","9":"first","10":"instock","11":"virtual","12":"taxable","13":"purchasable","14":"product-type-simple"},"_links":{"self":[{"href":"https:\/\/www.raquelwellness.es\/ca\/wp-json\/wp\/v2\/product\/32442","targetHints":{"allow":["GET"]}}],"collection":[{"href":"https:\/\/www.raquelwellness.es\/ca\/wp-json\/wp\/v2\/product"}],"about":[{"href":"https:\/\/www.raquelwellness.es\/ca\/wp-json\/wp\/v2\/types\/product"}],"wp:featuredmedia":[{"embeddable":true,"href":"https:\/\/www.raquelwellness.es\/ca\/wp-json\/wp\/v2\/media\/24"}],"wp:attachment":[{"href":"https:\/\/www.raquelwellness.es\/ca\/wp-json\/wp\/v2\/media?parent=32442"}],"wp:term":[{"taxonomy":"product_brand","embeddable":true,"href":"https:\/\/www.raquelwellness.es\/ca\/wp-json\/wp\/v2\/product_brand?post=32442"},{"taxonomy":"product_cat","embeddable":true,"href":"https:\/\/www.raquelwellness.es\/ca\/wp-json\/wp\/v2\/product_cat?post=32442"},{"taxonomy":"product_tag","embeddable":true,"href":"https:\/\/www.raquelwellness.es\/ca\/wp-json\/wp\/v2\/product_tag?post=32442"}],"curies":[{"name":"wp","href":"https:\/\/api.w.org\/{rel}","templated":true}]}}