{"id":32582,"date":"2021-08-04T14:21:38","date_gmt":"2021-08-04T12:21:38","guid":{"rendered":"https:\/\/www.raquelwellness.es\/?post_type=product&#038;p=32582"},"modified":"2025-08-27T23:23:53","modified_gmt":"2025-08-27T21:23:53","slug":"pindas-sweda-ayurveda-60m","status":"publish","type":"product","link":"https:\/\/www.raquelwellness.es\/ca\/tienda-online\/pindas-sweda-ayurveda-60m\/","title":{"rendered":"Masaje Ayurv\u00e9dico Pindas Sweda (50m)"},"content":{"rendered":"<p>El\u00a0masaje Ayurv\u00e9dico de Pindas Sweda\u00a0est\u00e1 indicado para cualquier persona que quiera disfrutar de un tratamiento desintoxicante y antiestr\u00e9s, y para aquellas personas que necesitan desconectar y eliminar tensi\u00f3n bien sea muscular o mental. Pinda es una\u00a0bolsa de algod\u00f3n o lino\u00a0que se rellena de arroz y plantas arom\u00e1ticas o medicinales seg\u00fan el caso a tratar. Sweda significa\u00a0calor. Podr\u00edamos resumirlo como que\u00a0Pindas Sweda\u00a0es un masaje utilizando \u201cbolsitas\u201d calientes. Seg\u00fan el\u00a0dosha\u00a0a tratar aplicaremos unas plantas u otras, para facilitar el deslizamiento de las pindas sobre la piel se utilizar\u00e1 un aceite vegetal templado para ofrecer relajaci\u00f3n y nutrici\u00f3n al cuerpo.<\/p>\n<p>Por \u00faltimo, y no menos importante, recomendamos aplicar aceite relax intense de uso diario ya que aportar\u00e1 nutrici\u00f3n a la piel y relajar\u00e1 tus sentidos con su aroma.<\/p>\n","protected":false},"excerpt":{"rendered":"<p>El\u00a0<strong>masaje Ayurv\u00e9dico de Pindas Sweda\u00a0<\/strong>est\u00e1 indicado para cualquier persona que quiera disfrutar de un tratamiento desintoxicante y antiestr\u00e9s.<\/p>\n<p>Pinda es una\u00a0<strong>bolsa de algod\u00f3n o lino<\/strong>\u00a0que se rellena de arroz y plantas arom\u00e1ticas o medicinales seg\u00fan el caso a tratar. Sweda significa\u00a0<strong>calor<\/strong>. Podr\u00edamos resumirlo como que\u00a0<strong>Pindas Sweda<\/strong>\u00a0es un masaje utilizando \u201cbolsitas\u201d calientes.<\/p>\n","protected":false},"featured_media":29206,"template":"","meta":{"_et_pb_use_builder":"off","_et_pb_old_content":"<div>\r\n<div>\r\n<div>\r\n<div>\r\n\r\nINDICACIONES\r\n\r\n<\/div>\r\n<\/div>\r\nEst\u00e1 indicado en para aquellas personas que necesitan desconectar y eliminar tensi\u00f3n bien sea muscular o mental.\r\n\r\nRecuerda que en Wellness by Raquel Romero te realizamos un diagnostico gratuito para conocer el tratamiento m\u00e1s adecuado para tu piel.\r\n\r\n<\/div>\r\n<\/div>\r\n<div>\r\n\r\n\u00a0\r\n<div>\r\n<h2>EL TRATAMIENTO EN CABINA<\/h2>\r\n<\/div>\r\n<div>\r\n<div>\r\n\r\nEl\u00a0masaje Ayurv\u00e9dico de Pindas Sweda\u00a0est\u00e1 indicado para cualquier persona que quiera disfrutar de un tratamiento desintoxicante y antiestr\u00e9s.\r\n\r\nPinda es una\u00a0bolsa de algod\u00f3n o lino\u00a0que se rellena de arroz y plantas arom\u00e1ticas o medicinales seg\u00fan el caso a tratar. Sweda significa\u00a0calor. Podr\u00edamos resumirlo como que\u00a0Pindas Sweda\u00a0es un masaje utilizando \u201cbolsitas\u201d calientes.\r\n\r\nSeg\u00fan el\u00a0dosha\u00a0a tratar aplicaremos unas plantas u otras, para facilitar el deslizamiento de las pindas sobre la piel se utilizar\u00e1 un aceite vegetal templado para ofrecer relajaci\u00f3n y nutrici\u00f3n al cuerpo.\r\n\r\n<\/div>\r\n<\/div>\r\n<\/div>\r\n<div>\r\n<div><\/div>\r\n<\/div>\r\n<div>\r\n<div>\r\n<div>\r\n<h2>EL TRATAMIENTO EN CASA<\/h2>\r\n<\/div>\r\n<div>\r\n<div>\r\n\r\nPor \u00faltimo, y no menos importante, recomendamos aplicar aceite relax intense de uso diario ya que aportar\u00e1 nutrici\u00f3n a la piel y relajar\u00e1 tus sentidos con su aroma.\r\n\r\n<\/div>\r\n<\/div>\r\n<\/div>\r\n<\/div>","_et_gb_content_width":""},"product_brand":[],"product_cat":[151,159],"product_tag":[],"class_list":{"0":"post-32582","1":"product","2":"type-product","3":"status-publish","4":"has-post-thumbnail","6":"product_cat-tratamientos","7":"product_cat-tratamientos-corporales","9":"first","10":"instock","11":"virtual","12":"taxable","13":"purchasable","14":"product-type-simple"},"_links":{"self":[{"href":"https:\/\/www.raquelwellness.es\/ca\/wp-json\/wp\/v2\/product\/32582","targetHints":{"allow":["GET"]}}],"collection":[{"href":"https:\/\/www.raquelwellness.es\/ca\/wp-json\/wp\/v2\/product"}],"about":[{"href":"https:\/\/www.raquelwellness.es\/ca\/wp-json\/wp\/v2\/types\/product"}],"wp:featuredmedia":[{"embeddable":true,"href":"https:\/\/www.raquelwellness.es\/ca\/wp-json\/wp\/v2\/media\/29206"}],"wp:attachment":[{"href":"https:\/\/www.raquelwellness.es\/ca\/wp-json\/wp\/v2\/media?parent=32582"}],"wp:term":[{"taxonomy":"product_brand","embeddable":true,"href":"https:\/\/www.raquelwellness.es\/ca\/wp-json\/wp\/v2\/product_brand?post=32582"},{"taxonomy":"product_cat","embeddable":true,"href":"https:\/\/www.raquelwellness.es\/ca\/wp-json\/wp\/v2\/product_cat?post=32582"},{"taxonomy":"product_tag","embeddable":true,"href":"https:\/\/www.raquelwellness.es\/ca\/wp-json\/wp\/v2\/product_tag?post=32582"}],"curies":[{"name":"wp","href":"https:\/\/api.w.org\/{rel}","templated":true}]}}