{"id":32588,"date":"2021-08-04T14:22:18","date_gmt":"2021-08-04T12:22:18","guid":{"rendered":"https:\/\/www.raquelwellness.es\/?post_type=product&#038;p=32588"},"modified":"2025-08-27T23:33:46","modified_gmt":"2025-08-27T21:33:46","slug":"piedras-calientes-60m","status":"publish","type":"product","link":"https:\/\/www.raquelwellness.es\/ca\/tienda-online\/piedras-calientes-60m\/","title":{"rendered":"Tratamiento Relajante con Piedras Calientes (50m)"},"content":{"rendered":"<p>En nuestro tratamiento realizaremos un masaje relajante con aceite suave y de envolvente aroma, este aceite templado junto a la aplicaci\u00f3n de las piedras calientes sobre los chakras contribuyen a generar una sensaci\u00f3n de relajaci\u00f3n y serenidad casi inmediata. Los aceites de Baobab y Uva y sus aceites esenciales de Bergamota y Lavand\u00edn proporcionan un bienestar inmediato.<\/p>\n<p>Por \u00faltimo, y no menos importante, recomendamos aplicar aceite relax intense de uso diario ya que aportar\u00e1 nutrici\u00f3n a la piel y relajar\u00e1 tus sentidos con su aroma.<\/p>\n","protected":false},"excerpt":{"rendered":"<p>Est\u00e1 indicado en para aquellas personas que necesitan desconectar y eliminar tensi\u00f3n bien sea muscular o mental.<br \/>\n<strong>Recuerda que en Wellness by Raquel Romero te realizamos un diagnostico gratuito para conocer el tratamiento m\u00e1s adecuado para tu piel.<\/strong><\/p>\n","protected":false},"featured_media":32219,"template":"","meta":{"_et_pb_use_builder":"","_et_pb_old_content":"","_et_gb_content_width":""},"product_brand":[],"product_cat":[151,159],"product_tag":[],"class_list":{"0":"post-32588","1":"product","2":"type-product","3":"status-publish","4":"has-post-thumbnail","6":"product_cat-tratamientos","7":"product_cat-tratamientos-corporales","9":"first","10":"instock","11":"virtual","12":"taxable","13":"purchasable","14":"product-type-simple"},"_links":{"self":[{"href":"https:\/\/www.raquelwellness.es\/ca\/wp-json\/wp\/v2\/product\/32588","targetHints":{"allow":["GET"]}}],"collection":[{"href":"https:\/\/www.raquelwellness.es\/ca\/wp-json\/wp\/v2\/product"}],"about":[{"href":"https:\/\/www.raquelwellness.es\/ca\/wp-json\/wp\/v2\/types\/product"}],"wp:featuredmedia":[{"embeddable":true,"href":"https:\/\/www.raquelwellness.es\/ca\/wp-json\/wp\/v2\/media\/32219"}],"wp:attachment":[{"href":"https:\/\/www.raquelwellness.es\/ca\/wp-json\/wp\/v2\/media?parent=32588"}],"wp:term":[{"taxonomy":"product_brand","embeddable":true,"href":"https:\/\/www.raquelwellness.es\/ca\/wp-json\/wp\/v2\/product_brand?post=32588"},{"taxonomy":"product_cat","embeddable":true,"href":"https:\/\/www.raquelwellness.es\/ca\/wp-json\/wp\/v2\/product_cat?post=32588"},{"taxonomy":"product_tag","embeddable":true,"href":"https:\/\/www.raquelwellness.es\/ca\/wp-json\/wp\/v2\/product_tag?post=32588"}],"curies":[{"name":"wp","href":"https:\/\/api.w.org\/{rel}","templated":true}]}}