{"id":32591,"date":"2021-08-04T16:35:21","date_gmt":"2021-08-04T14:35:21","guid":{"rendered":"https:\/\/www.raquelwellness.es\/?post_type=product&#038;p=32591"},"modified":"2024-01-12T14:51:16","modified_gmt":"2024-01-12T13:51:16","slug":"massmed-dna-nature-multi-action-supreme-cream","status":"publish","type":"product","link":"https:\/\/www.raquelwellness.es\/ca\/tienda-online\/massmed-dna-nature-multi-action-supreme-cream\/","title":{"rendered":"MASSMED DNA NATURE MULTI-ACTION Supreme Cream"},"content":{"rendered":"<p>Biotecnolog\u00eda y naturaleza se al\u00edan en una f\u00f3rmula tan ins\u00f3lita como insuperable. Una crema multiacci\u00f3n que atesora componentes cuya eficacia logra una piel lisa y rejuvenecida. La acci\u00f3n epigen\u00e9tica de los brotes de R\u00e1bano Rosa repara el ADN y tu piel se restaura gracias a las propiedades del activo volc\u00e1nico marino m\u00e1s exclusivo. Este exquisito tratamiento se completa con las semillas de Bacur\u00ed, que estimulan el metabolismo celular dotando a tu piel de una juventud y belleza inigualables.<\/p>\n<p><strong>MODO DE EMPLEO<\/strong><\/p>\n<div id=\"modoEmpleo\">\n<div class=\"description\">Aplicar una cantidad suficiente de producto en rostro, cuello y escote. Distribuirlo de manera uniforme realizando suaves movimientos circulares ascendentes desde el centro del rostro hacia su exterior. Insistir en las zonas que m\u00e1s lo necesiten. Se recomienda utilizar previamente el s\u00e9rum aconsejado.<\/div>\n<div><\/div>\n<p class=\"description\"><strong>COMPONENTES PRINCIPALES<\/strong><\/p>\n<\/div>\n<div id=\"componentesPrincipales\">\n<div class=\"description\">\n<div id=\"componentesPrincipales\">\n<div class=\"description\">R\u00e1bano Rosa, Bacillus Ferment, An\u00eds Estrellado, Manteca de Bacur\u00ed.<\/div>\n<\/div>\n<\/div>\n<\/div>\n","protected":false},"excerpt":{"rendered":"<p>Biotecnolog\u00eda y naturaleza se al\u00edan en una f\u00f3rmula tan ins\u00f3lita como insuperable. Una crema multiacci\u00f3n que atesora componentes cuya eficacia logra una piel lisa y rejuvenecida. La acci\u00f3n epigen\u00e9tica de los brotes de R\u00e1bano Rosa repara el ADN y tu piel se restaura gracias a las propiedades del activo volc\u00e1nico marino m\u00e1s exclusivo. Este exquisito [&hellip;]<\/p>\n","protected":false},"featured_media":33848,"template":"","meta":{"_et_pb_use_builder":"","_et_pb_old_content":"","_et_gb_content_width":""},"product_brand":[],"product_cat":[189,191,197],"product_tag":[],"class_list":{"0":"post-32591","1":"product","2":"type-product","3":"status-publish","4":"has-post-thumbnail","6":"product_cat-cremes","7":"product_cat-cremes-facials","8":"product_cat-cosmetics-massada","10":"first","11":"instock","12":"taxable","13":"shipping-taxable","14":"purchasable","15":"product-type-simple"},"_links":{"self":[{"href":"https:\/\/www.raquelwellness.es\/ca\/wp-json\/wp\/v2\/product\/32591","targetHints":{"allow":["GET"]}}],"collection":[{"href":"https:\/\/www.raquelwellness.es\/ca\/wp-json\/wp\/v2\/product"}],"about":[{"href":"https:\/\/www.raquelwellness.es\/ca\/wp-json\/wp\/v2\/types\/product"}],"wp:featuredmedia":[{"embeddable":true,"href":"https:\/\/www.raquelwellness.es\/ca\/wp-json\/wp\/v2\/media\/33848"}],"wp:attachment":[{"href":"https:\/\/www.raquelwellness.es\/ca\/wp-json\/wp\/v2\/media?parent=32591"}],"wp:term":[{"taxonomy":"product_brand","embeddable":true,"href":"https:\/\/www.raquelwellness.es\/ca\/wp-json\/wp\/v2\/product_brand?post=32591"},{"taxonomy":"product_cat","embeddable":true,"href":"https:\/\/www.raquelwellness.es\/ca\/wp-json\/wp\/v2\/product_cat?post=32591"},{"taxonomy":"product_tag","embeddable":true,"href":"https:\/\/www.raquelwellness.es\/ca\/wp-json\/wp\/v2\/product_tag?post=32591"}],"curies":[{"name":"wp","href":"https:\/\/api.w.org\/{rel}","templated":true}]}}