{"id":32593,"date":"2021-08-04T16:35:44","date_gmt":"2021-08-04T14:35:44","guid":{"rendered":"https:\/\/www.raquelwellness.es\/?post_type=product&#038;p=32593"},"modified":"2024-01-12T14:49:18","modified_gmt":"2024-01-12T13:49:18","slug":"massmed-dna-nature-5-in-1-eye-contour","status":"publish","type":"product","link":"https:\/\/www.raquelwellness.es\/ca\/tienda-online\/massmed-dna-nature-5-in-1-eye-contour\/","title":{"rendered":"MASSMED DNA NATURE 5 IN 1 EYE CONTOUR"},"content":{"rendered":"<ul>\n<li class=\"li1\">97% ingredientes de origen natural.<span class=\"Apple-converted-space\">\u00a0<\/span><\/li>\n<li class=\"li1\">5 acciones en 1 solo producto: <strong>alisa arrugas, minimiza bolsas, aten\u00faa ojeras, trata el p\u00e1rpado ca\u00eddo y repara el ADN.<\/strong><\/li>\n<li class=\"li1\">Su aplicador fr\u00edo, que favorece la penetraci\u00f3n de los activos, activa la circulaci\u00f3n y facilita la aplicaci\u00f3n.<span class=\"Apple-converted-space\">\u00a0<\/span><\/li>\n<li class=\"li1\"><strong>Eleva el p\u00e1rpado y la ceja<\/strong>, potenciando al m\u00e1ximo la mirada y la expresi\u00f3n de los ojos.<span class=\"Apple-converted-space\">\u00a0<\/span><\/li>\n<li class=\"li1\">Este producto es para ti si tienes arrugas y sequedad en el contorno de los ojos y buscas una f\u00f3rmula multi-acci\u00f3n.<\/li>\n<li class=\"li1\">Dermatol\u00f3gicamente y oftalmol\u00f3gicamente testado.<\/li>\n<\/ul>\n","protected":false},"excerpt":{"rendered":"<p>97% ingredientes de origen natural.\u00a0 5 acciones en 1 solo producto: alisa arrugas, minimiza bolsas, aten\u00faa ojeras, trata el p\u00e1rpado ca\u00eddo y repara el ADN. Su aplicador fr\u00edo, que favorece la penetraci\u00f3n de los activos, activa la circulaci\u00f3n y facilita la aplicaci\u00f3n.\u00a0 Eleva el p\u00e1rpado y la ceja, potenciando al m\u00e1ximo la mirada y la [&hellip;]<\/p>\n","protected":false},"featured_media":33845,"template":"","meta":{"_et_pb_use_builder":"","_et_pb_old_content":"","_et_gb_content_width":""},"product_brand":[],"product_cat":[189,191,197],"product_tag":[],"class_list":{"0":"post-32593","1":"product","2":"type-product","3":"status-publish","4":"has-post-thumbnail","6":"product_cat-cremes","7":"product_cat-cremes-facials","8":"product_cat-cosmetics-massada","10":"first","11":"instock","12":"taxable","13":"shipping-taxable","14":"purchasable","15":"product-type-simple"},"_links":{"self":[{"href":"https:\/\/www.raquelwellness.es\/ca\/wp-json\/wp\/v2\/product\/32593","targetHints":{"allow":["GET"]}}],"collection":[{"href":"https:\/\/www.raquelwellness.es\/ca\/wp-json\/wp\/v2\/product"}],"about":[{"href":"https:\/\/www.raquelwellness.es\/ca\/wp-json\/wp\/v2\/types\/product"}],"wp:featuredmedia":[{"embeddable":true,"href":"https:\/\/www.raquelwellness.es\/ca\/wp-json\/wp\/v2\/media\/33845"}],"wp:attachment":[{"href":"https:\/\/www.raquelwellness.es\/ca\/wp-json\/wp\/v2\/media?parent=32593"}],"wp:term":[{"taxonomy":"product_brand","embeddable":true,"href":"https:\/\/www.raquelwellness.es\/ca\/wp-json\/wp\/v2\/product_brand?post=32593"},{"taxonomy":"product_cat","embeddable":true,"href":"https:\/\/www.raquelwellness.es\/ca\/wp-json\/wp\/v2\/product_cat?post=32593"},{"taxonomy":"product_tag","embeddable":true,"href":"https:\/\/www.raquelwellness.es\/ca\/wp-json\/wp\/v2\/product_tag?post=32593"}],"curies":[{"name":"wp","href":"https:\/\/api.w.org\/{rel}","templated":true}]}}