{"id":32594,"date":"2021-08-04T16:37:22","date_gmt":"2021-08-04T14:37:22","guid":{"rendered":"https:\/\/www.raquelwellness.es\/?post_type=product&#038;p=32594"},"modified":"2024-01-12T14:46:45","modified_gmt":"2024-01-12T13:46:45","slug":"lifting-serum-hyaluronic-acid","status":"publish","type":"product","link":"https:\/\/www.raquelwellness.es\/ca\/tienda-online\/lifting-serum-hyaluronic-acid\/","title":{"rendered":"LIFTING SERUM HYALURONIC ACID"},"content":{"rendered":"<ul>\n<li class=\"li1\"><strong>Alta concentraci\u00f3n de \u00e1cido hialur\u00f3nico <i>biotech<\/i><\/strong>, que penetra profundamente en la piel.<\/li>\n<li class=\"li1\">Disminuye las arrugas de expresi\u00f3n <strong>de forma inmediata<\/strong>, tambi\u00e9n las verticales.<\/li>\n<li class=\"li1\">Su <strong>aroma estimula el hipot\u00e1lamo<\/strong> generando bienestar y calmando tensiones.<\/li>\n<li class=\"li1\">Nuestro producto top ventas<strong> \u00a1Adictivo para tu piel! <\/strong><\/li>\n<li class=\"li1\">Este producto es para ti si necesitas <strong>reafirmar y alisar tu piel. <\/strong><\/li>\n<\/ul>\n","protected":false},"excerpt":{"rendered":"<p>Alta concentraci\u00f3n de \u00e1cido hialur\u00f3nico biotech, que penetra profundamente en la piel. Disminuye las arrugas de expresi\u00f3n de forma inmediata, tambi\u00e9n las verticales. Su aroma estimula el hipot\u00e1lamo generando bienestar y calmando tensiones. Nuestro producto top ventas \u00a1Adictivo para tu piel! Este producto es para ti si necesitas reafirmar y alisar tu piel.<\/p>\n","protected":false},"featured_media":33842,"template":"","meta":{"_et_pb_use_builder":"","_et_pb_old_content":"","_et_gb_content_width":""},"product_brand":[],"product_cat":[189,191,197],"product_tag":[],"class_list":{"0":"post-32594","1":"product","2":"type-product","3":"status-publish","4":"has-post-thumbnail","6":"product_cat-cremes","7":"product_cat-cremes-facials","8":"product_cat-cosmetics-massada","10":"first","11":"instock","12":"taxable","13":"shipping-taxable","14":"purchasable","15":"product-type-simple"},"_links":{"self":[{"href":"https:\/\/www.raquelwellness.es\/ca\/wp-json\/wp\/v2\/product\/32594","targetHints":{"allow":["GET"]}}],"collection":[{"href":"https:\/\/www.raquelwellness.es\/ca\/wp-json\/wp\/v2\/product"}],"about":[{"href":"https:\/\/www.raquelwellness.es\/ca\/wp-json\/wp\/v2\/types\/product"}],"wp:featuredmedia":[{"embeddable":true,"href":"https:\/\/www.raquelwellness.es\/ca\/wp-json\/wp\/v2\/media\/33842"}],"wp:attachment":[{"href":"https:\/\/www.raquelwellness.es\/ca\/wp-json\/wp\/v2\/media?parent=32594"}],"wp:term":[{"taxonomy":"product_brand","embeddable":true,"href":"https:\/\/www.raquelwellness.es\/ca\/wp-json\/wp\/v2\/product_brand?post=32594"},{"taxonomy":"product_cat","embeddable":true,"href":"https:\/\/www.raquelwellness.es\/ca\/wp-json\/wp\/v2\/product_cat?post=32594"},{"taxonomy":"product_tag","embeddable":true,"href":"https:\/\/www.raquelwellness.es\/ca\/wp-json\/wp\/v2\/product_tag?post=32594"}],"curies":[{"name":"wp","href":"https:\/\/api.w.org\/{rel}","templated":true}]}}