{"id":32595,"date":"2021-08-04T16:39:22","date_gmt":"2021-08-04T14:39:22","guid":{"rendered":"https:\/\/www.raquelwellness.es\/?post_type=product&#038;p=32595"},"modified":"2024-01-12T14:36:05","modified_gmt":"2024-01-12T13:36:05","slug":"eye-lip-contour-lifting-hyaluronic-acid","status":"publish","type":"product","link":"https:\/\/www.raquelwellness.es\/ca\/tienda-online\/eye-lip-contour-lifting-hyaluronic-acid\/","title":{"rendered":"EYE &#038; LIP CONTOUR LIFTING HYALURONIC ACID"},"content":{"rendered":"<p>Ayuda a recuperar la tersura y firmeza del contorno de ojos y labios. Evita los rictus de cansancio producidos a lo largo del d\u00eda. Con gran poder bioactivador. Propiedades estimulantes, humectantes, antioxidantes y antiarrugas.<\/p>\n<p><strong>MODO DE EMPLEO<\/strong><\/p>\n<div id=\"modoEmpleo\">\n<div class=\"description\">Aplicar ma\u00f1ana y noche sobre la piel limpia con peque\u00f1os tecleteos sin desplazar los tejidos.<\/div>\n<div><\/div>\n<div class=\"description\"><strong>COMPONENTES PRINCIPALES<\/strong><\/div>\n<\/div>\n<div id=\"componentesPrincipales\">\n<div class=\"description\">\u00c1cido Hialur\u00f3nico, Centella Asi\u00e1tica, Cola de Caballo, Olivo Verde y Vitamina E.<\/div>\n<\/div>\n","protected":false},"excerpt":{"rendered":"<p>Ayuda a recuperar la tersura y firmeza del contorno de ojos y labios. Evita los rictus de cansancio producidos a lo largo del d\u00eda. Con gran poder bioactivador. Propiedades estimulantes, humectantes, antioxidantes y antiarrugas. MODO DE EMPLEO Aplicar ma\u00f1ana y noche sobre la piel limpia con peque\u00f1os tecleteos sin desplazar los tejidos. COMPONENTES PRINCIPALES \u00c1cido [&hellip;]<\/p>\n","protected":false},"featured_media":33839,"template":"","meta":{"_et_pb_use_builder":"","_et_pb_old_content":"","_et_gb_content_width":""},"product_brand":[],"product_cat":[189,191,197],"product_tag":[],"class_list":{"0":"post-32595","1":"product","2":"type-product","3":"status-publish","4":"has-post-thumbnail","6":"product_cat-cremes","7":"product_cat-cremes-facials","8":"product_cat-cosmetics-massada","10":"first","11":"instock","12":"taxable","13":"shipping-taxable","14":"purchasable","15":"product-type-simple"},"_links":{"self":[{"href":"https:\/\/www.raquelwellness.es\/ca\/wp-json\/wp\/v2\/product\/32595","targetHints":{"allow":["GET"]}}],"collection":[{"href":"https:\/\/www.raquelwellness.es\/ca\/wp-json\/wp\/v2\/product"}],"about":[{"href":"https:\/\/www.raquelwellness.es\/ca\/wp-json\/wp\/v2\/types\/product"}],"wp:featuredmedia":[{"embeddable":true,"href":"https:\/\/www.raquelwellness.es\/ca\/wp-json\/wp\/v2\/media\/33839"}],"wp:attachment":[{"href":"https:\/\/www.raquelwellness.es\/ca\/wp-json\/wp\/v2\/media?parent=32595"}],"wp:term":[{"taxonomy":"product_brand","embeddable":true,"href":"https:\/\/www.raquelwellness.es\/ca\/wp-json\/wp\/v2\/product_brand?post=32595"},{"taxonomy":"product_cat","embeddable":true,"href":"https:\/\/www.raquelwellness.es\/ca\/wp-json\/wp\/v2\/product_cat?post=32595"},{"taxonomy":"product_tag","embeddable":true,"href":"https:\/\/www.raquelwellness.es\/ca\/wp-json\/wp\/v2\/product_tag?post=32595"}],"curies":[{"name":"wp","href":"https:\/\/api.w.org\/{rel}","templated":true}]}}