{"id":32597,"date":"2021-08-04T16:42:36","date_gmt":"2021-08-04T14:42:36","guid":{"rendered":"https:\/\/www.raquelwellness.es\/?post_type=product&#038;p=32597"},"modified":"2024-01-12T14:29:04","modified_gmt":"2024-01-12T13:29:04","slug":"mascarilla-lifting-acido-hialuronico","status":"publish","type":"product","link":"https:\/\/www.raquelwellness.es\/ca\/tienda-online\/mascarilla-lifting-acido-hialuronico\/","title":{"rendered":"MASCARILLA LIFTING \u00c1CIDO HIALUR\u00d3NICO"},"content":{"rendered":"<p>Para todo tipo de pieles que presenten signos de flacidez, aton\u00eda o p\u00e9rdida de firmeza. Propiedades: activa la regeneraci\u00f3n de las mol\u00e9culas de col\u00e1geno y elastina a la vez que mejora el tono y la firmeza en la piel<strong>.<\/strong><\/p>\n<p><strong>MODO DE EMPLEO<\/strong><\/p>\n<div id=\"modoEmpleo\">\n<div class=\"description\">\n<p>Aplicar una vez por semana para potenciar la acci\u00f3n de los tratamientos o simplemente como coadyuvante en los procesos de p\u00e9rdida de firmeza en la piel. Extender una generosa cantidad por cara, cuello y escote, dejar actuar 20 minutos y retirar con agua fr\u00eda.<\/p>\n<p><strong>COMPONENTES PRINCIPALES<\/strong><\/p>\n<\/div>\n<\/div>\n<div id=\"componentesPrincipales\">\n<div class=\"description\">\n<div id=\"componentesPrincipales\">\n<div class=\"description\">\u00c1cido Hialur\u00f3nico, Romero, Rosa Mosqueta, Olivo Verde y Rosa.<\/div>\n<\/div>\n<\/div>\n<\/div>\n","protected":false},"excerpt":{"rendered":"<p>Para todo tipo de pieles que presenten signos de flacidez, aton\u00eda o p\u00e9rdida de firmeza. Propiedades: activa la regeneraci\u00f3n de las mol\u00e9culas de col\u00e1geno y elastina a la vez que mejora el tono y la firmeza en la piel. MODO DE EMPLEO Aplicar una vez por semana para potenciar la acci\u00f3n de los tratamientos o [&hellip;]<\/p>\n","protected":false},"featured_media":33833,"template":"","meta":{"_et_pb_use_builder":"","_et_pb_old_content":"","_et_gb_content_width":""},"product_brand":[],"product_cat":[189,191,197],"product_tag":[],"class_list":{"0":"post-32597","1":"product","2":"type-product","3":"status-publish","4":"has-post-thumbnail","6":"product_cat-cremes","7":"product_cat-cremes-facials","8":"product_cat-cosmetics-massada","10":"first","11":"instock","12":"taxable","13":"shipping-taxable","14":"purchasable","15":"product-type-simple"},"_links":{"self":[{"href":"https:\/\/www.raquelwellness.es\/ca\/wp-json\/wp\/v2\/product\/32597","targetHints":{"allow":["GET"]}}],"collection":[{"href":"https:\/\/www.raquelwellness.es\/ca\/wp-json\/wp\/v2\/product"}],"about":[{"href":"https:\/\/www.raquelwellness.es\/ca\/wp-json\/wp\/v2\/types\/product"}],"wp:featuredmedia":[{"embeddable":true,"href":"https:\/\/www.raquelwellness.es\/ca\/wp-json\/wp\/v2\/media\/33833"}],"wp:attachment":[{"href":"https:\/\/www.raquelwellness.es\/ca\/wp-json\/wp\/v2\/media?parent=32597"}],"wp:term":[{"taxonomy":"product_brand","embeddable":true,"href":"https:\/\/www.raquelwellness.es\/ca\/wp-json\/wp\/v2\/product_brand?post=32597"},{"taxonomy":"product_cat","embeddable":true,"href":"https:\/\/www.raquelwellness.es\/ca\/wp-json\/wp\/v2\/product_cat?post=32597"},{"taxonomy":"product_tag","embeddable":true,"href":"https:\/\/www.raquelwellness.es\/ca\/wp-json\/wp\/v2\/product_tag?post=32597"}],"curies":[{"name":"wp","href":"https:\/\/api.w.org\/{rel}","templated":true}]}}