{"id":32598,"date":"2021-08-04T16:44:26","date_gmt":"2021-08-04T14:44:26","guid":{"rendered":"https:\/\/www.raquelwellness.es\/?post_type=product&#038;p=32598"},"modified":"2024-01-12T14:23:17","modified_gmt":"2024-01-12T13:23:17","slug":"amethyst-collagen-lifting-cream","status":"publish","type":"product","link":"https:\/\/www.raquelwellness.es\/ca\/tienda-online\/amethyst-collagen-lifting-cream\/","title":{"rendered":"AMETHYST &#038; COLLAGEN LIFTING CREAM"},"content":{"rendered":"<p>Rica crema tratante y antiaging fuente de juventud y belleza. Siente el poder del col\u00e1geno y la elastina de origen marino en tu piel para combatir la flacidez y la p\u00e9rdida de tersura, consiguiendo as\u00ed una piel claramente m\u00e1s firme, jugosa y rejuvenecida.<br \/>\nSu exclusivo dinamizado de amatista, aporta hidrataci\u00f3n vibracional y ayuda a mejorar la microcirculaci\u00f3n.<br \/>\nEnriquecida adem\u00e1s con \u00e1cido hialur\u00f3nico obtenido mediante biotecnolog\u00eda natural, que retiene el agua en las c\u00e9lulas, reduciendo significativamente la aparici\u00f3n de arrugas. Sus resultados son claramente visibles.<\/p>\n<p><strong>MODO DE EMPLEO<\/strong><\/p>\n<p>Por la noche, con la piel limpia y tonificada, aplicar Lifting Serum Hyaluronic Acid o Pure Hyaluronic Firming Effect de Massada. Posteriormente, aplicar la crema Amethyst &amp; Collagen Lifting Cream. Como complemento, una vez por semana, aplicar la Mascarilla Lifting \u00c1cido Hialur\u00f3nico extendiendo una generosa cantidad por cara, cuello y escote, dejar actuar 20 minutos y retirar con agua fr\u00eda.<\/p>\n<p><strong>COMPONENTES PRINCIPALES<\/strong><\/p>\n<p>Col\u00e1geno y elastina de origen marino, \u00e1cido Hialur\u00f3nico, dinamizado de amatista, aceites y extractos naturales.<\/p>\n","protected":false},"excerpt":{"rendered":"<p>Rica crema tratante y antiaging fuente de juventud y belleza. Siente el poder del col\u00e1geno y la elastina de origen marino en tu piel para combatir la flacidez y la p\u00e9rdida de tersura, consiguiendo as\u00ed una piel claramente m\u00e1s firme, jugosa y rejuvenecida. Su exclusivo dinamizado de amatista, aporta hidrataci\u00f3n vibracional y ayuda a mejorar [&hellip;]<\/p>\n","protected":false},"featured_media":33830,"template":"","meta":{"_et_pb_use_builder":"","_et_pb_old_content":"","_et_gb_content_width":""},"product_brand":[],"product_cat":[189,191,197],"product_tag":[],"class_list":{"0":"post-32598","1":"product","2":"type-product","3":"status-publish","4":"has-post-thumbnail","6":"product_cat-cremes","7":"product_cat-cremes-facials","8":"product_cat-cosmetics-massada","10":"first","11":"instock","12":"taxable","13":"shipping-taxable","14":"purchasable","15":"product-type-simple"},"_links":{"self":[{"href":"https:\/\/www.raquelwellness.es\/ca\/wp-json\/wp\/v2\/product\/32598","targetHints":{"allow":["GET"]}}],"collection":[{"href":"https:\/\/www.raquelwellness.es\/ca\/wp-json\/wp\/v2\/product"}],"about":[{"href":"https:\/\/www.raquelwellness.es\/ca\/wp-json\/wp\/v2\/types\/product"}],"wp:featuredmedia":[{"embeddable":true,"href":"https:\/\/www.raquelwellness.es\/ca\/wp-json\/wp\/v2\/media\/33830"}],"wp:attachment":[{"href":"https:\/\/www.raquelwellness.es\/ca\/wp-json\/wp\/v2\/media?parent=32598"}],"wp:term":[{"taxonomy":"product_brand","embeddable":true,"href":"https:\/\/www.raquelwellness.es\/ca\/wp-json\/wp\/v2\/product_brand?post=32598"},{"taxonomy":"product_cat","embeddable":true,"href":"https:\/\/www.raquelwellness.es\/ca\/wp-json\/wp\/v2\/product_cat?post=32598"},{"taxonomy":"product_tag","embeddable":true,"href":"https:\/\/www.raquelwellness.es\/ca\/wp-json\/wp\/v2\/product_tag?post=32598"}],"curies":[{"name":"wp","href":"https:\/\/api.w.org\/{rel}","templated":true}]}}