{"id":32600,"date":"2021-08-04T16:49:54","date_gmt":"2021-08-04T14:49:54","guid":{"rendered":"https:\/\/www.raquelwellness.es\/?post_type=product&#038;p=32600"},"modified":"2024-01-12T14:11:38","modified_gmt":"2024-01-12T13:11:38","slug":"gel-anticelulitico-de-cafeterapia","status":"publish","type":"product","link":"https:\/\/www.raquelwellness.es\/ca\/tienda-online\/gel-anticelulitico-de-cafeterapia\/","title":{"rendered":"GEL ANTICELUL\u00cdTICO DE CAFETERAPIA"},"content":{"rendered":"<p>Ataca la celulitis y la grasa, activando el metabolismo. Ayuda a la eliminaci\u00f3n de toxinas y l\u00edquidos, gracias a la acci\u00f3n de la cafe\u00edna.<\/p>\n","protected":false},"excerpt":{"rendered":"<p>Ataca la celulitis y la grasa, activando el metabolismo. Ayuda a la eliminaci\u00f3n de toxinas y l\u00edquidos, gracias a la acci\u00f3n de la cafe\u00edna.<\/p>\n","protected":false},"featured_media":33825,"template":"","meta":{"_et_pb_use_builder":"","_et_pb_old_content":"","_et_gb_content_width":""},"product_brand":[],"product_cat":[189,190,197],"product_tag":[],"class_list":{"0":"post-32600","1":"product","2":"type-product","3":"status-publish","4":"has-post-thumbnail","6":"product_cat-cremes","7":"product_cat-cremes-corporals","8":"product_cat-cosmetics-massada","10":"first","11":"outofstock","12":"taxable","13":"shipping-taxable","14":"purchasable","15":"product-type-simple"},"_links":{"self":[{"href":"https:\/\/www.raquelwellness.es\/ca\/wp-json\/wp\/v2\/product\/32600","targetHints":{"allow":["GET"]}}],"collection":[{"href":"https:\/\/www.raquelwellness.es\/ca\/wp-json\/wp\/v2\/product"}],"about":[{"href":"https:\/\/www.raquelwellness.es\/ca\/wp-json\/wp\/v2\/types\/product"}],"wp:featuredmedia":[{"embeddable":true,"href":"https:\/\/www.raquelwellness.es\/ca\/wp-json\/wp\/v2\/media\/33825"}],"wp:attachment":[{"href":"https:\/\/www.raquelwellness.es\/ca\/wp-json\/wp\/v2\/media?parent=32600"}],"wp:term":[{"taxonomy":"product_brand","embeddable":true,"href":"https:\/\/www.raquelwellness.es\/ca\/wp-json\/wp\/v2\/product_brand?post=32600"},{"taxonomy":"product_cat","embeddable":true,"href":"https:\/\/www.raquelwellness.es\/ca\/wp-json\/wp\/v2\/product_cat?post=32600"},{"taxonomy":"product_tag","embeddable":true,"href":"https:\/\/www.raquelwellness.es\/ca\/wp-json\/wp\/v2\/product_tag?post=32600"}],"curies":[{"name":"wp","href":"https:\/\/api.w.org\/{rel}","templated":true}]}}