{"id":32602,"date":"2021-08-04T16:52:29","date_gmt":"2021-08-04T14:52:29","guid":{"rendered":"https:\/\/www.raquelwellness.es\/?post_type=product&#038;p=32602"},"modified":"2024-01-12T14:01:13","modified_gmt":"2024-01-12T13:01:13","slug":"minceur-intensive-cream","status":"publish","type":"product","link":"https:\/\/www.raquelwellness.es\/ca\/tienda-online\/minceur-intensive-cream\/","title":{"rendered":"MINCEUR INTENSIVE CREAM"},"content":{"rendered":"<p>Una crema de uso diario de gran poder reductor que ayuda en la eliminaci\u00f3n de las c\u00e9lulas grasas acumuladas, inhibe la creaci\u00f3n de nuevos dep\u00f3sitos de grasa y disminuye la piel de naranja. La f\u00f3rmula \u00fanica de Minceur Intensive Cream act\u00faa como un come grasas en la c\u00e9lula grasa al lograr la concentraci\u00f3n \u00f3ptima de Myrica Cerifera combinada con otros principios activos naturales que potencian los resultados.<\/p>\n","protected":false},"excerpt":{"rendered":"<p>Una crema de uso diario de gran poder reductor que ayuda en la eliminaci\u00f3n de las c\u00e9lulas grasas acumuladas, inhibe la creaci\u00f3n de nuevos dep\u00f3sitos de grasa y disminuye la piel de naranja. La f\u00f3rmula \u00fanica de Minceur Intensive Cream act\u00faa como un come grasas en la c\u00e9lula grasa al lograr la concentraci\u00f3n \u00f3ptima de [&hellip;]<\/p>\n","protected":false},"featured_media":33819,"template":"","meta":{"_et_pb_use_builder":"","_et_pb_old_content":"","_et_gb_content_width":""},"product_brand":[],"product_cat":[189,190,197],"product_tag":[],"class_list":{"0":"post-32602","1":"product","2":"type-product","3":"status-publish","4":"has-post-thumbnail","6":"product_cat-cremes","7":"product_cat-cremes-corporals","8":"product_cat-cosmetics-massada","10":"first","11":"instock","12":"taxable","13":"shipping-taxable","14":"purchasable","15":"product-type-simple"},"_links":{"self":[{"href":"https:\/\/www.raquelwellness.es\/ca\/wp-json\/wp\/v2\/product\/32602","targetHints":{"allow":["GET"]}}],"collection":[{"href":"https:\/\/www.raquelwellness.es\/ca\/wp-json\/wp\/v2\/product"}],"about":[{"href":"https:\/\/www.raquelwellness.es\/ca\/wp-json\/wp\/v2\/types\/product"}],"wp:featuredmedia":[{"embeddable":true,"href":"https:\/\/www.raquelwellness.es\/ca\/wp-json\/wp\/v2\/media\/33819"}],"wp:attachment":[{"href":"https:\/\/www.raquelwellness.es\/ca\/wp-json\/wp\/v2\/media?parent=32602"}],"wp:term":[{"taxonomy":"product_brand","embeddable":true,"href":"https:\/\/www.raquelwellness.es\/ca\/wp-json\/wp\/v2\/product_brand?post=32602"},{"taxonomy":"product_cat","embeddable":true,"href":"https:\/\/www.raquelwellness.es\/ca\/wp-json\/wp\/v2\/product_cat?post=32602"},{"taxonomy":"product_tag","embeddable":true,"href":"https:\/\/www.raquelwellness.es\/ca\/wp-json\/wp\/v2\/product_tag?post=32602"}],"curies":[{"name":"wp","href":"https:\/\/api.w.org\/{rel}","templated":true}]}}