{"id":32604,"date":"2021-08-04T16:55:20","date_gmt":"2021-08-04T14:55:20","guid":{"rendered":"https:\/\/www.raquelwellness.es\/?post_type=product&#038;p=32604"},"modified":"2024-01-12T13:41:53","modified_gmt":"2024-01-12T12:41:53","slug":"lift-sculpt-perfect-body-lotion","status":"publish","type":"product","link":"https:\/\/www.raquelwellness.es\/ca\/tienda-online\/lift-sculpt-perfect-body-lotion\/","title":{"rendered":"LIFT &#038; SCULPT PERFECT BODY LOTION"},"content":{"rendered":"<ul>\n<li>Triple efecto reafirmante, lipol\u00edtico y drenante<\/li>\n<li>Altamente eficaz contra la flacidez<\/li>\n<li>Con el poder del \u00c1cido Hialur\u00f3nico,\u00a0alga coralina\u00a0<em>Jania Rubens y\u00a0\u00a0Flor de Naranjo<\/em><\/li>\n<\/ul>\n<p>Recupera la firmeza y juventud de tu cuerpo. Loci\u00f3n fundente y de r\u00e1pida absorci\u00f3n, capaz de redefinir la silueta y reafirmar los tejidos. El alga coralina <em>Jania Rubens<\/em> y el silicio de liberaci\u00f3n controlada, en combinaci\u00f3n con el poder del \u00c1cido Hialur\u00f3nico y los exclusivos extractos Massada, como la Flor de Naranjo, hacen posible la reafirmaci\u00f3n inteligente.<\/p>\n<p>Descubre c\u00f3mo la f\u00f3rmula Lift &amp; Sculpt, altamente eficaz contra la flacidez, posee un triple efecto reafirmante, lipol\u00edtico y drenante que ayuda a esculpir tu figura y devolver la elasticidad y belleza natural a tu piel.<\/p>\n","protected":false},"excerpt":{"rendered":"<p>Triple efecto reafirmante, lipol\u00edtico y drenante Altamente eficaz contra la flacidez Con el poder del \u00c1cido Hialur\u00f3nico,\u00a0alga coralina\u00a0Jania Rubens y\u00a0\u00a0Flor de Naranjo Recupera la firmeza y juventud de tu cuerpo. Loci\u00f3n fundente y de r\u00e1pida absorci\u00f3n, capaz de redefinir la silueta y reafirmar los tejidos. El alga coralina Jania Rubens y el silicio de liberaci\u00f3n [&hellip;]<\/p>\n","protected":false},"featured_media":33812,"template":"","meta":{"_et_pb_use_builder":"","_et_pb_old_content":"","_et_gb_content_width":""},"product_brand":[],"product_cat":[189,190,197],"product_tag":[],"class_list":{"0":"post-32604","1":"product","2":"type-product","3":"status-publish","4":"has-post-thumbnail","6":"product_cat-cremes","7":"product_cat-cremes-corporals","8":"product_cat-cosmetics-massada","10":"first","11":"instock","12":"taxable","13":"shipping-taxable","14":"purchasable","15":"product-type-simple"},"_links":{"self":[{"href":"https:\/\/www.raquelwellness.es\/ca\/wp-json\/wp\/v2\/product\/32604","targetHints":{"allow":["GET"]}}],"collection":[{"href":"https:\/\/www.raquelwellness.es\/ca\/wp-json\/wp\/v2\/product"}],"about":[{"href":"https:\/\/www.raquelwellness.es\/ca\/wp-json\/wp\/v2\/types\/product"}],"wp:featuredmedia":[{"embeddable":true,"href":"https:\/\/www.raquelwellness.es\/ca\/wp-json\/wp\/v2\/media\/33812"}],"wp:attachment":[{"href":"https:\/\/www.raquelwellness.es\/ca\/wp-json\/wp\/v2\/media?parent=32604"}],"wp:term":[{"taxonomy":"product_brand","embeddable":true,"href":"https:\/\/www.raquelwellness.es\/ca\/wp-json\/wp\/v2\/product_brand?post=32604"},{"taxonomy":"product_cat","embeddable":true,"href":"https:\/\/www.raquelwellness.es\/ca\/wp-json\/wp\/v2\/product_cat?post=32604"},{"taxonomy":"product_tag","embeddable":true,"href":"https:\/\/www.raquelwellness.es\/ca\/wp-json\/wp\/v2\/product_tag?post=32604"}],"curies":[{"name":"wp","href":"https:\/\/api.w.org\/{rel}","templated":true}]}}