{"id":32605,"date":"2021-08-04T16:57:10","date_gmt":"2021-08-04T14:57:10","guid":{"rendered":"https:\/\/www.raquelwellness.es\/?post_type=product&#038;p=32605"},"modified":"2024-01-12T13:03:00","modified_gmt":"2024-01-12T12:03:00","slug":"lifting-complex-ha-collagen","status":"publish","type":"product","link":"https:\/\/www.raquelwellness.es\/ca\/tienda-online\/lifting-complex-ha-collagen\/","title":{"rendered":"LIFTING COMPLEX HA &#038; COLLAGEN"},"content":{"rendered":"<p>El suplemento nutricional Lifting Complex HA &amp; Collagen de Massada es el complemento ideal a los tratamientos anti-aging. Su exclusiva formula a base de Col\u00e1geno y \u00c1cido Hialur\u00f3nico, tan esenciales en la estructura de nuestra piel, hacen de este complemento nutricional el aliado perfecto en tu rutina de belleza diaria.<\/p>\n<p>El \u00c1cido Hialur\u00f3nico hidrata, retiene agua, mantiene la elasticidad de la piel y activa la multiplicaci\u00f3n de las c\u00e9lulas responsables de la s\u00edntesis de col\u00e1geno. El Col\u00e1geno es una prote\u00edna fundamental de la piel, presente tambi\u00e9n en muchos tejidos conectivos. Act\u00faa de soporte y mantiene la firmeza de la piel, aport\u00e1ndole a su vez elasticidad y belleza. Con la edad su producci\u00f3n disminuye, siendo necesario un aporte extra de \u00e1cido hialur\u00f3nico y col\u00e1geno para mantener la juventud de la piel.<\/p>\n","protected":false},"excerpt":{"rendered":"<p>El suplemento nutricional Lifting Complex HA &amp; Collagen de Massada es el complemento ideal a los tratamientos anti-aging. Su exclusiva formula a base de Col\u00e1geno y \u00c1cido Hialur\u00f3nico, tan esenciales en la estructura de nuestra piel, hacen de este complemento nutricional el aliado perfecto en tu rutina de belleza diaria. El \u00c1cido Hialur\u00f3nico hidrata, retiene [&hellip;]<\/p>\n","protected":false},"featured_media":33809,"template":"","meta":{"_et_pb_use_builder":"","_et_pb_old_content":"","_et_gb_content_width":""},"product_brand":[],"product_cat":[189,190,197],"product_tag":[],"class_list":{"0":"post-32605","1":"product","2":"type-product","3":"status-publish","4":"has-post-thumbnail","6":"product_cat-cremes","7":"product_cat-cremes-corporals","8":"product_cat-cosmetics-massada","10":"first","11":"instock","12":"taxable","13":"shipping-taxable","14":"purchasable","15":"product-type-simple"},"_links":{"self":[{"href":"https:\/\/www.raquelwellness.es\/ca\/wp-json\/wp\/v2\/product\/32605","targetHints":{"allow":["GET"]}}],"collection":[{"href":"https:\/\/www.raquelwellness.es\/ca\/wp-json\/wp\/v2\/product"}],"about":[{"href":"https:\/\/www.raquelwellness.es\/ca\/wp-json\/wp\/v2\/types\/product"}],"wp:featuredmedia":[{"embeddable":true,"href":"https:\/\/www.raquelwellness.es\/ca\/wp-json\/wp\/v2\/media\/33809"}],"wp:attachment":[{"href":"https:\/\/www.raquelwellness.es\/ca\/wp-json\/wp\/v2\/media?parent=32605"}],"wp:term":[{"taxonomy":"product_brand","embeddable":true,"href":"https:\/\/www.raquelwellness.es\/ca\/wp-json\/wp\/v2\/product_brand?post=32605"},{"taxonomy":"product_cat","embeddable":true,"href":"https:\/\/www.raquelwellness.es\/ca\/wp-json\/wp\/v2\/product_cat?post=32605"},{"taxonomy":"product_tag","embeddable":true,"href":"https:\/\/www.raquelwellness.es\/ca\/wp-json\/wp\/v2\/product_tag?post=32605"}],"curies":[{"name":"wp","href":"https:\/\/api.w.org\/{rel}","templated":true}]}}