{"id":33939,"date":"2024-12-17T08:29:31","date_gmt":"2024-12-17T07:29:31","guid":{"rendered":"https:\/\/www.raquelwellness.es\/?post_type=product&#038;p=33939"},"modified":"2024-12-17T08:35:26","modified_gmt":"2024-12-17T07:35:26","slug":"cofre-navidad-acido-hialuronico-2024","status":"publish","type":"product","link":"https:\/\/www.raquelwellness.es\/ca\/tienda-online\/cofre-navidad-acido-hialuronico-2024\/","title":{"rendered":"COFRE NAVIDAD ACIDO HIALURONICO 2024"},"content":{"rendered":"<p>COFRE REGALO \u00c1CIDO HIALUR\u00d3NICO con<strong>\u00a0DESCUENTO<\/strong><\/p>\n<p><strong>Un d\u00fao de productos con un poder reafirmante \u00fanico<\/strong><\/p>\n<p>Este cofre re\u00fane dos de nuestros productos top ventas: el s\u00e9rum Lifting Serum Hyaluronic Acid que, gracias a su acci\u00f3n inmediata, resulta adictivo para la piel y la crema Energetic Lifting Complex Cream, una de nuestras cremas m\u00e1s vendidas en 22 pa\u00edses.<\/p>\n<p>Una combinaci\u00f3n ganadora:<\/p>\n<ul>\n<li>Efecto lifting inmediato<\/li>\n<li>Combinaci\u00f3n de \u00e1cido hialur\u00f3nico de diferentes pesos moleculares que penetra en las tres capas de la piel<\/li>\n<li>Eficacia en el relleno de arrugas, regeneraci\u00f3n y firmeza<\/li>\n<li>Resultados visibles y duraderos en el tiempo<\/li>\n<li>La piel luce m\u00e1s joven y radiante<\/li>\n<\/ul>\n<p><strong>El regalo perfecto para esa persona que necesite reafirmar y alisar la piel.<\/strong><\/p>\n<p>Incluye los siguientes productos:<\/p>\n<ul>\n<li>LIFTING SERUM HYALURONIC ACID (30 ml)<\/li>\n<li>ENERGETIC LIFTING COMPLEX CREAM (50 ml)<\/li>\n<\/ul>\n","protected":false},"excerpt":{"rendered":"<p>COFRE REGALO \u00c1CIDO HIALUR\u00d3NICO con\u00a0DESCUENTO Un d\u00fao de productos con un poder reafirmante \u00fanico Este cofre re\u00fane dos de nuestros productos top ventas: el s\u00e9rum Lifting Serum Hyaluronic Acid que, gracias a su acci\u00f3n inmediata, resulta adictivo para la piel y la crema Energetic Lifting Complex Cream, una de nuestras cremas m\u00e1s vendidas en 22 [&hellip;]<\/p>\n","protected":false},"featured_media":33940,"template":"","meta":{"_et_pb_use_builder":"","_et_pb_old_content":"","_et_gb_content_width":""},"product_brand":[],"product_cat":[160,235],"product_tag":[],"class_list":{"0":"post-33939","1":"product","2":"type-product","3":"status-publish","4":"has-post-thumbnail","6":"product_cat-massada","7":"product_cat-navidad","9":"first","10":"instock","11":"sale","12":"taxable","13":"shipping-taxable","14":"purchasable","15":"product-type-simple"},"_links":{"self":[{"href":"https:\/\/www.raquelwellness.es\/ca\/wp-json\/wp\/v2\/product\/33939","targetHints":{"allow":["GET"]}}],"collection":[{"href":"https:\/\/www.raquelwellness.es\/ca\/wp-json\/wp\/v2\/product"}],"about":[{"href":"https:\/\/www.raquelwellness.es\/ca\/wp-json\/wp\/v2\/types\/product"}],"wp:featuredmedia":[{"embeddable":true,"href":"https:\/\/www.raquelwellness.es\/ca\/wp-json\/wp\/v2\/media\/33940"}],"wp:attachment":[{"href":"https:\/\/www.raquelwellness.es\/ca\/wp-json\/wp\/v2\/media?parent=33939"}],"wp:term":[{"taxonomy":"product_brand","embeddable":true,"href":"https:\/\/www.raquelwellness.es\/ca\/wp-json\/wp\/v2\/product_brand?post=33939"},{"taxonomy":"product_cat","embeddable":true,"href":"https:\/\/www.raquelwellness.es\/ca\/wp-json\/wp\/v2\/product_cat?post=33939"},{"taxonomy":"product_tag","embeddable":true,"href":"https:\/\/www.raquelwellness.es\/ca\/wp-json\/wp\/v2\/product_tag?post=33939"}],"curies":[{"name":"wp","href":"https:\/\/api.w.org\/{rel}","templated":true}]}}