{"id":33958,"date":"2024-12-17T08:30:25","date_gmt":"2024-12-17T07:30:25","guid":{"rendered":"https:\/\/www.raquelwellness.es\/?post_type=product&#038;p=33958"},"modified":"2024-12-17T08:35:20","modified_gmt":"2024-12-17T07:35:20","slug":"cofre-navidad-bio-celular-2024","status":"publish","type":"product","link":"https:\/\/www.raquelwellness.es\/ca\/tienda-online\/cofre-navidad-bio-celular-2024\/","title":{"rendered":"COFRE NAVIDAD BIO CELULAR 2024"},"content":{"rendered":"<p>COFRE REGALO BIO CELULAR con\u00a0<strong>DESCUENTO<\/strong><\/p>\n<p><strong>Devuelve el confort y la salud a la piel<\/strong><\/p>\n<p>Este cofre re\u00fane dos productos indispensables con certificado Ecocert. Ideales para pieles que necesiten una regeneraci\u00f3n intensiva, adem\u00e1s de muy sensibles o reactivas, o sometidas a factores adversos extremos (exposici\u00f3n solar excesiva, una intervenci\u00f3n m\u00e9dico-est\u00e9tica&#8230;).<\/p>\n<p>\u00bfQu\u00e9 consiguen esta crema facial y el contorno de ojos?:<\/p>\n<p><strong>Regeneran, estimulan y potencian la energ\u00eda celular de la piel.<\/strong><\/p>\n<ul>\n<li>La crema mantiene la hidrataci\u00f3n durante todo el d\u00eda, combate\u00a0los signos del envejecimiento gracias a su acci\u00f3n antioxidante y reaviva la energ\u00eda de la piel.<\/li>\n<li>El contorno combate los 4 principales problemas de este \u00e1rea: reduce la profundidad de las arrugas; drena y mejora la microcirculaci\u00f3n de las bolsas; aten\u00faa ojeras y reafirma el contorno ayudando a elevar los p\u00e1rpados.<\/li>\n<\/ul>\n<p><strong>El resultado es una piel revitalizada, con m\u00e1s energ\u00eda y regenerada en profundidad.<\/strong><\/p>\n<p>Incluye los siguientes productos:<\/p>\n<ul>\n<li>BIOCELLULAR\u00a0REGENERATING CREAM (50 ml)<\/li>\n<li>BIOCELLULAR TOTAL EYE CONTOUR (15 ml)<\/li>\n<\/ul>\n","protected":false},"excerpt":{"rendered":"<p>COFRE REGALO BIO CELULAR con\u00a0DESCUENTO Devuelve el confort y la salud a la piel Este cofre re\u00fane dos productos indispensables con certificado Ecocert. Ideales para pieles que necesiten una regeneraci\u00f3n intensiva, adem\u00e1s de muy sensibles o reactivas, o sometidas a factores adversos extremos (exposici\u00f3n solar excesiva, una intervenci\u00f3n m\u00e9dico-est\u00e9tica&#8230;). \u00bfQu\u00e9 consiguen esta crema facial y [&hellip;]<\/p>\n","protected":false},"featured_media":33942,"template":"","meta":{"_et_pb_use_builder":"","_et_pb_old_content":"","_et_gb_content_width":""},"product_brand":[],"product_cat":[160,235],"product_tag":[],"class_list":{"0":"post-33958","1":"product","2":"type-product","3":"status-publish","4":"has-post-thumbnail","6":"product_cat-massada","7":"product_cat-navidad","9":"first","10":"instock","11":"sale","12":"taxable","13":"shipping-taxable","14":"purchasable","15":"product-type-simple"},"_links":{"self":[{"href":"https:\/\/www.raquelwellness.es\/ca\/wp-json\/wp\/v2\/product\/33958","targetHints":{"allow":["GET"]}}],"collection":[{"href":"https:\/\/www.raquelwellness.es\/ca\/wp-json\/wp\/v2\/product"}],"about":[{"href":"https:\/\/www.raquelwellness.es\/ca\/wp-json\/wp\/v2\/types\/product"}],"wp:featuredmedia":[{"embeddable":true,"href":"https:\/\/www.raquelwellness.es\/ca\/wp-json\/wp\/v2\/media\/33942"}],"wp:attachment":[{"href":"https:\/\/www.raquelwellness.es\/ca\/wp-json\/wp\/v2\/media?parent=33958"}],"wp:term":[{"taxonomy":"product_brand","embeddable":true,"href":"https:\/\/www.raquelwellness.es\/ca\/wp-json\/wp\/v2\/product_brand?post=33958"},{"taxonomy":"product_cat","embeddable":true,"href":"https:\/\/www.raquelwellness.es\/ca\/wp-json\/wp\/v2\/product_cat?post=33958"},{"taxonomy":"product_tag","embeddable":true,"href":"https:\/\/www.raquelwellness.es\/ca\/wp-json\/wp\/v2\/product_tag?post=33958"}],"curies":[{"name":"wp","href":"https:\/\/api.w.org\/{rel}","templated":true}]}}