{"id":33960,"date":"2024-12-17T08:32:03","date_gmt":"2024-12-17T07:32:03","guid":{"rendered":"https:\/\/www.raquelwellness.es\/?post_type=product&#038;p=33960"},"modified":"2024-12-17T08:34:58","modified_gmt":"2024-12-17T07:34:58","slug":"cofre-navidad-pieles-sensibles-2024","status":"publish","type":"product","link":"https:\/\/www.raquelwellness.es\/ca\/tienda-online\/cofre-navidad-pieles-sensibles-2024\/","title":{"rendered":"COFRE NAVIDAD PIELES SENSIBLES 2024"},"content":{"rendered":"<p>COFRE REGALO PIELES\u00a0SENSIBLES con<strong>\u00a0DESCUENTO<\/strong><\/p>\n<p><strong>El regalo perfecto para pieles\u00a0sensibles de cualquier edad y tipo de piel<\/strong><\/p>\n<p>El s\u00e9rum<strong>\u00a0Prebiotic Booster\u00a0<\/strong>nutre en profundidad gracias a su f\u00f3rmula de alto rendimiento compuesta por un exclusivo\u00a0prebi\u00f3tico marino\u00a0con acci\u00f3n reequilibrante.\u00a0Su concentrado de activos, como el \u00e1cido hialur\u00f3nico vegano,\u00a0hidrata intensamente y calma la piel.<\/p>\n<p>La crema\u00a0<strong>Sensitive Skin Cream\u00a0<\/strong>fortalece la piel protegi\u00e9ndola de la contaminaci\u00f3n y previene la aparici\u00f3n de irritaciones y enrojecimientos. Adem\u00e1s, los prebi\u00f3ticos marinos biotecnol\u00f3gicos que contiene equilibran la flora facial.<\/p>\n<p>Incluye los siguientes productos:<\/p>\n<ul>\n<li>PREBIOTIC BOOSTER (30 ml)<\/li>\n<li>SENSITIVE SKIN CREAM (50 ml)<\/li>\n<\/ul>\n","protected":false},"excerpt":{"rendered":"<p>COFRE REGALO PIELES\u00a0SENSIBLES con\u00a0DESCUENTO El regalo perfecto para pieles\u00a0sensibles de cualquier edad y tipo de piel El s\u00e9rum\u00a0Prebiotic Booster\u00a0nutre en profundidad gracias a su f\u00f3rmula de alto rendimiento compuesta por un exclusivo\u00a0prebi\u00f3tico marino\u00a0con acci\u00f3n reequilibrante.\u00a0Su concentrado de activos, como el \u00e1cido hialur\u00f3nico vegano,\u00a0hidrata intensamente y calma la piel. La crema\u00a0Sensitive Skin Cream\u00a0fortalece la piel protegi\u00e9ndola [&hellip;]<\/p>\n","protected":false},"featured_media":33954,"template":"","meta":{"_et_pb_use_builder":"","_et_pb_old_content":"","_et_gb_content_width":""},"product_brand":[],"product_cat":[160,235],"product_tag":[],"class_list":{"0":"post-33960","1":"product","2":"type-product","3":"status-publish","4":"has-post-thumbnail","6":"product_cat-massada","7":"product_cat-navidad","9":"first","10":"onbackorder","11":"sale","12":"taxable","13":"shipping-taxable","14":"purchasable","15":"product-type-simple"},"_links":{"self":[{"href":"https:\/\/www.raquelwellness.es\/ca\/wp-json\/wp\/v2\/product\/33960","targetHints":{"allow":["GET"]}}],"collection":[{"href":"https:\/\/www.raquelwellness.es\/ca\/wp-json\/wp\/v2\/product"}],"about":[{"href":"https:\/\/www.raquelwellness.es\/ca\/wp-json\/wp\/v2\/types\/product"}],"wp:featuredmedia":[{"embeddable":true,"href":"https:\/\/www.raquelwellness.es\/ca\/wp-json\/wp\/v2\/media\/33954"}],"wp:attachment":[{"href":"https:\/\/www.raquelwellness.es\/ca\/wp-json\/wp\/v2\/media?parent=33960"}],"wp:term":[{"taxonomy":"product_brand","embeddable":true,"href":"https:\/\/www.raquelwellness.es\/ca\/wp-json\/wp\/v2\/product_brand?post=33960"},{"taxonomy":"product_cat","embeddable":true,"href":"https:\/\/www.raquelwellness.es\/ca\/wp-json\/wp\/v2\/product_cat?post=33960"},{"taxonomy":"product_tag","embeddable":true,"href":"https:\/\/www.raquelwellness.es\/ca\/wp-json\/wp\/v2\/product_tag?post=33960"}],"curies":[{"name":"wp","href":"https:\/\/api.w.org\/{rel}","templated":true}]}}