{"id":33961,"date":"2024-12-17T08:32:49","date_gmt":"2024-12-17T07:32:49","guid":{"rendered":"https:\/\/www.raquelwellness.es\/?post_type=product&#038;p=33961"},"modified":"2024-12-17T08:33:46","modified_gmt":"2024-12-17T07:33:46","slug":"cofre-navidad-massmed-dna-nature-2024","status":"publish","type":"product","link":"https:\/\/www.raquelwellness.es\/ca\/tienda-online\/cofre-navidad-massmed-dna-nature-2024\/","title":{"rendered":"COFRE NAVIDAD MASSMED DNA NATURE 2024"},"content":{"rendered":"<p>COFRE REGALO MASSMED DNA NATURE con<strong>\u00a0DESCUENTO<\/strong><\/p>\n<p><strong>Un d\u00fao de productos que repara el ADN celular y rejuvenece la piel madura<\/strong><\/p>\n<p>Este cofre contiene la crema DNA Nature Multi-Action Supreme Cream, para una piel lisa y rejuvenecida, y el contorno DNA Nature 5 in 1 Eye Contour, con 5 acciones en un solo producto.<\/p>\n<p>El tratamiento ideal para la pieles m\u00e1s maduras o envejecidas prematuramente:<\/p>\n<ul>\n<li>Combinaci\u00f3n de\u00a0activos procedentes de biotecnolog\u00eda org\u00e1nica y extractos naturales<\/li>\n<li>Productos multiacci\u00f3n\u00a0que act\u00faan en el n\u00facleo celular reparando el ADN<\/li>\n<li>El contorno de ojos\u00a0<strong>alisa arrugas, minimiza bolsas, aten\u00faa ojeras, trata el p\u00e1rpado ca\u00eddo y repara el ADN<\/strong><\/li>\n<li>La crema<strong>repara el ADN y restaura la piel dot\u00e1ndole de juventud y belleza<\/strong><\/li>\n<\/ul>\n<p>Incluye los siguientes productos:<\/p>\n<ul>\n<li>DNA NATURE MULTI-ACTION SUPREME CREAM (50 ml)<\/li>\n<li>DNA NATURE 5 IN 1 EYE CONTOUR (15 ml)<\/li>\n<\/ul>\n","protected":false},"excerpt":{"rendered":"<p>COFRE REGALO MASSMED DNA NATURE con\u00a0DESCUENTO Un d\u00fao de productos que repara el ADN celular y rejuvenece la piel madura Este cofre contiene la crema DNA Nature Multi-Action Supreme Cream, para una piel lisa y rejuvenecida, y el contorno DNA Nature 5 in 1 Eye Contour, con 5 acciones en un solo producto. El tratamiento [&hellip;]<\/p>\n","protected":false},"featured_media":33946,"template":"","meta":{"_et_pb_use_builder":"","_et_pb_old_content":"","_et_gb_content_width":""},"product_brand":[],"product_cat":[160,235],"product_tag":[],"class_list":{"0":"post-33961","1":"product","2":"type-product","3":"status-publish","4":"has-post-thumbnail","6":"product_cat-massada","7":"product_cat-navidad","9":"first","10":"instock","11":"sale","12":"taxable","13":"shipping-taxable","14":"purchasable","15":"product-type-simple"},"_links":{"self":[{"href":"https:\/\/www.raquelwellness.es\/ca\/wp-json\/wp\/v2\/product\/33961","targetHints":{"allow":["GET"]}}],"collection":[{"href":"https:\/\/www.raquelwellness.es\/ca\/wp-json\/wp\/v2\/product"}],"about":[{"href":"https:\/\/www.raquelwellness.es\/ca\/wp-json\/wp\/v2\/types\/product"}],"wp:featuredmedia":[{"embeddable":true,"href":"https:\/\/www.raquelwellness.es\/ca\/wp-json\/wp\/v2\/media\/33946"}],"wp:attachment":[{"href":"https:\/\/www.raquelwellness.es\/ca\/wp-json\/wp\/v2\/media?parent=33961"}],"wp:term":[{"taxonomy":"product_brand","embeddable":true,"href":"https:\/\/www.raquelwellness.es\/ca\/wp-json\/wp\/v2\/product_brand?post=33961"},{"taxonomy":"product_cat","embeddable":true,"href":"https:\/\/www.raquelwellness.es\/ca\/wp-json\/wp\/v2\/product_cat?post=33961"},{"taxonomy":"product_tag","embeddable":true,"href":"https:\/\/www.raquelwellness.es\/ca\/wp-json\/wp\/v2\/product_tag?post=33961"}],"curies":[{"name":"wp","href":"https:\/\/api.w.org\/{rel}","templated":true}]}}